{"id":9721,"date":"2026-05-14T18:15:31","date_gmt":"2026-05-14T16:15:31","guid":{"rendered":"https:\/\/le-gout-des-autres.net\/WordPress3\/?page_id=9721"},"modified":"2026-05-14T18:15:31","modified_gmt":"2026-05-14T16:15:31","slug":"grace-a-leau-ice-pops-artisanales","status":"publish","type":"page","link":"https:\/\/le-gout-des-autres.net\/WordPress3\/grace-a-leau-ice-pops-artisanales\/","title":{"rendered":"Gr\u00e2ce \u00e0 l&rsquo;eau ICE POPS artisanales"},"content":{"rendered":"\n<h2 class=\"wp-block-heading\">Visite de la ferme de Gemma notre productrice de glaces \u00e0 l\u2019eau d\u00e9licieuses le 10\/07\/24.<\/h2>\n\n\n\n<h3 class=\"wp-block-heading\">Historique d\u2019installation et organisation&nbsp;:<\/h3>\n\n\n\n<p><strong>Gemma <\/strong>est en France depuis plus de 20 ans maintenant. Elle s\u2019est install\u00e9e avec son mari il y a un peu plus de 12 ans \u00e0 la<strong> ferme Les jardins d\u2019En Bordis<\/strong> \u00e0 Maureville apr\u00e8s avoir rachet\u00e9 la ferme avec la SAFER et apr\u00e8s avoir obtenu son brevet d\u2019exploitant mara\u00eecher.<\/p>\n\n\n\n<p>Elle monte tout d\u2019abord une amap avec environ 30 paniers qui dure plus de 7 ans. Pendant 2 ans et en parall\u00e8le de son amap, elle commencera \u00e0 penser, cr\u00e9er et commercialiser ses premi\u00e8res Ice Pops et cela fait maintenant un peu plus de 5 ans qu\u2019elle s\u2019est concentr\u00e9 uniquement sur cette activit\u00e9 et \u00e0 abandonner le maraichage.<\/p>\n\n\n\n<p>Elle vend ses Ice Pops*, <strong>dans les groupements d\u2019achats, lors de march\u00e9s ou de festivals<\/strong>.<\/p>\n\n\n\n<h3 class=\"wp-block-heading\">Engagement et valeurs&nbsp;:<\/h3>\n\n\n\n<p>Actuellement, Gemma cultive ses fruits et ses aromates sur une surface d\u2019environ 1000m\u00b2 en agriculture biologique.<\/p>\n\n\n\n<p>Elle r\u00e9cup\u00e8re l\u2019eau sur sa ferme dans un <strong>bassin naturel<\/strong> pour l\u2019arrosage de ses cultures et \u00eatre autonome.<\/p>\n\n\n\n<p>Sa saison de travail est d\u2019<strong>avril \u00e0 septembre<\/strong>. \u00a0Elle cultive, fraises,\u00a0melon, groseille, sureau, amande, cerises, concombre, menthe, basilic, rhubarbe, prune et tomate.<\/p>\n\n\n\n<p>Les ingr\u00e9dients de ses glaces sont tous <strong>cueillis \u00e0 maturit\u00e9<\/strong> pour une qualit\u00e9 gustative optimale, elle y rajoute de l\u2019eau un peu de sucre de canne et c\u2019est tout\u00a0! Ces Ice Pops seront ensuite conserv\u00e9es en cong\u00e9lateur pour que la magie op\u00e8re.<\/p>\n\n\n\n<p>Les glaces de Gemma sont 100% Bio,100% VEGAN,&nbsp;0% GLUTEN,&nbsp;0% LACTOSE.<\/p>\n\n\n\n<p>* <strong><em>Ice pop<\/em> <\/strong><em>n.(mot anglais der. Popsicle TM.) Glace artisanale sur b\u00e2tonnet, b\u00e2tonnet glac\u00e9 ou sucette glac\u00e9e SYN. glace \u00e0 l&rsquo;eau<\/em><\/p>\n\n\n\n<p>Son site : <a href=\"https:\/\/www.gracealeau.com\/\" target=\"_blank\" rel=\"noreferrer noopener\">https:\/\/www.gracealeau.com\/<\/a><\/p>\n\n\n\n<figure class=\"wp-block-image size-full\"><a href=\"https:\/\/le-gout-des-autres.net\/WordPress3\/wp-content\/uploads\/2026\/05\/glace.jpg\"><img loading=\"lazy\" decoding=\"async\" width=\"786\" height=\"696\" src=\"https:\/\/le-gout-des-autres.net\/WordPress3\/wp-content\/uploads\/2026\/05\/glace.jpg\" alt=\"\" class=\"wp-image-9722\" srcset=\"https:\/\/le-gout-des-autres.net\/WordPress3\/wp-content\/uploads\/2026\/05\/glace.jpg 786w, https:\/\/le-gout-des-autres.net\/WordPress3\/wp-content\/uploads\/2026\/05\/glace-300x266.jpg 300w, https:\/\/le-gout-des-autres.net\/WordPress3\/wp-content\/uploads\/2026\/05\/glace-768x680.jpg 768w\" sizes=\"auto, (max-width: 786px) 100vw, 786px\" \/><\/a><\/figure>\n","protected":false},"excerpt":{"rendered":"<p>Visite de la ferme de Gemma notre productrice de glaces \u00e0 l\u2019eau d\u00e9licieuses le 10\/07\/24. Historique d\u2019installation et organisation&nbsp;: Gemma est en France depuis plus de 20 ans maintenant. Elle s\u2019est install\u00e9e avec son mari il y a un peu plus de 12 ans \u00e0 la ferme Les jardins d\u2019En Bordis \u00e0 Maureville apr\u00e8s avoir &#8230;<br \/><a class=\"read-more-link btn btn-outline-secondary\" href=\"https:\/\/le-gout-des-autres.net\/WordPress3\/grace-a-leau-ice-pops-artisanales\/\">Lire la suite<\/a><\/p>\n","protected":false},"author":6,"featured_media":0,"parent":0,"menu_order":0,"comment_status":"closed","ping_status":"closed","template":"","meta":{"footnotes":""},"class_list":["post-9721","page","type-page","status-publish","hentry"],"post_mailing_queue_ids":[],"_links":{"self":[{"href":"https:\/\/le-gout-des-autres.net\/WordPress3\/wp-json\/wp\/v2\/pages\/9721","targetHints":{"allow":["GET"]}}],"collection":[{"href":"https:\/\/le-gout-des-autres.net\/WordPress3\/wp-json\/wp\/v2\/pages"}],"about":[{"href":"https:\/\/le-gout-des-autres.net\/WordPress3\/wp-json\/wp\/v2\/types\/page"}],"author":[{"embeddable":true,"href":"https:\/\/le-gout-des-autres.net\/WordPress3\/wp-json\/wp\/v2\/users\/6"}],"replies":[{"embeddable":true,"href":"https:\/\/le-gout-des-autres.net\/WordPress3\/wp-json\/wp\/v2\/comments?post=9721"}],"version-history":[{"count":1,"href":"https:\/\/le-gout-des-autres.net\/WordPress3\/wp-json\/wp\/v2\/pages\/9721\/revisions"}],"predecessor-version":[{"id":9723,"href":"https:\/\/le-gout-des-autres.net\/WordPress3\/wp-json\/wp\/v2\/pages\/9721\/revisions\/9723"}],"wp:attachment":[{"href":"https:\/\/le-gout-des-autres.net\/WordPress3\/wp-json\/wp\/v2\/media?parent=9721"}],"curies":[{"name":"wp","href":"https:\/\/api.w.org\/{rel}","templated":true}]}}