{"id":9146,"date":"2025-09-16T18:03:05","date_gmt":"2025-09-16T16:03:05","guid":{"rendered":"https:\/\/le-gout-des-autres.net\/WordPress3\/?page_id=9146"},"modified":"2025-09-16T18:27:59","modified_gmt":"2025-09-16T16:27:59","slug":"nicolas-fait-pousser-les-idees-comme-des-champignons","status":"publish","type":"page","link":"https:\/\/le-gout-des-autres.net\/WordPress3\/nicolas-fait-pousser-les-idees-comme-des-champignons\/","title":{"rendered":"Nicolas fait pousser les id\u00e9es\u2026 comme des champignons !"},"content":{"rendered":"\n<h3 class=\"wp-block-heading\"><strong>R\u00e9sum\u00e9 de la visite chez Nicolas Supery (Moussoune Productions) \u2013 23\/10\/2023<\/strong><\/h3>\n\n\n\n<p>Une d\u00e9l\u00e9gation du GDA (Dorine, Val\u00e9rie, Claire, Laurence) a visit\u00e9 l\u2019exploitation de champignons <strong>biologiques<\/strong> de Nicolas Supery en Ari\u00e8ge. Son projet allie <strong>production locale, \u00e9chelle humaine et \u00e9thique<\/strong>, en phase avec les valeurs du GDA. Son site web : <a href=\"https:\/\/moussoune-productions.fr\/\" target=\"_blank\" rel=\"noreferrer noopener\">https:\/\/moussoune-productions.fr\/<\/a><\/p>\n\n\n\n<p><strong>Production et m\u00e9thodes<\/strong> :<\/p>\n\n\n\n<ul class=\"wp-block-list\">\n<li><strong>2 serres<\/strong> (150 m\u00b2 et 250 m\u00b2) d\u00e9di\u00e9es :\n<ul class=\"wp-block-list\">\n<li><em>Pleurotes<\/em> (hygrom\u00e9trie mod\u00e9r\u00e9e).<\/li>\n\n\n\n<li><em>Shiitak\u00e9s<\/em> (hygrom\u00e9trie \u00e9lev\u00e9e, g\u00e9r\u00e9e par brumisateurs aliment\u00e9s en eau du r\u00e9seau).<\/li>\n<\/ul>\n<\/li>\n\n\n\n<li><strong>\u00c9nergie verte<\/strong> (fournisseur local) et <strong>autonomie<\/strong> : installation auto-construite avec sa famille, sans dette externe.<\/li>\n\n\n\n<li><strong>Certification bio<\/strong> et <strong>rentabilit\u00e9 atteinte<\/strong>, malgr\u00e9 un travail solo (sa femme a un emploi salari\u00e9 \u00e0 c\u00f4t\u00e9).<\/li>\n<\/ul>\n\n\n\n<p><strong>Innovations et projets<\/strong> :<\/p>\n\n\n\n<ul class=\"wp-block-list\">\n<li><strong>Laboratoire de transformation<\/strong> pour des <strong>tartinades \u00e0 80% de champignons<\/strong> (gingembre, olive\u2026).<\/li>\n\n\n\n<li><strong>S\u00e9choir solaire<\/strong> envisag\u00e9 pour r\u00e9duire la consommation \u00e9lectrique.<\/li>\n\n\n\n<li><strong>Nouveaux produits<\/strong> et essais de nouvelles esp\u00e8ces (hors champignons de Paris).<\/li>\n<\/ul>\n\n\n\n<p><strong>Commercialisation<\/strong> :<\/p>\n\n\n\n<ul class=\"wp-block-list\">\n<li>Vente <strong>locale<\/strong> (march\u00e9s comme celui du Mas d\u2019Azil, Biocoop).<\/li>\n\n\n\n<li>Le GDA et les AMAP repr\u00e9sentent une <strong>faible part des revenus<\/strong>, mais Nicolas appr\u00e9cie leur <strong>\u00e9thique<\/strong> et l\u2019ambiance collaborative.<\/li>\n<\/ul>\n\n\n\n<p><strong>Engagement et valeurs<\/strong> : Nicolas refuse de vendre \u00e0 des structures jug\u00e9es <strong>peu \u00e9thiques<\/strong>. Il pr\u00f4ne un <strong>rapport direct et respectueux<\/strong> entre producteurs et consommateurs, avec une <strong>alimentation saine et locale<\/strong>.<\/p>\n\n\n\n<p><strong>Points forts<\/strong> : \u2705 <strong>Autonomie<\/strong> (technique et financi\u00e8re). \u2705 <strong>\u00c9cologie<\/strong> (\u00e9nergie verte, gestion de l\u2019eau, projets low-tech). \u2705 <strong>Ad\u00e9quation avec le GDA<\/strong> : valeurs partag\u00e9es et potentiel de collaboration future.<\/p>\n\n\n\n<hr class=\"wp-block-separator has-alpha-channel-opacity\"\/>\n\n\n\n<figure class=\"wp-block-image\"><img loading=\"lazy\" decoding=\"async\" width=\"1024\" height=\"576\" src=\"https:\/\/le-gout-des-autres.net\/WordPress3\/wp-content\/uploads\/2025\/09\/PXL_20231023_1332145581-1024x576.jpg\" alt=\"\" class=\"wp-image-9147\" srcset=\"https:\/\/le-gout-des-autres.net\/WordPress3\/wp-content\/uploads\/2025\/09\/PXL_20231023_1332145581-1024x576.jpg 1024w, https:\/\/le-gout-des-autres.net\/WordPress3\/wp-content\/uploads\/2025\/09\/PXL_20231023_1332145581-300x169.jpg 300w, https:\/\/le-gout-des-autres.net\/WordPress3\/wp-content\/uploads\/2025\/09\/PXL_20231023_1332145581-768x432.jpg 768w, https:\/\/le-gout-des-autres.net\/WordPress3\/wp-content\/uploads\/2025\/09\/PXL_20231023_1332145581-1536x864.jpg 1536w, https:\/\/le-gout-des-autres.net\/WordPress3\/wp-content\/uploads\/2025\/09\/PXL_20231023_1332145581-2048x1152.jpg 2048w\" sizes=\"auto, (max-width: 1024px) 100vw, 1024px\" \/><figcaption class=\"wp-element-caption\">L\u2019entr\u00e9e des serres, que l\u2019on devine derri\u00e8re.<\/figcaption><\/figure>\n\n\n\n<hr class=\"wp-block-separator has-alpha-channel-opacity\"\/>\n\n\n\n<figure class=\"wp-block-image size-large\"><a href=\"https:\/\/le-gout-des-autres.net\/WordPress3\/wp-content\/uploads\/2025\/09\/serres_moussoune.jpg\"><img loading=\"lazy\" decoding=\"async\" width=\"1024\" height=\"683\" src=\"https:\/\/le-gout-des-autres.net\/WordPress3\/wp-content\/uploads\/2025\/09\/serres_moussoune-1024x683.jpg\" alt=\"\" class=\"wp-image-9148\" srcset=\"https:\/\/le-gout-des-autres.net\/WordPress3\/wp-content\/uploads\/2025\/09\/serres_moussoune-1024x683.jpg 1024w, https:\/\/le-gout-des-autres.net\/WordPress3\/wp-content\/uploads\/2025\/09\/serres_moussoune-300x200.jpg 300w, https:\/\/le-gout-des-autres.net\/WordPress3\/wp-content\/uploads\/2025\/09\/serres_moussoune-768x512.jpg 768w, https:\/\/le-gout-des-autres.net\/WordPress3\/wp-content\/uploads\/2025\/09\/serres_moussoune-1536x1024.jpg 1536w, https:\/\/le-gout-des-autres.net\/WordPress3\/wp-content\/uploads\/2025\/09\/serres_moussoune-2048x1366.jpg 2048w\" sizes=\"auto, (max-width: 1024px) 100vw, 1024px\" \/><\/a><figcaption class=\"wp-element-caption\">Les brumisateurs se sont d\u00e9clench\u00e9s&nbsp;!&#8230; (serre des shiitak\u00e9s)<\/figcaption><\/figure>\n\n\n\n<p><em>\u00c0 noter<\/em> : Les shiitak\u00e9s <strong>ne se consomment pas crus<\/strong>.<\/p>\n\n\n\n<div class=\"wp-block-media-text is-stacked-on-mobile\" style=\"grid-template-columns:21% auto\"><figure class=\"wp-block-media-text__media\"><img loading=\"lazy\" decoding=\"async\" width=\"576\" height=\"1024\" src=\"https:\/\/le-gout-des-autres.net\/WordPress3\/wp-content\/uploads\/2025\/09\/PXL_20231023_1237278281-576x1024.jpg\" alt=\"\" class=\"wp-image-9149 size-full\" srcset=\"https:\/\/le-gout-des-autres.net\/WordPress3\/wp-content\/uploads\/2025\/09\/PXL_20231023_1237278281-576x1024.jpg 576w, https:\/\/le-gout-des-autres.net\/WordPress3\/wp-content\/uploads\/2025\/09\/PXL_20231023_1237278281-169x300.jpg 169w, https:\/\/le-gout-des-autres.net\/WordPress3\/wp-content\/uploads\/2025\/09\/PXL_20231023_1237278281-768x1365.jpg 768w, https:\/\/le-gout-des-autres.net\/WordPress3\/wp-content\/uploads\/2025\/09\/PXL_20231023_1237278281-864x1536.jpg 864w, https:\/\/le-gout-des-autres.net\/WordPress3\/wp-content\/uploads\/2025\/09\/PXL_20231023_1237278281-1152x2048.jpg 1152w, https:\/\/le-gout-des-autres.net\/WordPress3\/wp-content\/uploads\/2025\/09\/PXL_20231023_1237278281-scaled.jpg 1440w\" sizes=\"auto, (max-width: 576px) 100vw, 576px\" \/><\/figure><div class=\"wp-block-media-text__content\">\n<p>En pleine pousse !<\/p>\n\n\n\n<figure class=\"wp-block-image size-large\"><a href=\"https:\/\/le-gout-des-autres.net\/WordPress3\/wp-content\/uploads\/2025\/09\/PXL_20231023_122225973.MP1_-scaled.jpg\"><img loading=\"lazy\" decoding=\"async\" width=\"1024\" height=\"576\" src=\"https:\/\/le-gout-des-autres.net\/WordPress3\/wp-content\/uploads\/2025\/09\/PXL_20231023_122225973.MP1_-1024x576.jpg\" alt=\"\" class=\"wp-image-9150\" srcset=\"https:\/\/le-gout-des-autres.net\/WordPress3\/wp-content\/uploads\/2025\/09\/PXL_20231023_122225973.MP1_-1024x576.jpg 1024w, https:\/\/le-gout-des-autres.net\/WordPress3\/wp-content\/uploads\/2025\/09\/PXL_20231023_122225973.MP1_-300x169.jpg 300w, https:\/\/le-gout-des-autres.net\/WordPress3\/wp-content\/uploads\/2025\/09\/PXL_20231023_122225973.MP1_-768x432.jpg 768w, https:\/\/le-gout-des-autres.net\/WordPress3\/wp-content\/uploads\/2025\/09\/PXL_20231023_122225973.MP1_-1536x864.jpg 1536w, https:\/\/le-gout-des-autres.net\/WordPress3\/wp-content\/uploads\/2025\/09\/PXL_20231023_122225973.MP1_-2048x1152.jpg 2048w\" sizes=\"auto, (max-width: 1024px) 100vw, 1024px\" \/><\/a><\/figure>\n<\/div><\/div>\n","protected":false},"excerpt":{"rendered":"<p>R\u00e9sum\u00e9 de la visite chez Nicolas Supery (Moussoune Productions) \u2013 23\/10\/2023 Une d\u00e9l\u00e9gation du GDA (Dorine, Val\u00e9rie, Claire, Laurence) a visit\u00e9 l\u2019exploitation de champignons biologiques de Nicolas Supery en Ari\u00e8ge. Son projet allie production locale, \u00e9chelle humaine et \u00e9thique, en phase avec les valeurs du GDA. Son site web : https:\/\/moussoune-productions.fr\/ Production et m\u00e9thodes : &#8230;<br \/><a class=\"read-more-link btn btn-outline-secondary\" href=\"https:\/\/le-gout-des-autres.net\/WordPress3\/nicolas-fait-pousser-les-idees-comme-des-champignons\/\">Lire la suite<\/a><\/p>\n","protected":false},"author":6,"featured_media":0,"parent":0,"menu_order":0,"comment_status":"closed","ping_status":"closed","template":"","meta":{"footnotes":""},"class_list":["post-9146","page","type-page","status-publish","hentry"],"post_mailing_queue_ids":[],"_links":{"self":[{"href":"https:\/\/le-gout-des-autres.net\/WordPress3\/wp-json\/wp\/v2\/pages\/9146","targetHints":{"allow":["GET"]}}],"collection":[{"href":"https:\/\/le-gout-des-autres.net\/WordPress3\/wp-json\/wp\/v2\/pages"}],"about":[{"href":"https:\/\/le-gout-des-autres.net\/WordPress3\/wp-json\/wp\/v2\/types\/page"}],"author":[{"embeddable":true,"href":"https:\/\/le-gout-des-autres.net\/WordPress3\/wp-json\/wp\/v2\/users\/6"}],"replies":[{"embeddable":true,"href":"https:\/\/le-gout-des-autres.net\/WordPress3\/wp-json\/wp\/v2\/comments?post=9146"}],"version-history":[{"count":4,"href":"https:\/\/le-gout-des-autres.net\/WordPress3\/wp-json\/wp\/v2\/pages\/9146\/revisions"}],"predecessor-version":[{"id":9166,"href":"https:\/\/le-gout-des-autres.net\/WordPress3\/wp-json\/wp\/v2\/pages\/9146\/revisions\/9166"}],"wp:attachment":[{"href":"https:\/\/le-gout-des-autres.net\/WordPress3\/wp-json\/wp\/v2\/media?parent=9146"}],"curies":[{"name":"wp","href":"https:\/\/api.w.org\/{rel}","templated":true}]}}