{"id":7052,"date":"2022-11-21T17:10:11","date_gmt":"2022-11-21T16:10:11","guid":{"rendered":"https:\/\/le-gout-des-autres.net\/WordPress3\/?page_id=7052"},"modified":"2022-11-21T17:13:09","modified_gmt":"2022-11-21T16:13:09","slug":"pizza-leze","status":"publish","type":"page","link":"https:\/\/le-gout-des-autres.net\/WordPress3\/pizza-leze\/","title":{"rendered":"Pizza L\u00e8ze"},"content":{"rendered":"\n<div class=\"wp-block-media-text alignwide is-stacked-on-mobile\" style=\"grid-template-columns:30% auto\"><figure class=\"wp-block-media-text__media\"><img loading=\"lazy\" decoding=\"async\" width=\"885\" height=\"500\" src=\"https:\/\/le-gout-des-autres.net\/WordPress3\/wp-content\/uploads\/2022\/11\/pizza_leze_camille.jpg\" alt=\"\" class=\"wp-image-7053 size-full\" srcset=\"https:\/\/le-gout-des-autres.net\/WordPress3\/wp-content\/uploads\/2022\/11\/pizza_leze_camille.jpg 885w, https:\/\/le-gout-des-autres.net\/WordPress3\/wp-content\/uploads\/2022\/11\/pizza_leze_camille-300x169.jpg 300w, https:\/\/le-gout-des-autres.net\/WordPress3\/wp-content\/uploads\/2022\/11\/pizza_leze_camille-768x434.jpg 768w\" sizes=\"auto, (max-width: 885px) 100vw, 885px\" \/><\/figure><div class=\"wp-block-media-text__content\">\n<p><a rel=\"noreferrer noopener\" href=\"http:\/\/pizzaleze.fr\" target=\"_blank\"><strong>Pizza L\u00e8ze<\/strong><\/a> est avant tout un projet fond\u00e9 sur le concept d\u2019\u00e9conomie locale en partenariat avec des producteurs r\u00e9gionaux.<\/p>\n\n\n\n<p>La p\u00e2te est faite maison, \u00e9labor\u00e9e \u00e0 partir de farine produite par <a href=\"https:\/\/le-gout-des-autres.net\/WordPress3\/graines-dautan-a-lagardelle\/\" data-type=\"URL\" data-id=\"https:\/\/le-gout-des-autres.net\/WordPress3\/graines-dautan-a-lagardelle\/\" target=\"_blank\" rel=\"noreferrer noopener\">Graines d\u2019autan<\/a> \u00e0 Lagardelle sur L\u00e8ze.<br>Les jambons et lardons proviennent de la Ferme de Saint Simon, \u00e0 St Ybars en Ari\u00e8ge.<br>Le poulet et les \u0153ufs sont Lagardellois.<br>Les l\u00e9gumes de saison sont r\u00e9colt\u00e9s \u00e0 Mauzac, Eaunes ou Lagardelle sur L\u00e8ze (<a href=\"https:\/\/le-gout-des-autres.net\/WordPress3\/une-valse-de-legumes-sans-sucre-rajoute\/\" target=\"_blank\" rel=\"noreferrer noopener\">Nicole et Pierre Besse<\/a> !). Hors saison, les l\u00e9gumes utilis\u00e9s sont produits en France. Cocorico !<\/p>\n\n\n\n<p>Dans la logique du \u00ab manger local \u00bb, pas de chocolat dans les pizzas desserts mais une base de caramel au beurre sal\u00e9 fait maison \u00e9tal\u00e9 sur la p\u00e2te \u00e0 pizza, garnie de fruits de saison (et donc variables) et saupoudr\u00e9e d\u2019\u00e9clats de noisettes ou d\u2019amandes.<br>Pas de d\u00e9bat non plus au sujet de l\u2019ananas ici ! Pour respecter le concept local, vous n\u2019en trouverez pas sur les pizzas.<\/p>\n\n\n\n<p><strong>Vous l\u2019aurez compris, le concept de Pizza L\u00e8ze est de vous proposer de la restauration rapide, locale et abordable !<\/strong><\/p>\n<\/div><\/div>\n\n\n\n<div class=\"wp-block-media-text alignwide is-stacked-on-mobile\"><figure class=\"wp-block-media-text__media\"><\/figure><div class=\"wp-block-media-text__content\">\n<p><\/p>\n<\/div><\/div>\n","protected":false},"excerpt":{"rendered":"<p>Pizza L\u00e8ze est avant tout un projet fond\u00e9 sur le concept d\u2019\u00e9conomie locale en partenariat avec des producteurs r\u00e9gionaux. La p\u00e2te est faite maison, \u00e9labor\u00e9e \u00e0 partir de farine produite par Graines d\u2019autan \u00e0 Lagardelle sur L\u00e8ze.Les jambons et lardons proviennent de la Ferme de Saint Simon, \u00e0 St Ybars en Ari\u00e8ge.Le poulet et les &#8230;<br \/><a class=\"read-more-link btn btn-outline-secondary\" href=\"https:\/\/le-gout-des-autres.net\/WordPress3\/pizza-leze\/\">Lire la suite<\/a><\/p>\n","protected":false},"author":6,"featured_media":0,"parent":0,"menu_order":0,"comment_status":"closed","ping_status":"closed","template":"","meta":{"footnotes":""},"class_list":["post-7052","page","type-page","status-publish","hentry"],"post_mailing_queue_ids":[],"_links":{"self":[{"href":"https:\/\/le-gout-des-autres.net\/WordPress3\/wp-json\/wp\/v2\/pages\/7052","targetHints":{"allow":["GET"]}}],"collection":[{"href":"https:\/\/le-gout-des-autres.net\/WordPress3\/wp-json\/wp\/v2\/pages"}],"about":[{"href":"https:\/\/le-gout-des-autres.net\/WordPress3\/wp-json\/wp\/v2\/types\/page"}],"author":[{"embeddable":true,"href":"https:\/\/le-gout-des-autres.net\/WordPress3\/wp-json\/wp\/v2\/users\/6"}],"replies":[{"embeddable":true,"href":"https:\/\/le-gout-des-autres.net\/WordPress3\/wp-json\/wp\/v2\/comments?post=7052"}],"version-history":[{"count":6,"href":"https:\/\/le-gout-des-autres.net\/WordPress3\/wp-json\/wp\/v2\/pages\/7052\/revisions"}],"predecessor-version":[{"id":7060,"href":"https:\/\/le-gout-des-autres.net\/WordPress3\/wp-json\/wp\/v2\/pages\/7052\/revisions\/7060"}],"wp:attachment":[{"href":"https:\/\/le-gout-des-autres.net\/WordPress3\/wp-json\/wp\/v2\/media?parent=7052"}],"curies":[{"name":"wp","href":"https:\/\/api.w.org\/{rel}","templated":true}]}}