{"id":68,"date":"2013-11-19T22:48:30","date_gmt":"2013-11-19T21:48:30","guid":{"rendered":"http:\/\/le-gout-des-autres.net\/WordPress3\/?page_id=68"},"modified":"2026-02-08T19:38:08","modified_gmt":"2026-02-08T18:38:08","slug":"bienvenue","status":"publish","type":"page","link":"https:\/\/le-gout-des-autres.net\/WordPress3\/bienvenue\/","title":{"rendered":"L&rsquo;association le Gout des Autres"},"content":{"rendered":"<h5 style=\"text-align: left;\" align=\"center\">Qui sommes-nous ?<\/h5>\n<p>Notre association <em>Le Go\u00fbt des autres<\/em> est un <span style=\"color: #008000;\"><strong>groupement d&rsquo;achat solidaire pour soutenir l&rsquo;agriculture \u00e9cologique <\/strong><\/span><span style=\"color: #008000;\"><strong>et artisanale locale.<\/strong><\/span><br \/>\nElle est situ\u00e9e dans le sud-ouest, \u00e0 20 km au sud de Toulouse, au <a href=\"https:\/\/maps.app.goo.gl\/eafgjmsQQhLTUHCN6\" target=\"_blank\" rel=\"noopener\">1200 chemin des Cassagnous \u00e0 Lagardelle-sur-L\u00e8ze<\/a>.<\/p>\n<p><a href=\"https:\/\/le-gout-des-autres.net\/WordPress3\/wp-content\/uploads\/2014\/01\/2014-01-bienvenue-GDA.jpg\"><img loading=\"lazy\" decoding=\"async\" class=\"size-medium wp-image-490 aligncenter\" src=\"https:\/\/le-gout-des-autres.net\/WordPress3\/wp-content\/uploads\/2014\/01\/2014-01-bienvenue-GDA-300x199.jpg\" alt=\"2014-01-bienvenue-GDA\" width=\"300\" height=\"199\" srcset=\"https:\/\/le-gout-des-autres.net\/WordPress3\/wp-content\/uploads\/2014\/01\/2014-01-bienvenue-GDA-300x199.jpg 300w, https:\/\/le-gout-des-autres.net\/WordPress3\/wp-content\/uploads\/2014\/01\/2014-01-bienvenue-GDA.jpg 400w\" sizes=\"auto, (max-width: 300px) 100vw, 300px\" \/><\/a><\/p>\n<p>Le <em>Go\u00fbt des autres<\/em> <strong>accompagne et soutient les producteurs locaux<\/strong> dans toutes leurs d\u00e9marches : de l&rsquo;aide \u00e0 l&rsquo;obtention de d\u00e9bouch\u00e9s pour leur production (groupement d\u2019achat, AMAP\u2026) \u00e0 la p\u00e9rennisation de leurs activit\u00e9s en passant par l&rsquo;organisation de chantiers solidaires (r\u00e9novation d&rsquo;une grange, plantations, aide \u00e0 la r\u00e9colte, etc.).<\/p>\n<p>Elle souhaite \u0153uvrer pour le d\u00e9veloppement d\u2019une <strong>\u00e9conomie locale, solidaire et respectueuse de l\u2019environnement<\/strong> en favorisant la cr\u00e9ation d\u2019espaces d\u2019\u00e9changes et de partages (organisation d\u2019\u00e9v\u00e9nements culturels et festifs conviviaux, conf\u00e9rences-d\u00e9bats, \u00e9changes de savoir-faire, espaces de gratuit\u00e9, etc.).<\/p>\n<p>Le <em>Go\u00fbt des autres,<\/em> c&rsquo;est plus de <strong>130 familles adh\u00e9rentes<\/strong> (2025) et 8 personnes au CA (conseil d&rsquo;administration 2025). Ce sont aussi (et surtout !) <a href=\"https:\/\/le-gout-des-autres.net\/WordPress3\/nos-producteurs\/\" target=\"_blank\" rel=\"noopener noreferrer\">29 producteurs<\/a> (en commande libre tout au long de l&rsquo;ann\u00e9e) et 5 <a href=\"https:\/\/le-gout-des-autres.net\/WordPress3\/category\/contrats-amap\/\" target=\"_blank\" rel=\"noopener noreferrer\">AMAPs<\/a> !<\/p>\n<p><strong>Pas de pr\u00e9sident(e), c&rsquo;est coll\u00e9giale<\/strong><\/p>\n<h5 style=\"text-align: left;\" align=\"center\">Pourquoi pas vous ?<\/h5>\n<p style=\"text-align: left;\" align=\"center\">Vous voulez privil\u00e9gier les circuits courts (type <a href=\"https:\/\/www.reseau-amap.org\/amap.php\" target=\"_blank\" rel=\"noopener noreferrer\">AMAP (association pour le maintien d&rsquo;une agriculture paysanne)<\/a>, achats directs producteurs\/consommateurs \u2026), vous vous sentez attir\u00e9(e)s par des modes de consommation alternatifs<\/p>\n<p style=\"text-align: left;\" align=\"center\">Vous n\u2019avez pas encore franchi le pas mais vous commencez \u00e0 croire que d\u2019autres mondes sont possibles\u2026<\/p>\n<p style=\"text-align: left;\" align=\"center\">Vous sentez le besoin de vous regrouper pour participer \u00e0\u00a0:<br \/>\n&#8211; un soutien concret et actif au d\u00e9veloppement d\u2019une agriculture artisanale et \u00e9cologique<br \/>\n&#8211; la mise en place de syst\u00e8mes alimentaires locaux cr\u00e9ant d\u2019autres liens entre producteurs et consommateurs<br \/>\n&#8211; la cr\u00e9ation d\u2019espaces d\u2019\u00e9change et de partage,<br \/>\n&#8211; l\u2019organisation d\u2019\u00e9v\u00e8nements culturels et festifs conviviaux et de proximit\u00e9&#8230;<\/p>\n<p><b>Alors vous avez atterri au bon endroit ! <\/b><\/p>\n<p>Pour nous rejoindre, il suffit\u00a0 de venir nous rencontrer sous le hangar de nos maraichers Nicole et Pierre au <a href=\"https:\/\/maps.app.goo.gl\/eafgjmsQQhLTUHCN6\" target=\"_blank\" rel=\"noopener\">1200 chemin des Cassagnous 31870 Lagardelle-sur-L\u00e8ze<\/a> o\u00f9 vous trouverez des adh\u00e9rents souriants <span style=\"text-decoration: underline;\">le mardi de 17h30 \u00e0 19h<\/span>.<\/p>\n<p><a href=\"https:\/\/le-gout-des-autres.net\/WordPress3\/wp-content\/uploads\/2014\/01\/plan_hangar.jpg\" target=\"blank\" rel=\"noopener noreferrer\"><img loading=\"lazy\" decoding=\"async\" class=\"aligncenter size-thumbnail wp-image-2625\" src=\"https:\/\/le-gout-des-autres.net\/WordPress3\/wp-content\/uploads\/2014\/01\/plan_hangar-150x150.jpg\" alt=\"plan_hangar\" width=\"150\" height=\"150\" \/><\/a><\/p>\n<p>Mais vous avez aussi le droit de nous contacter juste pour un renseignement, c&rsquo;est <a href=\"mailto:contact@le-gout-des-autres.net\" target=\"_blank\" rel=\"noopener noreferrer\">ici<\/a> !<\/p>\n<p>Bien naturellement v\u00f4tre,<br \/>\nL&rsquo;\u00e9quipe du blog<\/p>\n<p>Quelques documents \u00e0 lire<\/p>\n<p>&#8211; la <a href=\"https:\/\/le-gout-des-autres.net\/WordPress3\/wp-content\/uploads\/2014\/01\/Charte.pdf\" target=\"_blank\" rel=\"noopener noreferrer\">charte du Go\u00fbt des Autres<\/a><br \/>\n&#8211; le <a href=\"https:\/\/le-gout-des-autres.net\/WordPress3\/wp-content\/uploads\/2023\/12\/Guide-adhesion-nouveau-producteur.docx\">guide d&rsquo;adh\u00e9sion d&rsquo;un nouveau producteur<\/a> (maj 2023)<br \/>\n&#8211; le <a href=\"https:\/\/le-gout-des-autres.net\/WordPress3\/wp-content\/uploads\/2023\/07\/Role-et-missions-des-Referents.pdf\" target=\"_blank\" rel=\"noopener noreferrer\">r\u00f4le de r\u00e9f\u00e9rent<\/a> d&rsquo;un producteur (maj 2023)<br \/>\n&#8211; le <a href=\"https:\/\/le-gout-des-autres.net\/WordPress3\/wp-content\/uploads\/2023\/12\/Guide-referent-nouveau-producteur.docx\">guide d&rsquo;accompagnement du r\u00e9f\u00e9rent pour la venue d&rsquo;un nouveau producteur<\/a> (maj 2023)<br \/>\n&#8211; le <a href=\"https:\/\/le-gout-des-autres.net\/WordPress3\/wp-content\/uploads\/2023\/12\/Livret-daccueil-adherent-ou-producteur.docx\">livret d&rsquo;accueil adh\u00e9rent ou producteur<\/a> (maj 2023)<br \/>\n&#8211; le <a href=\"https:\/\/le-gout-des-autres.net\/WordPress3\/wp-content\/uploads\/2026\/02\/Bulletin_adhesion_GDA_2026.pdf\">bulletin d&rsquo;adh\u00e9sion 2026<\/a><br \/>\n&#8211; le <a href=\"https:\/\/le-gout-des-autres.net\/WordPress3\/wp-content\/uploads\/2025\/04\/AG-GDA-2025-sur-annee-2024.pdf\" target=\"_blank\" rel=\"noopener\">compte-rendu<\/a> de notre assembl\u00e9e g\u00e9n\u00e9rale du 18\/03\/2025 sur l&rsquo;ann\u00e9e 2024<\/p>\n<p>(et pour \u00e9pater vos amis au prochain d\u00eener, lisez aussi les <a href=\"https:\/\/le-gout-des-autres.net\/WordPress3\/wp-content\/uploads\/2014\/01\/Statuts.pdf\" target=\"_blank\" rel=\"noopener noreferrer\">Statuts<\/a> de l&rsquo;association ! )<\/p>\n","protected":false},"excerpt":{"rendered":"<p>Qui sommes-nous ? Notre association Le Go\u00fbt des autres est un groupement d&rsquo;achat solidaire pour soutenir l&rsquo;agriculture \u00e9cologique et artisanale locale. Elle est situ\u00e9e dans le sud-ouest, \u00e0 20 km au sud de Toulouse, au 1200 chemin des Cassagnous \u00e0 Lagardelle-sur-L\u00e8ze. Le Go\u00fbt des autres accompagne et soutient les producteurs locaux dans toutes leurs d\u00e9marches &#8230;<br \/><a class=\"read-more-link btn btn-outline-secondary\" href=\"https:\/\/le-gout-des-autres.net\/WordPress3\/bienvenue\/\">Lire la suite<\/a><\/p>\n","protected":false},"author":1,"featured_media":0,"parent":0,"menu_order":0,"comment_status":"closed","ping_status":"closed","template":"","meta":{"footnotes":""},"class_list":["post-68","page","type-page","status-publish","hentry"],"post_mailing_queue_ids":[],"_links":{"self":[{"href":"https:\/\/le-gout-des-autres.net\/WordPress3\/wp-json\/wp\/v2\/pages\/68","targetHints":{"allow":["GET"]}}],"collection":[{"href":"https:\/\/le-gout-des-autres.net\/WordPress3\/wp-json\/wp\/v2\/pages"}],"about":[{"href":"https:\/\/le-gout-des-autres.net\/WordPress3\/wp-json\/wp\/v2\/types\/page"}],"author":[{"embeddable":true,"href":"https:\/\/le-gout-des-autres.net\/WordPress3\/wp-json\/wp\/v2\/users\/1"}],"replies":[{"embeddable":true,"href":"https:\/\/le-gout-des-autres.net\/WordPress3\/wp-json\/wp\/v2\/comments?post=68"}],"version-history":[{"count":110,"href":"https:\/\/le-gout-des-autres.net\/WordPress3\/wp-json\/wp\/v2\/pages\/68\/revisions"}],"predecessor-version":[{"id":9516,"href":"https:\/\/le-gout-des-autres.net\/WordPress3\/wp-json\/wp\/v2\/pages\/68\/revisions\/9516"}],"wp:attachment":[{"href":"https:\/\/le-gout-des-autres.net\/WordPress3\/wp-json\/wp\/v2\/media?parent=68"}],"curies":[{"name":"wp","href":"https:\/\/api.w.org\/{rel}","templated":true}]}}