{"id":4627,"date":"2018-04-17T20:52:41","date_gmt":"2018-04-17T18:52:41","guid":{"rendered":"http:\/\/le-gout-des-autres.net\/WordPress3\/?page_id=4627"},"modified":"2026-03-08T14:06:01","modified_gmt":"2026-03-08T13:06:01","slug":"nos-producteurs","status":"publish","type":"page","link":"https:\/\/le-gout-des-autres.net\/WordPress3\/nos-producteurs\/","title":{"rendered":"Nos producteurs"},"content":{"rendered":"<p><a href=\"http:\/\/le-gout-des-autres.net\/WordPress3\/espace-ouvert-aux-adherents\/producteurs\/\"><img loading=\"lazy\" decoding=\"async\" class=\"alignright size-medium wp-image-4157\" title=\"Cliquer ici pour agrandir la carte de nos producteurs\" src=\"http:\/\/le-gout-des-autres.net\/WordPress3\/wp-content\/uploads\/2017\/09\/producteurs1-300x202.jpg\" alt=\"Cliquer ici pour agrandir la carte de nos producteurs\" width=\"300\" height=\"202\" srcset=\"https:\/\/le-gout-des-autres.net\/WordPress3\/wp-content\/uploads\/2017\/09\/producteurs1-300x202.jpg 300w, https:\/\/le-gout-des-autres.net\/WordPress3\/wp-content\/uploads\/2017\/09\/producteurs1-768x517.jpg 768w, https:\/\/le-gout-des-autres.net\/WordPress3\/wp-content\/uploads\/2017\/09\/producteurs1-1024x690.jpg 1024w, https:\/\/le-gout-des-autres.net\/WordPress3\/wp-content\/uploads\/2017\/09\/producteurs1.jpg 1488w\" sizes=\"auto, (max-width: 300px) 100vw, 300px\" \/><\/a>Cliquer sur le nom des produits pour les tableaux de commandes et sur le nom des producteurs pour la page pr\u00e9sentation.<\/p>\n<p><strong><a href=\"http:\/\/le-gout-des-autres.net\/WordPress3\/category\/contrats-amap\/\">Les AMAPs<\/a> :<\/strong><br \/>&#8211; les <strong>l\u00e9gumes <\/strong>de <a href=\"http:\/\/le-gout-des-autres.net\/WordPress3\/une-valse-de-legumes-sans-sucre-rajoute\/\" target=\"_blank\" rel=\"noopener noreferrer\"><strong>Nicole et Pierre<\/strong><\/a><br \/>&#8211; les <strong>oeufs<\/strong> de la <strong><a href=\"http:\/\/le-gout-des-autres.net\/WordPress3\/des-petits-fruits-en-pot-ou-en-vrac\/\" target=\"_blank\" rel=\"noopener noreferrer\">ferme des Matilous<\/a><\/strong><br \/>&#8211; les <strong>produits laitiers<\/strong> de <strong><a href=\"http:\/\/le-gout-des-autres.net\/WordPress3\/5-produits-laitiers-sinon-rien\/\" target=\"_blank\" rel=\"noopener noreferrer\">Triolait<\/a><\/strong><br \/>&#8211; les <strong>pommes et kiwis<\/strong> du <strong><a href=\"http:\/\/le-gout-des-autres.net\/WordPress3\/jamais-de-pepins-au-vernou\/\" target=\"_blank\" rel=\"noopener noreferrer\">Vernou<\/a><\/strong><br \/>&#8211; les <strong>pains <\/strong>de <a href=\"https:\/\/le-gout-des-autres.net\/WordPress3\/pain-dici-et-maintenant\/\" target=\"_blank\" rel=\"noopener\"><strong>Magali<\/strong> <\/a><\/p>\n<p>Livraisons r\u00e9guli\u00e8res :<br \/>&#8211; les <a href=\"https:\/\/docs.google.com\/spreadsheets\/d\/1mrxYxbmz6oJ0CTtiIsB21rRHkHBHU-Ka6vT3GH3gYbI\/edit#gid=0\" target=\"_blank\" rel=\"noopener noreferrer\"><strong>volailles (poulets et\u00a0pintades)<\/strong><\/a> de <strong><a href=\"http:\/\/le-gout-des-autres.net\/WordPress3\/le-poulet-qui-court-plus-vite\/\" target=\"_blank\" rel=\"noopener noreferrer\">Nicolas<\/a><\/strong> <br \/>&#8211; les <a href=\"https:\/\/docs.google.com\/spreadsheets\/d\/1lXIsy41wcIeNqjME8DQVS6IOVfP3zg8Lro3QVQuMxHs\/edit#gid=0\" target=\"_blank\" rel=\"noopener noreferrer\"><strong>fruits rouges, confitures et gel\u00e9es<\/strong><\/a> de la <strong><a href=\"http:\/\/le-gout-des-autres.net\/WordPress3\/des-petits-fruits-en-pot-ou-en-vrac\/\" target=\"_blank\" rel=\"noopener noreferrer\">ferme des Matilous<\/a><\/strong><\/p>\n<p>Livraisons saisonni\u00e8res :<br \/>&#8211; la <strong><a href=\"https:\/\/docs.google.com\/spreadsheets\/d\/1ylQ3eWFMJfCgaI_wVkPvZFYqEXNwIShynSJkXunufiU\/edit#gid=0\" target=\"_blank\" rel=\"noopener noreferrer\">tomme de ch\u00e8vre<\/a><\/strong> de <strong>la <\/strong><strong><a href=\"http:\/\/le-gout-des-autres.net\/WordPress3\/tomme-qui-roule\/\" target=\"_blank\" rel=\"noopener noreferrer\">Ferme de Mond\u00e9ly<\/a><\/strong><br \/>&#8211; les <strong><a href=\"https:\/\/docs.google.com\/spreadsheets\/d\/1Ppm48M05PsLsWyawCWT5kge7XJPP1_77edo1kiXhtUE\/edit#gid=0\" target=\"_blank\" rel=\"noopener noreferrer\">l\u00e9gumes de saison<\/a><\/strong> de <strong><a href=\"http:\/\/le-gout-des-autres.net\/WordPress3\/une-valse-de-legumes-sans-sucre-rajoute\/\" target=\"_blank\" rel=\"noopener noreferrer\">Nicole et Pierre<\/a><\/strong> <br \/>&#8211; les <strong><a href=\"https:\/\/docs.google.com\/spreadsheets\/d\/1-NK4E-dVml75ztnYzH-VFpCTUqw3oNKWbklpvsSqa9Q\/edit#gid=0\" target=\"_blank\" rel=\"noopener noreferrer\">patates douces<\/a><\/strong> et <strong><a href=\"https:\/\/docs.google.com\/spreadsheets\/d\/1-NK4E-dVml75ztnYzH-VFpCTUqw3oNKWbklpvsSqa9Q\/edit#gid=0\" target=\"_blank\" rel=\"noopener noreferrer\">graines de courge<\/a><\/strong> du <strong><a href=\"http:\/\/le-gout-des-autres.net\/WordPress3\/de-douces-patates\/\" target=\"_blank\" rel=\"noopener noreferrer\">Bon Plant<\/a><\/strong> <br \/>&#8211; l&rsquo;<a href=\"https:\/\/docs.google.com\/spreadsheets\/d\/1HYIHWvaL3a0jgLVii3JyRNgcMj9KBzAFiXEwN_HlKb0\/edit#gid=0\" target=\"_blank\" rel=\"noopener noreferrer\"><strong>agneau<\/strong><\/a> \u00e0 2 ou 4 pattes de <a href=\"http:\/\/le-gout-des-autres.net\/WordPress3\/lagneau-de-vincent\/\" target=\"_blank\" rel=\"noopener noreferrer\"><strong>Vincent<\/strong><\/a>\u00a0 <br \/>&#8211; les <strong><a href=\"https:\/\/docs.google.com\/spreadsheets\/d\/1m9FLYqjxAKAu_eH4sl0DvqclxwVfhMIdQ9uNkQNNWaU\/edit#gid=0\" target=\"_blank\" rel=\"noopener noreferrer\">plants de l\u00e9gumes<\/a><\/strong> tomates, poivrons, courgettes, aromates&#8230; cultiv\u00e9s par <strong><a href=\"http:\/\/le-gout-des-autres.net\/WordPress3\/les-bons-plants\/\" target=\"_blank\" rel=\"noopener noreferrer\">Nigel<\/a><\/strong> <br \/>&#8211; les <strong><a href=\"https:\/\/docs.google.com\/spreadsheets\/d\/15IFQrJpj88MVmwZ4_sYXWyizTSZ9JLnHnJfSpfcxXvY\/edit#gid=0\" target=\"_blank\" rel=\"noopener noreferrer\">noix<\/a><\/strong> de <strong><a href=\"http:\/\/le-gout-des-autres.net\/WordPress3\/a-la-noix\/\" target=\"_blank\" rel=\"noopener noreferrer\">Elodie et Julien<\/a><\/strong><br \/>&#8211; les <strong><a href=\"https:\/\/docs.google.com\/spreadsheets\/d\/1SQtk2phCG99XmRW1N_hICxI_uTYdpd4K5FRqwNU9-rE\/edit#gid=265771687\" target=\"_blank\" rel=\"noopener noreferrer\">ch\u00e2taignes<\/a><\/strong> en confitures, pur\u00e9es, compotes, farines, biscuits&#8230; de <strong><a href=\"http:\/\/le-gout-des-autres.net\/WordPress3\/un-bogue-de-chataignes\/\" target=\"_blank\" rel=\"noopener noreferrer\">Rapha\u00ebl<\/a><\/strong><br \/>&#8211; les <a href=\"https:\/\/docs.google.com\/spreadsheets\/d\/1V-rywUD5hiw1x7sMluMwF_Tq_mJGBK3FOIqnZtVmakM\/edit#gid=0\" target=\"_blank\" rel=\"noopener noreferrer\"><strong>volailles de No\u00ebl<\/strong><\/a> de <strong><a href=\"http:\/\/le-gout-des-autres.net\/WordPress3\/le-poulet-qui-court-plus-vite\/\" target=\"_blank\" rel=\"noopener noreferrer\">Nicolas<\/a><\/strong><\/p>\n<p>Livraisons trimestrielles (souvent lors des march\u00e9s) :<br \/>&#8211; les <a href=\"https:\/\/docs.google.com\/spreadsheets\/d\/1OEb-Ipccyjij0Y8fMhuk-zcuFt6HD0y-0g6ySDbOSOY\/edit#gid=0\" target=\"_blank\" rel=\"noopener\"><strong>biscuits croquants<\/strong><\/a> et <a href=\"https:\/\/docs.google.com\/spreadsheets\/d\/1OEb-Ipccyjij0Y8fMhuk-zcuFt6HD0y-0g6ySDbOSOY\/edit#gid=0\" target=\"_blank\" rel=\"noopener\"><strong>caramel \u00e0 tartiner<\/strong><\/a> de l&rsquo;<strong><a href=\"http:\/\/le-gout-des-autres.net\/WordPress3\/des-biscuits-et-mon-coeur-chaud\/\" target=\"_blank\" rel=\"noopener noreferrer\">Oie gourmande<\/a><\/strong><br \/>&#8211; les <strong><a href=\"https:\/\/docs.google.com\/spreadsheets\/d\/1BlN0lc2cVOxCpF44uRE9iqKrWtEElLEMCeHYlV9g0zs\/edit#gid=0\" target=\"_blank\" rel=\"noopener noreferrer\">truites<\/a><\/strong> du lac d&rsquo;\u00d4o p\u00each\u00e9es par <strong><a href=\"http:\/\/le-gout-des-autres.net\/WordPress3\/attention-truites-sauvages\/\" target=\"_blank\" rel=\"noopener noreferrer\">Alain<\/a><\/strong><br \/>&#8211; les <strong><a href=\"https:\/\/docs.google.com\/spreadsheets\/d\/1P9w6_x1b3NXNYHak9SS2K7NjCgvjxdMenqwTKaqiWzs\/edit#gid=370789480\" target=\"_blank\" rel=\"noopener noreferrer\">pur\u00e9es de pommes, vinaigre, jus et endives<\/a><\/strong> de la <strong><a href=\"http:\/\/le-gout-des-autres.net\/WordPress3\/jamais-de-pepins-au-vernou\/\" target=\"_blank\" rel=\"noopener noreferrer\">ferme du Vernou<\/a><\/strong><br \/>&#8211; le <strong><a href=\"https:\/\/docs.google.com\/spreadsheets\/d\/1DlgLxZGKB5RssxeCL-9SC18J8ZqCXtrV73HyEYiXf3c\/edit#gid=1966298712\" target=\"_blank\" rel=\"noopener noreferrer\">vin des Corbi\u00e8res<\/a><\/strong> de <strong><a href=\"http:\/\/le-gout-des-autres.net\/WordPress3\/le-vin-du-bonheur\/\" target=\"_blank\" rel=\"noopener noreferrer\">Fanny<\/a><\/strong> <br \/>&#8211; les <strong><a href=\"https:\/\/docs.google.com\/spreadsheets\/d\/1wkXhcRhljjaiG2McWVq5DCgGh0vvbreaQWAHanXk9_M\/edit#gid=0\" target=\"_blank\" rel=\"noopener noreferrer\">\u00e9pices, sauce tomate, chutney et ail<\/a><\/strong> des <strong><a href=\"http:\/\/le-gout-des-autres.net\/WordPress3\/les-epices-du-volvestre\/\" target=\"_blank\" rel=\"noopener noreferrer\">Epices du Volvestre<\/a><\/strong> <br \/>&#8211; les <a href=\"https:\/\/docs.google.com\/spreadsheets\/d\/1wqDLXFFZXasSKoO8wpY7HvvVVk5P97T_nIUTZ908CvE\/edit#gid=522707866\" target=\"_blank\" rel=\"noreferrer noopener\"><strong>p\u00e2tes, huiles, semoule, pois chiches<\/strong><\/a> de <a href=\"http:\/\/le-gout-des-autres.net\/WordPress3\/des-pates-oui-mais-des-biograneta\/\" target=\"_blank\" rel=\"noopener noreferrer\"><strong>Biograneta<\/strong><\/a> <br \/>&#8211; le <a href=\"https:\/\/docs.google.com\/spreadsheets\/d\/1wIfEZdFQZojETeJWT_zZ23LnOe5TGyMujGpKoK-xNtc\/edit#gid=2103365230\" target=\"_blank\" rel=\"noopener noreferrer\"><strong>miel des Hautes-Pyr\u00e9n\u00e9es<\/strong><\/a> des abeilles d&rsquo;<strong><a href=\"http:\/\/le-gout-des-autres.net\/WordPress3\/lune-de-miel\/\" target=\"_blank\" rel=\"noopener noreferrer\">Olivier<\/a><\/strong><br \/>&#8211; les <strong><a href=\"https:\/\/docs.google.com\/spreadsheets\/d\/1uVdM0Fj9ZS95cfskbkuvxxYIo0jBuiPxFpuSZx1-UvU\/edit#gid=1392129248\" target=\"_blank\" rel=\"noopener noreferrer\">cosm\u00e9tiques<\/a><\/strong> et <strong><a href=\"https:\/\/docs.google.com\/spreadsheets\/d\/1uVdM0Fj9ZS95cfskbkuvxxYIo0jBuiPxFpuSZx1-UvU\/edit#gid=1392129248\" target=\"_blank\" rel=\"noopener noreferrer\">tisanes<\/a><\/strong> de <strong><a href=\"http:\/\/le-gout-des-autres.net\/WordPress3\/prenez-soin-de-vos-fesses\/\" target=\"_blank\" rel=\"noopener noreferrer\">Cameline<\/a><\/strong><br \/>&#8211; les <a href=\"https:\/\/docs.google.com\/spreadsheets\/d\/19rGBl-c7q93Mv1Vy9DAViaTrEFpY6Ba_uZEwx6ZUp84\/edit#gid=0\" target=\"_blank\" rel=\"noopener noreferrer\"><strong>savons artisanaux<\/strong><\/a> de <strong><a href=\"http:\/\/le-gout-des-autres.net\/WordPress3\/les-savons-artisanaux-demilie\/\" target=\"_blank\" rel=\"noopener noreferrer\">Sabonadis<\/a><\/strong> <br \/>&#8211; les <strong><a href=\"https:\/\/docs.google.com\/spreadsheets\/d\/1dTbgCS1kmzeO176z23eI6Od3p51Ri_38-uIGwU0BGZs\/edit#gid=0\" target=\"_blank\" rel=\"noopener noreferrer\">semoules de couscous<\/a><\/strong> et <strong><a href=\"https:\/\/docs.google.com\/spreadsheets\/d\/1dTbgCS1kmzeO176z23eI6Od3p51Ri_38-uIGwU0BGZs\/edit#gid=0\" target=\"_blank\" rel=\"noopener noreferrer\">zemitta<\/a> <\/strong>de la <strong><a href=\"http:\/\/le-gout-des-autres.net\/WordPress3\/coop-de-femmes-du-moyen-atlas-marocain\/\" target=\"_blank\" rel=\"noopener noreferrer\">coop\u00e9rative f\u00e9minine Yamna<\/a><br \/><\/strong>&#8211; le <a href=\"https:\/\/docs.google.com\/spreadsheets\/d\/1jaAxiGYz7BOrQN5NM8_3_pHWy82OgKEfKk2ZJcyr6x4\/edit#gid=0\" target=\"_blank\" rel=\"noopener noreferrer\"><strong>veau<\/strong><\/a> du <a href=\"https:\/\/le-gout-des-autres.net\/WordPress3\/rien-ne-veau-le-boeuf\/\" target=\"_blank\" rel=\"noopener\"><strong>GAEC du Chemin d&rsquo;Aron<\/strong><\/a><br \/>&#8211; les <a href=\"https:\/\/docs.google.com\/spreadsheets\/d\/1-hxrpWqg_mvloVQgjl-7pJi-s3XKJGXE9DsBt4Eyac0\/edit#gid=0\" target=\"_blank\" rel=\"noopener\"><strong>pizzas<\/strong><\/a> de <strong><a href=\"https:\/\/le-gout-des-autres.net\/WordPress3\/pizza-leze\/\" target=\"_blank\" rel=\"noopener\">Camille Pizza L\u00e8ze<\/a><br \/><\/strong>&#8211; les <a href=\"https:\/\/docs.google.com\/spreadsheets\/d\/1fe4l1z7sDX0ABq80V1L9ry03F_147qtoBs9UkNNduxw\/edit#gid=308839765\" target=\"_blank\" rel=\"noopener\"><strong>chocolats<\/strong><\/a> de <strong><a href=\"https:\/\/le-gout-des-autres.net\/WordPress3\/chocolat-qui-leut-cru\/\" target=\"_blank\" rel=\"noopener\">Merlin<\/a><br \/><\/strong>&#8211; les <a href=\"https:\/\/docs.google.com\/spreadsheets\/d\/1T_c84vBHRBeQM40JJRoxQgCzaQyxGULt3MWqy2ulxFU\/edit#gid=0\" target=\"_blank\" rel=\"noopener\"><strong>champignons<\/strong><\/a> de <strong><a href=\"https:\/\/le-gout-des-autres.net\/WordPress3\/nicolas-fait-pousser-les-idees-comme-des-champignons\/\" target=\"_blank\" rel=\"noopener\">Moussoune productions<\/a><\/strong>\u00a0<br \/>&#8211; les <strong><a href=\"https:\/\/docs.google.com\/spreadsheets\/d\/16KXY1B-pEMO5MSoGjgN_vC4anFlL9odffu5izr92UKA\/edit#gid=0\" target=\"_blank\" rel=\"noreferrer noopener\">glaces artisanales<\/a><\/strong> de Gemma<br \/>&#8211; les <strong><a href=\"https:\/\/docs.google.com\/spreadsheets\/d\/1gW4_htLGAP0xfzj2qKshIAIXn8E2c-MMIZ3m0iW5eHU\/edit#gid=0\" target=\"_blank\" rel=\"noreferrer noopener\">boissons v\u00e9g\u00e9tales<\/a><\/strong> de <strong><a href=\"https:\/\/le-gout-des-autres.net\/WordPress3\/la-barthe-ou-les-boissons-vegetales-prennent-racine\/\" target=\"_blank\" rel=\"noopener\">Johanna<\/a><\/strong><br \/>&#8211; les <strong><a href=\"https:\/\/docs.google.com\/spreadsheets\/d\/1WVSLekKleQdyqFYHSZ3rRE0YnOGGqiXnUDjo4xulYN8\/edit#gid=1065962961\" target=\"_blank\" rel=\"noreferrer noopener\">pains et scroutilles<\/a><\/strong> de <a href=\"https:\/\/le-gout-des-autres.net\/WordPress3\/pain-dici-et-maintenant\/\" target=\"_blank\" rel=\"noopener\"><strong>Magali d\u2019Ici et maintenant<\/strong><\/a><\/p>\n\n\n<p><\/p>\n","protected":false},"excerpt":{"rendered":"<p>Cliquer sur le nom des produits pour les tableaux de commandes et sur le nom des producteurs pour la page pr\u00e9sentation. Les AMAPs :&#8211; les l\u00e9gumes de Nicole et Pierre&#8211; les oeufs de la ferme des Matilous&#8211; les produits laitiers de Triolait&#8211; les pommes et kiwis du Vernou&#8211; les pains de Magali Livraisons r\u00e9guli\u00e8res :&#8211; &#8230;<br \/><a class=\"read-more-link btn btn-outline-secondary\" href=\"https:\/\/le-gout-des-autres.net\/WordPress3\/nos-producteurs\/\">Lire la suite<\/a><\/p>\n","protected":false},"author":6,"featured_media":0,"parent":0,"menu_order":0,"comment_status":"closed","ping_status":"closed","template":"","meta":{"footnotes":""},"class_list":["post-4627","page","type-page","status-publish","hentry"],"post_mailing_queue_ids":[],"_links":{"self":[{"href":"https:\/\/le-gout-des-autres.net\/WordPress3\/wp-json\/wp\/v2\/pages\/4627","targetHints":{"allow":["GET"]}}],"collection":[{"href":"https:\/\/le-gout-des-autres.net\/WordPress3\/wp-json\/wp\/v2\/pages"}],"about":[{"href":"https:\/\/le-gout-des-autres.net\/WordPress3\/wp-json\/wp\/v2\/types\/page"}],"author":[{"embeddable":true,"href":"https:\/\/le-gout-des-autres.net\/WordPress3\/wp-json\/wp\/v2\/users\/6"}],"replies":[{"embeddable":true,"href":"https:\/\/le-gout-des-autres.net\/WordPress3\/wp-json\/wp\/v2\/comments?post=4627"}],"version-history":[{"count":116,"href":"https:\/\/le-gout-des-autres.net\/WordPress3\/wp-json\/wp\/v2\/pages\/4627\/revisions"}],"predecessor-version":[{"id":9568,"href":"https:\/\/le-gout-des-autres.net\/WordPress3\/wp-json\/wp\/v2\/pages\/4627\/revisions\/9568"}],"wp:attachment":[{"href":"https:\/\/le-gout-des-autres.net\/WordPress3\/wp-json\/wp\/v2\/media?parent=4627"}],"curies":[{"name":"wp","href":"https:\/\/api.w.org\/{rel}","templated":true}]}}