{"id":4339,"date":"2017-11-19T18:06:00","date_gmt":"2017-11-19T17:06:00","guid":{"rendered":"http:\/\/le-gout-des-autres.net\/WordPress3\/?page_id=4339"},"modified":"2018-06-10T19:59:18","modified_gmt":"2018-06-10T17:59:18","slug":"du-sel-de-noirmoutier","status":"publish","type":"page","link":"https:\/\/le-gout-des-autres.net\/WordPress3\/du-sel-de-noirmoutier\/","title":{"rendered":"Du sel de Noirmoutier"},"content":{"rendered":"<p><img loading=\"lazy\" decoding=\"async\" src=\"http:\/\/le-gout-des-autres.net\/WordPress3\/wp-content\/uploads\/2018\/06\/logo-nature-et-progres.gif\" alt=\"\" width=\"99\" height=\"141\" class=\"alignright size-full wp-image-4845\" \/>Anne-Marie et Fran\u00e7ois sont producteurs depuis une vingtaine d&rsquo;ann\u00e9es. Passionn\u00e9s, ils ont restaur\u00e9 5 marais salants \u00e0 <strong>Noirmoutier en L&rsquo;\u00eele<\/strong>.<\/p>\n<p>Anne-Marie vient nous livrer<strong> 2 fois dans l&rsquo;ann\u00e9e<\/strong>, \u00e0 ne pas rater !<\/p>\n<p>La brochure avec toutes les explications : <a href=\"http:\/\/le-gout-des-autres.net\/WordPress3\/wp-content\/uploads\/2017\/11\/brochure-vente.pdf\">brochure<\/a><\/p>\n<p>Quelques photos pour d\u00e9couvrir les produits et les marais :<\/p>\n<p><a href=\"http:\/\/le-gout-des-autres.net\/WordPress3\/wp-content\/uploads\/2017\/11\/20130724_193543.jpg\"><img loading=\"lazy\" decoding=\"async\" class=\"alignleft size-medium wp-image-4349\" src=\"http:\/\/le-gout-des-autres.net\/WordPress3\/wp-content\/uploads\/2017\/11\/20130724_193543-225x300.jpg\" alt=\"\" width=\"225\" height=\"300\" srcset=\"https:\/\/le-gout-des-autres.net\/WordPress3\/wp-content\/uploads\/2017\/11\/20130724_193543-225x300.jpg 225w, https:\/\/le-gout-des-autres.net\/WordPress3\/wp-content\/uploads\/2017\/11\/20130724_193543-768x1024.jpg 768w\" sizes=\"auto, (max-width: 225px) 100vw, 225px\" \/><\/a> <a href=\"http:\/\/le-gout-des-autres.net\/WordPress3\/wp-content\/uploads\/2017\/11\/017.jpg\"><img loading=\"lazy\" decoding=\"async\" class=\"size-medium wp-image-4350 alignright\" src=\"http:\/\/le-gout-des-autres.net\/WordPress3\/wp-content\/uploads\/2017\/11\/017-300x200.jpg\" alt=\"\" width=\"300\" height=\"200\" srcset=\"https:\/\/le-gout-des-autres.net\/WordPress3\/wp-content\/uploads\/2017\/11\/017-300x200.jpg 300w, https:\/\/le-gout-des-autres.net\/WordPress3\/wp-content\/uploads\/2017\/11\/017-768x512.jpg 768w, https:\/\/le-gout-des-autres.net\/WordPress3\/wp-content\/uploads\/2017\/11\/017-1024x683.jpg 1024w\" sizes=\"auto, (max-width: 300px) 100vw, 300px\" \/><\/a> <a href=\"http:\/\/le-gout-des-autres.net\/WordPress3\/wp-content\/uploads\/2017\/11\/032ms.jpg\"><img loading=\"lazy\" decoding=\"async\" class=\"size-medium wp-image-4346 alignright\" src=\"http:\/\/le-gout-des-autres.net\/WordPress3\/wp-content\/uploads\/2017\/11\/032ms-300x201.jpg\" alt=\"\" width=\"300\" height=\"201\" srcset=\"https:\/\/le-gout-des-autres.net\/WordPress3\/wp-content\/uploads\/2017\/11\/032ms-300x201.jpg 300w, https:\/\/le-gout-des-autres.net\/WordPress3\/wp-content\/uploads\/2017\/11\/032ms-768x514.jpg 768w, https:\/\/le-gout-des-autres.net\/WordPress3\/wp-content\/uploads\/2017\/11\/032ms-1024x685.jpg 1024w\" sizes=\"auto, (max-width: 300px) 100vw, 300px\" \/><\/a> <a href=\"http:\/\/le-gout-des-autres.net\/WordPress3\/wp-content\/uploads\/2017\/11\/IMG_20171003_173947.jpg\"><img loading=\"lazy\" decoding=\"async\" class=\"alignleft size-medium wp-image-4345\" src=\"http:\/\/le-gout-des-autres.net\/WordPress3\/wp-content\/uploads\/2017\/11\/IMG_20171003_173947-225x300.jpg\" alt=\"\" width=\"225\" height=\"300\" srcset=\"https:\/\/le-gout-des-autres.net\/WordPress3\/wp-content\/uploads\/2017\/11\/IMG_20171003_173947-225x300.jpg 225w, https:\/\/le-gout-des-autres.net\/WordPress3\/wp-content\/uploads\/2017\/11\/IMG_20171003_173947-768x1024.jpg 768w\" sizes=\"auto, (max-width: 225px) 100vw, 225px\" \/><\/a> <a href=\"http:\/\/le-gout-des-autres.net\/WordPress3\/wp-content\/uploads\/2017\/11\/DSCN1947.jpg\"><img loading=\"lazy\" decoding=\"async\" class=\"size-medium wp-image-4344 alignright\" src=\"http:\/\/le-gout-des-autres.net\/WordPress3\/wp-content\/uploads\/2017\/11\/DSCN1947-225x300.jpg\" alt=\"\" width=\"225\" height=\"300\" srcset=\"https:\/\/le-gout-des-autres.net\/WordPress3\/wp-content\/uploads\/2017\/11\/DSCN1947-225x300.jpg 225w, https:\/\/le-gout-des-autres.net\/WordPress3\/wp-content\/uploads\/2017\/11\/DSCN1947-768x1024.jpg 768w\" sizes=\"auto, (max-width: 225px) 100vw, 225px\" \/><\/a> <a href=\"http:\/\/le-gout-des-autres.net\/WordPress3\/wp-content\/uploads\/2017\/11\/DSCN3021.jpg\"><img loading=\"lazy\" decoding=\"async\" class=\"size-medium wp-image-4347 alignnone\" src=\"http:\/\/le-gout-des-autres.net\/WordPress3\/wp-content\/uploads\/2017\/11\/DSCN3021-225x300.jpg\" alt=\"\" width=\"225\" height=\"300\" srcset=\"https:\/\/le-gout-des-autres.net\/WordPress3\/wp-content\/uploads\/2017\/11\/DSCN3021-225x300.jpg 225w, https:\/\/le-gout-des-autres.net\/WordPress3\/wp-content\/uploads\/2017\/11\/DSCN3021-768x1024.jpg 768w\" sizes=\"auto, (max-width: 225px) 100vw, 225px\" \/><\/a> <a href=\"http:\/\/le-gout-des-autres.net\/WordPress3\/wp-content\/uploads\/2017\/11\/031.jpg\"><img loading=\"lazy\" decoding=\"async\" class=\"size-medium wp-image-4343 alignright\" src=\"http:\/\/le-gout-des-autres.net\/WordPress3\/wp-content\/uploads\/2017\/11\/031-300x279.jpg\" alt=\"\" width=\"300\" height=\"279\" srcset=\"https:\/\/le-gout-des-autres.net\/WordPress3\/wp-content\/uploads\/2017\/11\/031-300x279.jpg 300w, https:\/\/le-gout-des-autres.net\/WordPress3\/wp-content\/uploads\/2017\/11\/031-768x715.jpg 768w, https:\/\/le-gout-des-autres.net\/WordPress3\/wp-content\/uploads\/2017\/11\/031-1024x954.jpg 1024w\" sizes=\"auto, (max-width: 300px) 100vw, 300px\" \/><\/a> <a href=\"http:\/\/le-gout-des-autres.net\/WordPress3\/wp-content\/uploads\/2017\/11\/DSCN3020.jpg\"><img loading=\"lazy\" decoding=\"async\" class=\"size-medium wp-image-4348 alignleft\" src=\"http:\/\/le-gout-des-autres.net\/WordPress3\/wp-content\/uploads\/2017\/11\/DSCN3020-225x300.jpg\" alt=\"\" width=\"225\" height=\"300\" srcset=\"https:\/\/le-gout-des-autres.net\/WordPress3\/wp-content\/uploads\/2017\/11\/DSCN3020-225x300.jpg 225w, https:\/\/le-gout-des-autres.net\/WordPress3\/wp-content\/uploads\/2017\/11\/DSCN3020-768x1024.jpg 768w\" sizes=\"auto, (max-width: 225px) 100vw, 225px\" \/><\/a> <a href=\"http:\/\/le-gout-des-autres.net\/WordPress3\/wp-content\/uploads\/2017\/11\/020.jpg\"><img loading=\"lazy\" decoding=\"async\" class=\"size-medium wp-image-4342 alignnone\" src=\"http:\/\/le-gout-des-autres.net\/WordPress3\/wp-content\/uploads\/2017\/11\/020-300x201.jpg\" alt=\"\" width=\"300\" height=\"201\" srcset=\"https:\/\/le-gout-des-autres.net\/WordPress3\/wp-content\/uploads\/2017\/11\/020-300x201.jpg 300w, https:\/\/le-gout-des-autres.net\/WordPress3\/wp-content\/uploads\/2017\/11\/020-768x514.jpg 768w, https:\/\/le-gout-des-autres.net\/WordPress3\/wp-content\/uploads\/2017\/11\/020-1024x685.jpg 1024w\" sizes=\"auto, (max-width: 300px) 100vw, 300px\" \/><\/a><\/p>\n<p>&nbsp;<\/p>\n","protected":false},"excerpt":{"rendered":"<p>Anne-Marie et Fran\u00e7ois sont producteurs depuis une vingtaine d&rsquo;ann\u00e9es. Passionn\u00e9s, ils ont restaur\u00e9 5 marais salants \u00e0 Noirmoutier en L&rsquo;\u00eele. Anne-Marie vient nous livrer 2 fois dans l&rsquo;ann\u00e9e, \u00e0 ne pas rater ! La brochure avec toutes les explications : brochure Quelques photos pour d\u00e9couvrir les produits et les marais : &nbsp;<\/p>\n","protected":false},"author":6,"featured_media":0,"parent":0,"menu_order":0,"comment_status":"closed","ping_status":"closed","template":"","meta":{"footnotes":""},"class_list":["post-4339","page","type-page","status-publish","hentry"],"post_mailing_queue_ids":[],"_links":{"self":[{"href":"https:\/\/le-gout-des-autres.net\/WordPress3\/wp-json\/wp\/v2\/pages\/4339","targetHints":{"allow":["GET"]}}],"collection":[{"href":"https:\/\/le-gout-des-autres.net\/WordPress3\/wp-json\/wp\/v2\/pages"}],"about":[{"href":"https:\/\/le-gout-des-autres.net\/WordPress3\/wp-json\/wp\/v2\/types\/page"}],"author":[{"embeddable":true,"href":"https:\/\/le-gout-des-autres.net\/WordPress3\/wp-json\/wp\/v2\/users\/6"}],"replies":[{"embeddable":true,"href":"https:\/\/le-gout-des-autres.net\/WordPress3\/wp-json\/wp\/v2\/comments?post=4339"}],"version-history":[{"count":5,"href":"https:\/\/le-gout-des-autres.net\/WordPress3\/wp-json\/wp\/v2\/pages\/4339\/revisions"}],"predecessor-version":[{"id":4907,"href":"https:\/\/le-gout-des-autres.net\/WordPress3\/wp-json\/wp\/v2\/pages\/4339\/revisions\/4907"}],"wp:attachment":[{"href":"https:\/\/le-gout-des-autres.net\/WordPress3\/wp-json\/wp\/v2\/media?parent=4339"}],"curies":[{"name":"wp","href":"https:\/\/api.w.org\/{rel}","templated":true}]}}