{"id":3935,"date":"2017-07-03T12:17:40","date_gmt":"2017-07-03T10:17:40","guid":{"rendered":"http:\/\/le-gout-des-autres.net\/WordPress3\/?page_id=3935"},"modified":"2018-06-10T19:49:11","modified_gmt":"2018-06-10T17:49:11","slug":"des-pates-oui-mais-des-biograneta","status":"publish","type":"page","link":"https:\/\/le-gout-des-autres.net\/WordPress3\/des-pates-oui-mais-des-biograneta\/","title":{"rendered":"Des p\u00e2tes oui mais des Biograneta"},"content":{"rendered":"<p><img loading=\"lazy\" decoding=\"async\" src=\"http:\/\/le-gout-des-autres.net\/WordPress3\/wp-content\/uploads\/2018\/06\/logo-AB-europeen.jpg\" alt=\"\" width=\"163\" height=\"72\" class=\"alignright size-full wp-image-4844\" \/><a href=\"http:\/\/le-gout-des-autres.net\/WordPress3\/wp-content\/uploads\/2017\/03\/miimosa-pates-bio.jpg\"><img loading=\"lazy\" decoding=\"async\" class=\"alignleft size-medium wp-image-3390\" src=\"http:\/\/le-gout-des-autres.net\/WordPress3\/wp-content\/uploads\/2017\/03\/miimosa-pates-bio-300x225.jpg\" alt=\"\" width=\"300\" height=\"225\" srcset=\"https:\/\/le-gout-des-autres.net\/WordPress3\/wp-content\/uploads\/2017\/03\/miimosa-pates-bio-300x225.jpg 300w, https:\/\/le-gout-des-autres.net\/WordPress3\/wp-content\/uploads\/2017\/03\/miimosa-pates-bio-768x576.jpg 768w, https:\/\/le-gout-des-autres.net\/WordPress3\/wp-content\/uploads\/2017\/03\/miimosa-pates-bio-1024x768.jpg 1024w, https:\/\/le-gout-des-autres.net\/WordPress3\/wp-content\/uploads\/2017\/03\/miimosa-pates-bio-600x450.jpg 600w, https:\/\/le-gout-des-autres.net\/WordPress3\/wp-content\/uploads\/2017\/03\/miimosa-pates-bio.jpg 1280w\" sizes=\"auto, (max-width: 300px) 100vw, 300px\" \/><\/a><strong>St\u00e9phanie, Fr\u00e9d\u00e9ric &amp; les filles<\/strong> sont paysans, meuniers, pastiers et fabriquent de l&rsquo;huile \u00e0 la ferme selon le mode d&rsquo;agriculture biologique.<\/p>\n<p>Ils viennent sur nos <strong>march\u00e9s du GDA<\/strong> mais aussi sur les march\u00e9s de Corronsac, Saubens&#8230;<\/p>\n<p>Ils ont un point de vente directe\u00a0 sur l\u2019exploitation, route d\u2019Espan\u00e8s \u00e0 Montbrun Lauragais<\/p>\n<p><strong>Farines <\/strong>moulues \u00e0 la meule de pierre \u00e0 partir des <strong>c\u00e9r\u00e9ales <\/strong>(bl\u00e9s anciens, petit \u00e9peautre sur Montbrun Lauragais et sarrasin cultiv\u00e9 sur Saubens) cultiv\u00e9es en <strong>bio <\/strong>sur leur exploitation.<br \/>\n<strong>Huiles vierges<\/strong> 1\u00e8re pression \u00e0 froid de <strong>tournesol<\/strong>, de <strong>cameline <\/strong>et de <strong>lin<br \/>\nP\u00e2tes bio <\/strong>\u00e0 la ferme fabriqu\u00e9es \u00e0 base de<strong> semoule de bl\u00e9 dur (notamment bl\u00e9 poulard) <\/strong>ou de farine de<strong> sarrasin<br \/>\nLentilles roses et vertes, pois chiches <\/strong>en vrac ou en sachets<\/p>\n<p><a href=\"http:\/\/le-gout-des-autres.net\/WordPress3\/wp-content\/uploads\/2017\/07\/biograneta_boutique.jpg\"><img loading=\"lazy\" decoding=\"async\" class=\"aligncenter size-medium wp-image-3937\" src=\"http:\/\/le-gout-des-autres.net\/WordPress3\/wp-content\/uploads\/2017\/07\/biograneta_boutique-300x225.jpg\" alt=\"\" width=\"300\" height=\"225\" srcset=\"https:\/\/le-gout-des-autres.net\/WordPress3\/wp-content\/uploads\/2017\/07\/biograneta_boutique-300x225.jpg 300w, https:\/\/le-gout-des-autres.net\/WordPress3\/wp-content\/uploads\/2017\/07\/biograneta_boutique-768x576.jpg 768w, https:\/\/le-gout-des-autres.net\/WordPress3\/wp-content\/uploads\/2017\/07\/biograneta_boutique-1024x768.jpg 1024w, https:\/\/le-gout-des-autres.net\/WordPress3\/wp-content\/uploads\/2017\/07\/biograneta_boutique-600x450.jpg 600w, https:\/\/le-gout-des-autres.net\/WordPress3\/wp-content\/uploads\/2017\/07\/biograneta_boutique.jpg 2048w\" sizes=\"auto, (max-width: 300px) 100vw, 300px\" \/><\/a><br \/>\nPlus d&rsquo;infos sur leur site <a href=\"http:\/\/www.biograneta.fr\/\" target=\"_blank\" rel=\"noopener\">www.biograneta.fr<\/a> et leur page <a href=\"https:\/\/www.facebook.com\/biograneta\/\" target=\"_blank\" rel=\"noopener\">Facebook<\/a><\/p>\n","protected":false},"excerpt":{"rendered":"<p>St\u00e9phanie, Fr\u00e9d\u00e9ric &amp; les filles sont paysans, meuniers, pastiers et fabriquent de l&rsquo;huile \u00e0 la ferme selon le mode d&rsquo;agriculture biologique. Ils viennent sur nos march\u00e9s du GDA mais aussi sur les march\u00e9s de Corronsac, Saubens&#8230; Ils ont un point de vente directe\u00a0 sur l\u2019exploitation, route d\u2019Espan\u00e8s \u00e0 Montbrun Lauragais Farines moulues \u00e0 la meule &#8230;<br \/><a class=\"read-more-link btn btn-outline-secondary\" href=\"https:\/\/le-gout-des-autres.net\/WordPress3\/des-pates-oui-mais-des-biograneta\/\">Lire la suite<\/a><\/p>\n","protected":false},"author":6,"featured_media":0,"parent":0,"menu_order":0,"comment_status":"closed","ping_status":"closed","template":"","meta":{"footnotes":""},"class_list":["post-3935","page","type-page","status-publish","hentry"],"post_mailing_queue_ids":[],"_links":{"self":[{"href":"https:\/\/le-gout-des-autres.net\/WordPress3\/wp-json\/wp\/v2\/pages\/3935","targetHints":{"allow":["GET"]}}],"collection":[{"href":"https:\/\/le-gout-des-autres.net\/WordPress3\/wp-json\/wp\/v2\/pages"}],"about":[{"href":"https:\/\/le-gout-des-autres.net\/WordPress3\/wp-json\/wp\/v2\/types\/page"}],"author":[{"embeddable":true,"href":"https:\/\/le-gout-des-autres.net\/WordPress3\/wp-json\/wp\/v2\/users\/6"}],"replies":[{"embeddable":true,"href":"https:\/\/le-gout-des-autres.net\/WordPress3\/wp-json\/wp\/v2\/comments?post=3935"}],"version-history":[{"count":10,"href":"https:\/\/le-gout-des-autres.net\/WordPress3\/wp-json\/wp\/v2\/pages\/3935\/revisions"}],"predecessor-version":[{"id":4905,"href":"https:\/\/le-gout-des-autres.net\/WordPress3\/wp-json\/wp\/v2\/pages\/3935\/revisions\/4905"}],"wp:attachment":[{"href":"https:\/\/le-gout-des-autres.net\/WordPress3\/wp-json\/wp\/v2\/media?parent=3935"}],"curies":[{"name":"wp","href":"https:\/\/api.w.org\/{rel}","templated":true}]}}