{"id":3898,"date":"2017-06-26T18:32:13","date_gmt":"2017-06-26T16:32:13","guid":{"rendered":"http:\/\/le-gout-des-autres.net\/WordPress3\/?page_id=3898"},"modified":"2024-01-30T09:29:40","modified_gmt":"2024-01-30T08:29:40","slug":"chocolat-qui-leut-cru","status":"publish","type":"page","link":"https:\/\/le-gout-des-autres.net\/WordPress3\/chocolat-qui-leut-cru\/","title":{"rendered":"Chocolat, qui l&rsquo;eut cru"},"content":{"rendered":"\n<figure class=\"wp-block-image size-full\"><a href=\"https:\/\/le-gout-des-autres.net\/WordPress3\/wp-content\/uploads\/2024\/01\/logo_light_h.png\"><img loading=\"lazy\" decoding=\"async\" width=\"1000\" height=\"425\" src=\"https:\/\/le-gout-des-autres.net\/WordPress3\/wp-content\/uploads\/2024\/01\/logo_light_h.png\" alt=\"\" class=\"wp-image-7964\" srcset=\"https:\/\/le-gout-des-autres.net\/WordPress3\/wp-content\/uploads\/2024\/01\/logo_light_h.png 1000w, https:\/\/le-gout-des-autres.net\/WordPress3\/wp-content\/uploads\/2024\/01\/logo_light_h-300x128.png 300w, https:\/\/le-gout-des-autres.net\/WordPress3\/wp-content\/uploads\/2024\/01\/logo_light_h-768x326.png 768w\" sizes=\"auto, (max-width: 1000px) 100vw, 1000px\" \/><\/a><\/figure>\n\n\n<p>Notre producteur <strong>Merlin<\/strong> livre lors des march\u00e9s du GDA ses d\u00e9licieuses tablettes et pralines de chocolats crus. Tous les ingr\u00e9dients sont bios !<\/p>\n<p><strong>C&rsquo;est quoi le chocolat cru ?<\/strong><br \/>C&rsquo;est du chocolat \u00e0 base de cacao, de beurre de cacao m\u00e9lang\u00e9 avec de l&rsquo;huile de coco accompagn\u00e9 de miel ou de dattes en guise d&rsquo;\u00e9dulcorant.<br \/>Ce qui change en comparaison au chocolat \u00ab\u00a0normal\u00a0\u00bb, c&rsquo;est qu&rsquo;aucun des ingr\u00e9dients n&rsquo;est chauff\u00e9 \u00e0 plus de 42\u00b0.<\/p>\n<p><strong>Oui, mais pourquoi cru ?<\/strong><br \/>C&rsquo;est simplement afin de conserver tous les bienfaits des composants pr\u00e9sents dans les ingr\u00e9dients cit\u00e9s &#8211; des bienfaits tels que la pr\u00e9sence de puissants antioxydants qui emp\u00eachent nos cellules de vieillir rapidement. Nous pourrions \u00e9galement citer les multiples vitamines b\u00e9n\u00e9fiques \u00e0 notre corps, mais ne nous attardons pas sur cela, car la liste est longue&#8230;<\/p>\n<p>La suite <a href=\"https:\/\/anandaterra.com\/\" target=\"_blank\" rel=\"noopener\">l\u00e0 <\/a>!<br \/><a href=\"http:\/\/anandaterra.com\/Chocolat-cru-ariege\/\" target=\"_blank\" rel=\"noopener\"><img loading=\"lazy\" decoding=\"async\" class=\"aligncenter size-large wp-image-3779\" src=\"http:\/\/le-gout-des-autres.net\/WordPress3\/wp-content\/uploads\/2017\/05\/R0032748-1024x678.jpeg\" alt=\"\" width=\"604\" height=\"400\" srcset=\"https:\/\/le-gout-des-autres.net\/WordPress3\/wp-content\/uploads\/2017\/05\/R0032748-1024x678.jpeg 1024w, https:\/\/le-gout-des-autres.net\/WordPress3\/wp-content\/uploads\/2017\/05\/R0032748-300x199.jpeg 300w, https:\/\/le-gout-des-autres.net\/WordPress3\/wp-content\/uploads\/2017\/05\/R0032748-768x509.jpeg 768w, https:\/\/le-gout-des-autres.net\/WordPress3\/wp-content\/uploads\/2017\/05\/R0032748-600x398.jpeg 600w, https:\/\/le-gout-des-autres.net\/WordPress3\/wp-content\/uploads\/2017\/05\/R0032748.jpeg 1280w\" sizes=\"auto, (max-width: 604px) 100vw, 604px\" \/><\/a><br \/><br \/><\/p>","protected":false},"excerpt":{"rendered":"<p>Notre producteur Merlin livre lors des march\u00e9s du GDA ses d\u00e9licieuses tablettes et pralines de chocolats crus. Tous les ingr\u00e9dients sont bios ! C&rsquo;est quoi le chocolat cru ?C&rsquo;est du chocolat \u00e0 base de cacao, de beurre de cacao m\u00e9lang\u00e9 avec de l&rsquo;huile de coco accompagn\u00e9 de miel ou de dattes en guise d&rsquo;\u00e9dulcorant.Ce qui &#8230;<br \/><a class=\"read-more-link btn btn-outline-secondary\" href=\"https:\/\/le-gout-des-autres.net\/WordPress3\/chocolat-qui-leut-cru\/\">Lire la suite<\/a><\/p>\n","protected":false},"author":6,"featured_media":0,"parent":0,"menu_order":0,"comment_status":"closed","ping_status":"closed","template":"","meta":{"footnotes":""},"class_list":["post-3898","page","type-page","status-publish","hentry"],"post_mailing_queue_ids":[],"_links":{"self":[{"href":"https:\/\/le-gout-des-autres.net\/WordPress3\/wp-json\/wp\/v2\/pages\/3898","targetHints":{"allow":["GET"]}}],"collection":[{"href":"https:\/\/le-gout-des-autres.net\/WordPress3\/wp-json\/wp\/v2\/pages"}],"about":[{"href":"https:\/\/le-gout-des-autres.net\/WordPress3\/wp-json\/wp\/v2\/types\/page"}],"author":[{"embeddable":true,"href":"https:\/\/le-gout-des-autres.net\/WordPress3\/wp-json\/wp\/v2\/users\/6"}],"replies":[{"embeddable":true,"href":"https:\/\/le-gout-des-autres.net\/WordPress3\/wp-json\/wp\/v2\/comments?post=3898"}],"version-history":[{"count":6,"href":"https:\/\/le-gout-des-autres.net\/WordPress3\/wp-json\/wp\/v2\/pages\/3898\/revisions"}],"predecessor-version":[{"id":7965,"href":"https:\/\/le-gout-des-autres.net\/WordPress3\/wp-json\/wp\/v2\/pages\/3898\/revisions\/7965"}],"wp:attachment":[{"href":"https:\/\/le-gout-des-autres.net\/WordPress3\/wp-json\/wp\/v2\/media?parent=3898"}],"curies":[{"name":"wp","href":"https:\/\/api.w.org\/{rel}","templated":true}]}}