{"id":3580,"date":"2017-04-18T19:08:54","date_gmt":"2017-04-18T17:08:54","guid":{"rendered":"http:\/\/le-gout-des-autres.net\/WordPress3\/?page_id=3580"},"modified":"2026-04-08T11:28:57","modified_gmt":"2026-04-08T09:28:57","slug":"les-bons-plants","status":"publish","type":"page","link":"https:\/\/le-gout-des-autres.net\/WordPress3\/les-bons-plants\/","title":{"rendered":"Les bons plan(t)s"},"content":{"rendered":"<p><a href=\"http:\/\/le-gout-des-autres.net\/WordPress3\/wp-content\/uploads\/2017\/04\/plants.jpg\" target=\"_blank\" rel=\"noopener\"><img loading=\"lazy\" decoding=\"async\" class=\"alignleft size-medium wp-image-3586\" src=\"http:\/\/le-gout-des-autres.net\/WordPress3\/wp-content\/uploads\/2017\/04\/plants-300x225.jpg\" alt=\"\" width=\"300\" height=\"225\" srcset=\"https:\/\/le-gout-des-autres.net\/WordPress3\/wp-content\/uploads\/2017\/04\/plants-300x225.jpg 300w, https:\/\/le-gout-des-autres.net\/WordPress3\/wp-content\/uploads\/2017\/04\/plants-600x450.jpg 600w, https:\/\/le-gout-des-autres.net\/WordPress3\/wp-content\/uploads\/2017\/04\/plants.jpg 640w\" sizes=\"auto, (max-width: 300px) 100vw, 300px\" \/><\/a>Nigel Parker, ancien informaticien, form\u00e9 en horticulture et mara\u00eechage (certains disent de la chanticulture but that&rsquo;s another story&#8230;), produit des <strong>plants de l\u00e9gumes biologiques<\/strong> depuis plus de vingt ans qu&rsquo;il vendait principalement sur le march\u00e9 de Ramonville jusqu&rsquo;en 2015.<\/p>\n<p>A l&rsquo;origine de l&rsquo;AMAP des Milans avec Pierre Besse, il livrait des l\u00e9gumes bio \u00e0 une cinquantaine de familles devant le Pr\u00e9-Vert le mardi soir de 2004 \u00e0 2015.<\/p>\n<p>Depuis il a r\u00e9duit son activit\u00e9 en gardant uniquement la partie production de plants de l\u00e9gumes de type &lsquo;<strong>ratatouille<\/strong>&lsquo;, c&rsquo;est-\u00e0-dire <strong>tomates, aubergines, poivrons, courgettes, courges, aromates plus quelques fleurs<\/strong><\/p>\n<p>Les plants sont conditionn\u00e9s en godet de 8cm et non en motte ce qui les assurent une meilleure reprise du fait du plus grand volume de terreau (1\/3 litre). Les graines sont bio (et pas de hybrides) et le terreau, bio aussi, est de la plus haute qualit\u00e9. Aucun engrais ni de traitement suppl\u00e9mentaire pendant la culture.<\/p>\n<p>Tous les <strong>plants l\u00e9gumes et aromates<\/strong> sont<strong> \u00e0 1,30\u20ac<\/strong>, les <strong>fleurs \u00e0 1,10\u20ac.<\/strong><\/p>\n<p>Les plants sont pr\u00e9par\u00e9s pour \u00eatre plant\u00e9s \u00e0 partir du premier mai, moment o\u00f9 les risques de gels sont pour ainsi dire pass\u00e9s.<\/p>\n<p>Attention : La saison de vente est assez courte, du 1er jusqu&rsquo;au 15 mai. Au del\u00e0 de cette date les stocks se r\u00e9duisent rapidement.<\/p>\n<p><a href=\"http:\/\/le-gout-des-autres.net\/WordPress3\/wp-content\/uploads\/2017\/04\/collage_nigel.jpg\" target=\"_blank\" rel=\"noopener\"><img loading=\"lazy\" decoding=\"async\" class=\"alignleft size-medium wp-image-3588\" src=\"http:\/\/le-gout-des-autres.net\/WordPress3\/wp-content\/uploads\/2017\/04\/collage_nigel-300x188.jpg\" alt=\"\" width=\"300\" height=\"188\" srcset=\"https:\/\/le-gout-des-autres.net\/WordPress3\/wp-content\/uploads\/2017\/04\/collage_nigel-300x188.jpg 300w, https:\/\/le-gout-des-autres.net\/WordPress3\/wp-content\/uploads\/2017\/04\/collage_nigel-600x375.jpg 600w, https:\/\/le-gout-des-autres.net\/WordPress3\/wp-content\/uploads\/2017\/04\/collage_nigel.jpg 640w\" sizes=\"auto, (max-width: 300px) 100vw, 300px\" \/><\/a>Install\u00e9 en face (presque) de chez Nicole et Pierre, si vous d\u00e9sirez venir leur rendre visite \u00e7a sera avec plaisir mais pr\u00e9venez-les d&rsquo;avance pour \u00eatre s\u00fbr de les trouver !<\/p>\n<p>1475 Chemin des Cassagnous de Maurens<br \/>\n31870 Lagardelle-sur-L\u00e8ze<br \/>\nT\u00e9l : 06.33.48.70.88<br \/>\nemail : nigel.parker@orange.fr<\/p>\n","protected":false},"excerpt":{"rendered":"<p>Nigel Parker, ancien informaticien, form\u00e9 en horticulture et mara\u00eechage (certains disent de la chanticulture but that&rsquo;s another story&#8230;), produit des plants de l\u00e9gumes biologiques depuis plus de vingt ans qu&rsquo;il vendait principalement sur le march\u00e9 de Ramonville jusqu&rsquo;en 2015. A l&rsquo;origine de l&rsquo;AMAP des Milans avec Pierre Besse, il livrait des l\u00e9gumes bio \u00e0 une &#8230;<br \/><a class=\"read-more-link btn btn-outline-secondary\" href=\"https:\/\/le-gout-des-autres.net\/WordPress3\/les-bons-plants\/\">Lire la suite<\/a><\/p>\n","protected":false},"author":6,"featured_media":0,"parent":0,"menu_order":0,"comment_status":"closed","ping_status":"closed","template":"","meta":{"footnotes":""},"class_list":["post-3580","page","type-page","status-publish","hentry"],"post_mailing_queue_ids":[],"_links":{"self":[{"href":"https:\/\/le-gout-des-autres.net\/WordPress3\/wp-json\/wp\/v2\/pages\/3580","targetHints":{"allow":["GET"]}}],"collection":[{"href":"https:\/\/le-gout-des-autres.net\/WordPress3\/wp-json\/wp\/v2\/pages"}],"about":[{"href":"https:\/\/le-gout-des-autres.net\/WordPress3\/wp-json\/wp\/v2\/types\/page"}],"author":[{"embeddable":true,"href":"https:\/\/le-gout-des-autres.net\/WordPress3\/wp-json\/wp\/v2\/users\/6"}],"replies":[{"embeddable":true,"href":"https:\/\/le-gout-des-autres.net\/WordPress3\/wp-json\/wp\/v2\/comments?post=3580"}],"version-history":[{"count":12,"href":"https:\/\/le-gout-des-autres.net\/WordPress3\/wp-json\/wp\/v2\/pages\/3580\/revisions"}],"predecessor-version":[{"id":9634,"href":"https:\/\/le-gout-des-autres.net\/WordPress3\/wp-json\/wp\/v2\/pages\/3580\/revisions\/9634"}],"wp:attachment":[{"href":"https:\/\/le-gout-des-autres.net\/WordPress3\/wp-json\/wp\/v2\/media?parent=3580"}],"curies":[{"name":"wp","href":"https:\/\/api.w.org\/{rel}","templated":true}]}}