{"id":332,"date":"2014-01-18T17:48:19","date_gmt":"2014-01-18T16:48:19","guid":{"rendered":"http:\/\/le-gout-des-autres.net\/WordPress3\/?page_id=332"},"modified":"2021-03-20T19:21:19","modified_gmt":"2021-03-20T18:21:19","slug":"petites-annonces","status":"publish","type":"page","link":"https:\/\/le-gout-des-autres.net\/WordPress3\/petites-annonces\/","title":{"rendered":"Petites annonces"},"content":{"rendered":"<p>F\u00e9vrier 2017 <\/p>\n<h2>Pronomade(s) en Haute-Garonne part \u00e0 la recherche de son\/sa comptable principal(e)&#8230;<\/h2>\n<p>Fouillez vos r\u00e9seaux professionnels, (re)pensez \u00e0 vos proches et amis, faites circuler l&rsquo;information&#8230; peut-\u00eatre que la perle rare que nous cherchons est parmi vous, ou juste \u00e0 c\u00f4t\u00e9 !<\/p>\n<p>Si vous-m\u00eame ou l\u2019un de vos proches a le profil requis et n\u00e9cessaire pour pouvoir pr\u00e9tendre \u00e0 ce poste de comptable principal(e) et int\u00e9grer notre \u00e9quipe (particuli\u00e8rement sympathique soit dit en passant !)&#8230; N\u2019h\u00e9sitez pas \u00e0 vous manifester et\/ou passer le mot !<\/p>\n<p>Pour en savoir plus et avoir tous les d\u00e9tails de ce poste (missions, profil et conditions d\u2019emploi) ainsi que les modalit\u00e9s et d\u00e9lais pour postuler, il vous suffit de <a href=\"http:\/\/www.pronomades.org\/IMG\/pdf\/recrutement_comptable.pdf\">cliquer juste ici<\/a> !<\/p>\n<p>Alors, \u00e0 tr\u00e8s bient\u00f4t !<\/p>\n<p>Coraline Bergerault<\/p>\n<hr \/>\n<p>Janvier 2017<\/p>\n<h2>Solidarit\u00e9 avec la Gr\u00e8ce<\/h2>\n<p>URGENT. Nous avons inform\u00e9 plusieurs des lieux autog\u00e9r\u00e9s concern\u00e9s du d\u00e9tails des fournitures d\u00e9j\u00e0 collect\u00e9es pour eux gr\u00e2ce \u00e0 vous. A notre demande, ils viennent de nous transmettre la liste pr\u00e9cise de ce qui manque encore.<\/p>\n<p>APPEL \u00c0 FOURNITURES COMPL\u00c9MENTAIRES POUR LE CONVOI SOLIDAIRE VERS ATH\u00c8NES DU 23 JANVIER<\/p>\n<p>Voici la liste re\u00e7ue de l&rsquo;assembl\u00e9e du squat de r\u00e9fugi\u00e9s Notara26 (Exarcheia), \u00e0 laquelle nous avons ajout\u00e9 les \u00e9l\u00e9ments \u00e9galement recherch\u00e9s par ailleurs :<br \/>\n\u2013 l\u00e9gumes secs, fruits secs<br \/>\n\u2013 p\u00e2tes, riz, lentilles \u2014&gt; TR\u00c8S RECHERCH\u00c9<br \/>\n\u2013 caf\u00e9 instantan\u00e9, th\u00e9 noir, jus de fruits<br \/>\n\u2013 lait en poudre pour b\u00e9b\u00e9 (tous les \u00e2ges) \u2014&gt; TR\u00c8S RECHERCH\u00c9<br \/>\n\u2013 petits-pots, vitamines<br \/>\n\u2013 biscuits \u2014&gt; TR\u00c8S RECHERCH\u00c9<br \/>\n\u2013 papier toilette, gel douche, shampooing<br \/>\n\u2013 couches b\u00e9b\u00e9 n\u00b01, n\u00b04 et n5 \u2014&gt; TR\u00c8S RECHERCH\u00c9<br \/>\n\u2013 cr\u00e8me pour le change<br \/>\n\u2013 casseroles, marmites \u2014&gt; TR\u00c8S RECHERCH\u00c9<br \/>\n\u2013 liquide vaisselle<br \/>\n\u2013 jouets (pas de peluche), livres, BD, jeux d&rsquo;\u00e9checs, cartes, dominos<br \/>\n\u2013 couvertures, duvets, sacs de couchages \u2014&gt; TR\u00c8S RECHERCH\u00c9<br \/>\n\u2013 contrecoups, d\u00e9sinfectants, compresses, pansements<\/p>\n<p>De nouveaux soutiens financiers seront \u00e9galement transmis aux diff\u00e9rents collectifs \u00e0 cette m\u00eame occasion.<\/p>\n<p>Un nouveau lieu autog\u00e9r\u00e9 \u00e0 vocation solidaire vient de s&rsquo;ouvrir, non loin du Notara26, pr\u00e9cis\u00e9ment rue Spirou Trikoupi. Nous allons \u00e9galement l&rsquo;aider, dans la mesure de nos capacit\u00e9s.<\/p>\n<p>Tous les messages de soutiens, documents et dessins sont les bienvenus.<\/p>\n<p>Merci, \u03b5\u03c5\u03c7\u03b1\u03c1\u03b9\u03c3\u03c4\u03ce!<\/p>\n<p>Yannis Youlountas\u00a0\/ collectif Anepos<\/p>\n<p>Mini calendrier :<br \/>\n\u2013 chargement de ce convoi le dimanche 22 janvier (avec\u00a0Patrice K, Claire, Eric S, Annick,\u00a0et quelques autres)<br \/>\n\u2013 d\u00e9part le 23 au matin vers Ancona pour la travers\u00e9e (pour ma part, je conduirai l&rsquo;un des fourgons avec Eric S.)<br \/>\n\u2013 livraisons \u00e0 partir du 25 janvier (avec l&rsquo;aide de\u00a0Mimi, entre autres)<br \/>\n\u2013 convois suivants en f\u00e9vrier, d\u00e9but et fin mars (pour ma part, je serai \u00e9galement du voyage de fin mars, cette fois avec\u00a0Maud, et toujours en tournage parall\u00e8lement)<br \/>\n\u2013\u00a0Natalia O Nath\u00a0nous rejoindra sur place par la suite<\/p>\n<p>Nouveaux points collectes pour d\u00e9poser les fournitures recherch\u00e9es : Marseille, Nice, Toulouse, Plaisance du Touch, Lyon, M\u00e2con, Albi, Lavaur, Revel et Castres (\u00e0 suivre).<br \/>\nContact : <a class=\"moz-txt-link-abbreviated\" href=\"mailto:anepos@no-log.org\" rel=\"noreferrer\">anepos@no-log.org<\/a><br \/>\nAdresse postale : Anepos BP10 81540 Sor\u00e8ze<\/p>\n<p>Participer la solidarit\u00e9 :<br \/>\n<a class=\"moz-txt-link-freetext\" href=\"http:\/\/jeluttedoncjesuis.net\/spip.php?rubrique4\" target=\"_blank\" rel=\"noreferrer noopener\">http:\/\/jeluttedoncjesuis.net\/spip.php?rubrique4<\/a><br \/>\nPoignante solidarit\u00e9 entre les m\u00f4mes :<br \/>\n<a class=\"moz-txt-link-freetext\" href=\"https:\/\/www.facebook.com\/yyoulountas\/posts\/1698064180504202\" target=\"_blank\" rel=\"noreferrer noopener\">https:\/\/www.facebook.com\/yyoulountas\/posts\/1698064180504202<\/a><\/p>\n<hr \/>\n<h2 style=\"text-align: left;\" align=\"center\"><span style=\"color: #993366;\">Je donne,<\/span> <span style=\"color: #0000ff;\">je vends<\/span>, <span style=\"color: #99cc00;\">je pr\u00eate<\/span>, <span style=\"color: #ff6600;\">je loue<\/span>, <span style=\"color: #ffcc00;\">je recherche<\/span>, <span style=\"color: #800080;\">offres d&#8217;emploi&#8230;<\/span><\/h2>\n<p>Vous pouvez nous faire part de toutes vos suggestions, bonnes id\u00e9es, propositions solidaires\u00a0:<\/p>\n<ul>\n<li>vous avez des terres, un petit terrain ou votre jardin et ne savez quoi en faire, vous pouvez peut-\u00eatre les mettre \u00e0 disposition de futurs mara\u00eechers<\/li>\n<li>vous avez trop de l\u00e9gumes, de fruits dans votre potager ou votre panier de l\u00e9gumes, de pain ou d&rsquo;\u0153ufs qui se retrouvent bien seul(s) pendant les vacances, pourquoi ne pas les offrir \u00e0 ceux qui n\u2019en ont pas.<\/li>\n<li>vous avez un canap\u00e9 \u00e0 donner, une maison \u00e0 vendre, une piscine \u00e0 partager, un \u00e9l\u00e9phant \u00e0 louer, une voiture \u00e0 pr\u00eater&#8230; passez l&rsquo;info.<\/li>\n<li>Vous recherchez une\/un babysitter pour passer une soir\u00e9e tranquille dans votre jardin, un ing\u00e9nieur en a\u00e9rospatial et \u00e9crivain pour \u00e9crire votre biographie, une aide-m\u00e9nag\u00e8re qui sait jongler avec la vaisselle de m\u00e9m\u00e9 , un cuisinier alchimiste, un assistant pour vous assister&#8230;.<\/li>\n<\/ul>\n<p style=\"text-align: left;\" align=\"center\">Pour d\u00e9poser une annonce,\u00a0c\u2019est \u00e0 \u00ab\u00a0<a href=\"http:\/\/le-gout-des-autres.net\/WordPress3\/contact\/\">Contactez-nous<\/a>\u00a0\u00bb qu\u2019il faut cliquer !<\/p>\n","protected":false},"excerpt":{"rendered":"<p>F\u00e9vrier 2017 Pronomade(s) en Haute-Garonne part \u00e0 la recherche de son\/sa comptable principal(e)&#8230; Fouillez vos r\u00e9seaux professionnels, (re)pensez \u00e0 vos proches et amis, faites circuler l&rsquo;information&#8230; peut-\u00eatre que la perle rare que nous cherchons est parmi vous, ou juste \u00e0 c\u00f4t\u00e9 ! Si vous-m\u00eame ou l\u2019un de vos proches a le profil requis et n\u00e9cessaire &#8230;<br \/><a class=\"read-more-link btn btn-outline-secondary\" href=\"https:\/\/le-gout-des-autres.net\/WordPress3\/petites-annonces\/\">Lire la suite<\/a><\/p>\n","protected":false},"author":2,"featured_media":0,"parent":0,"menu_order":0,"comment_status":"closed","ping_status":"closed","template":"","meta":{"footnotes":""},"class_list":["post-332","page","type-page","status-publish","hentry"],"post_mailing_queue_ids":[],"_links":{"self":[{"href":"https:\/\/le-gout-des-autres.net\/WordPress3\/wp-json\/wp\/v2\/pages\/332","targetHints":{"allow":["GET"]}}],"collection":[{"href":"https:\/\/le-gout-des-autres.net\/WordPress3\/wp-json\/wp\/v2\/pages"}],"about":[{"href":"https:\/\/le-gout-des-autres.net\/WordPress3\/wp-json\/wp\/v2\/types\/page"}],"author":[{"embeddable":true,"href":"https:\/\/le-gout-des-autres.net\/WordPress3\/wp-json\/wp\/v2\/users\/2"}],"replies":[{"embeddable":true,"href":"https:\/\/le-gout-des-autres.net\/WordPress3\/wp-json\/wp\/v2\/comments?post=332"}],"version-history":[{"count":23,"href":"https:\/\/le-gout-des-autres.net\/WordPress3\/wp-json\/wp\/v2\/pages\/332\/revisions"}],"predecessor-version":[{"id":6639,"href":"https:\/\/le-gout-des-autres.net\/WordPress3\/wp-json\/wp\/v2\/pages\/332\/revisions\/6639"}],"wp:attachment":[{"href":"https:\/\/le-gout-des-autres.net\/WordPress3\/wp-json\/wp\/v2\/media?parent=332"}],"curies":[{"name":"wp","href":"https:\/\/api.w.org\/{rel}","templated":true}]}}