{"id":321,"date":"2014-01-18T17:31:33","date_gmt":"2014-01-18T16:31:33","guid":{"rendered":"http:\/\/le-gout-des-autres.net\/WordPress3\/?page_id=321"},"modified":"2018-04-15T18:24:18","modified_gmt":"2018-04-15T16:24:18","slug":"nous-rejoindre","status":"publish","type":"page","link":"https:\/\/le-gout-des-autres.net\/WordPress3\/nous-rejoindre\/","title":{"rendered":"Nous rejoindre"},"content":{"rendered":"<h5 style=\"text-align: left;\" align=\"center\">Pourquoi ?<\/h5>\n<p style=\"text-align: left;\" align=\"center\">Parce que passer des id\u00e9es aux actes permet de d\u00e9fendre au plus pr\u00e8s de chez soi des modes de vie plus respectueux de la nature et de l\u2019autre qu\u2019il soit proche ou lointain.<\/p>\n<p style=\"text-align: left;\" align=\"center\">Parce que nos achats feront vivre les\u00a0familles de nos producteurs.<\/p>\n<h5 style=\"text-align: left;\" align=\"center\">O\u00f9 ?<\/h5>\n<p style=\"text-align: left;\" align=\"center\">Sous le hangar au 1200 chemin des Cassagnous 31870\u00a0 Lagardelle-sur-L\u00e8ze o\u00f9 vous trouverez des permanents souriants, les mardi de 17h30 \u00e0 19h.<\/p>\n<p><a href=\"http:\/\/le-gout-des-autres.net\/WordPress3\/wp-content\/uploads\/2014\/01\/plan_hangar.jpg\" target=\"blank\"><img loading=\"lazy\" decoding=\"async\" class=\"aligncenter size-thumbnail wp-image-2625\" src=\"http:\/\/le-gout-des-autres.net\/WordPress3\/wp-content\/uploads\/2014\/01\/plan_hangar-150x150.jpg\" alt=\"plan_hangar\" width=\"150\" height=\"150\" \/><\/a><\/p>\n<h5 style=\"text-align: left;\" align=\"center\">Comment ?<\/h5>\n<h6 style=\"text-align: left;\" align=\"center\">La cotisation est de 10 \u20ac minimum et de 1 000 000 \u20ac maximum !<\/h6>\n<p style=\"text-align: left;\" align=\"center\"><strong>Venez<\/strong> remplir votre bulletin d&rsquo;adh\u00e9sion apr\u00e8s avoir lu, relu et re-relu la\u00a0<a href=\"http:\/\/le-gout-des-autres.net\/WordPress3\/wp-content\/uploads\/2014\/01\/Charte.pdf\" target=\"_blank\" rel=\"noopener\">Charte<\/a> le mardi soir sous le hangar lors des livraisons des producteurs.<\/p>\n<p style=\"text-align: left;\" align=\"center\">(notre mail : <a href=\"mailto:contact@le-gout-des-autres.net\">contact@le-gout-des-autres.net).<\/a><\/p>\n<p style=\"text-align: left;\" align=\"center\">Adh\u00e9rer au Go\u00fbt des autres est n\u00e9cessaire pour passer commande \u00e0 un producteur.<\/p>\n<p style=\"text-align: left;\" align=\"center\">Le go\u00fbt des autres propose cela comme un service.<\/p>\n","protected":false},"excerpt":{"rendered":"<p>Pourquoi ? Parce que passer des id\u00e9es aux actes permet de d\u00e9fendre au plus pr\u00e8s de chez soi des modes de vie plus respectueux de la nature et de l\u2019autre qu\u2019il soit proche ou lointain. Parce que nos achats feront vivre les\u00a0familles de nos producteurs. O\u00f9 ? Sous le hangar au 1200 chemin des Cassagnous &#8230;<br \/><a class=\"read-more-link btn btn-outline-secondary\" href=\"https:\/\/le-gout-des-autres.net\/WordPress3\/nous-rejoindre\/\">Lire la suite<\/a><\/p>\n","protected":false},"author":2,"featured_media":0,"parent":0,"menu_order":0,"comment_status":"open","ping_status":"open","template":"","meta":{"footnotes":""},"class_list":["post-321","page","type-page","status-publish","hentry"],"post_mailing_queue_ids":[],"_links":{"self":[{"href":"https:\/\/le-gout-des-autres.net\/WordPress3\/wp-json\/wp\/v2\/pages\/321","targetHints":{"allow":["GET"]}}],"collection":[{"href":"https:\/\/le-gout-des-autres.net\/WordPress3\/wp-json\/wp\/v2\/pages"}],"about":[{"href":"https:\/\/le-gout-des-autres.net\/WordPress3\/wp-json\/wp\/v2\/types\/page"}],"author":[{"embeddable":true,"href":"https:\/\/le-gout-des-autres.net\/WordPress3\/wp-json\/wp\/v2\/users\/2"}],"replies":[{"embeddable":true,"href":"https:\/\/le-gout-des-autres.net\/WordPress3\/wp-json\/wp\/v2\/comments?post=321"}],"version-history":[{"count":26,"href":"https:\/\/le-gout-des-autres.net\/WordPress3\/wp-json\/wp\/v2\/pages\/321\/revisions"}],"predecessor-version":[{"id":4611,"href":"https:\/\/le-gout-des-autres.net\/WordPress3\/wp-json\/wp\/v2\/pages\/321\/revisions\/4611"}],"wp:attachment":[{"href":"https:\/\/le-gout-des-autres.net\/WordPress3\/wp-json\/wp\/v2\/media?parent=321"}],"curies":[{"name":"wp","href":"https:\/\/api.w.org\/{rel}","templated":true}]}}