{"id":296,"date":"2014-01-06T13:51:24","date_gmt":"2014-01-06T12:51:24","guid":{"rendered":"http:\/\/le-gout-des-autres.net\/WordPress3\/?page_id=296"},"modified":"2022-03-25T09:10:48","modified_gmt":"2022-03-25T08:10:48","slug":"les-raisins-du-bonheur","status":"publish","type":"page","link":"https:\/\/le-gout-des-autres.net\/WordPress3\/les-raisins-du-bonheur\/","title":{"rendered":"Mill\u00e9sime de jus de raisins"},"content":{"rendered":"<p><img loading=\"lazy\" decoding=\"async\" src=\"http:\/\/le-gout-des-autres.net\/WordPress3\/wp-content\/uploads\/2018\/06\/perramond-225x300.jpg\" alt=\"\" width=\"225\" height=\"300\" class=\"alignleft size-medium wp-image-4888\" srcset=\"https:\/\/le-gout-des-autres.net\/WordPress3\/wp-content\/uploads\/2018\/06\/perramond-225x300.jpg 225w, https:\/\/le-gout-des-autres.net\/WordPress3\/wp-content\/uploads\/2018\/06\/perramond.jpg 336w\" sizes=\"auto, (max-width: 225px) 100vw, 225px\" \/><strong>Christine et Philippe Perramond \u00e0 Ferral-les-corbi\u00e8res (11)<\/strong><\/p>\n<p>Une trentaine d\u2019hectares de terre, des heures de soleil, un bon kilo de pieds de vigne, une cuill\u00e8re \u00e0 soupe de bouillie bordelaise et une pinc\u00e9e de souffre&#8230;voil\u00e0 la recette du bon jus de raisin pasteuris\u00e9.<\/p>\n<p>Christine et Philippe sont les heureux parents de 4 enfants et de 2 jus diff\u00e9rents, en cours de certification Bio :<br \/>\n<strong>&#8211; Grenache &#8211; Carignan<br \/>\n&#8211; Grenache &#8211; Cinseault<\/strong><br \/>\nLe go\u00fbt de chacun est un peu diff\u00e9rent, mais toujours bien sucr\u00e9 et fruit\u00e9. Il se conserve deux ans avant ouverture, quelques jours au frigo une fois ouvert.<\/p>\n<p>Le jus est vendu par bouteille d&rsquo;un litre \u00e0 3\u20ac la bouteille.<br \/>\nPhilippe et Christine souhaitent r\u00e9cup\u00e9rer les bouteilles vides. Pensez \u00e0 les ramener sinon c\u2019est la fess\u00e9e !<\/p>\n","protected":false},"excerpt":{"rendered":"<p>Christine et Philippe Perramond \u00e0 Ferral-les-corbi\u00e8res (11) Une trentaine d\u2019hectares de terre, des heures de soleil, un bon kilo de pieds de vigne, une cuill\u00e8re \u00e0 soupe de bouillie bordelaise et une pinc\u00e9e de souffre&#8230;voil\u00e0 la recette du bon jus de raisin pasteuris\u00e9. Christine et Philippe sont les heureux parents de 4 enfants et de &#8230;<br \/><a class=\"read-more-link btn btn-outline-secondary\" href=\"https:\/\/le-gout-des-autres.net\/WordPress3\/les-raisins-du-bonheur\/\">Lire la suite<\/a><\/p>\n","protected":false},"author":2,"featured_media":0,"parent":0,"menu_order":0,"comment_status":"closed","ping_status":"closed","template":"","meta":{"footnotes":""},"class_list":["post-296","page","type-page","status-publish","hentry"],"post_mailing_queue_ids":[],"_links":{"self":[{"href":"https:\/\/le-gout-des-autres.net\/WordPress3\/wp-json\/wp\/v2\/pages\/296","targetHints":{"allow":["GET"]}}],"collection":[{"href":"https:\/\/le-gout-des-autres.net\/WordPress3\/wp-json\/wp\/v2\/pages"}],"about":[{"href":"https:\/\/le-gout-des-autres.net\/WordPress3\/wp-json\/wp\/v2\/types\/page"}],"author":[{"embeddable":true,"href":"https:\/\/le-gout-des-autres.net\/WordPress3\/wp-json\/wp\/v2\/users\/2"}],"replies":[{"embeddable":true,"href":"https:\/\/le-gout-des-autres.net\/WordPress3\/wp-json\/wp\/v2\/comments?post=296"}],"version-history":[{"count":12,"href":"https:\/\/le-gout-des-autres.net\/WordPress3\/wp-json\/wp\/v2\/pages\/296\/revisions"}],"predecessor-version":[{"id":5039,"href":"https:\/\/le-gout-des-autres.net\/WordPress3\/wp-json\/wp\/v2\/pages\/296\/revisions\/5039"}],"wp:attachment":[{"href":"https:\/\/le-gout-des-autres.net\/WordPress3\/wp-json\/wp\/v2\/media?parent=296"}],"curies":[{"name":"wp","href":"https:\/\/api.w.org\/{rel}","templated":true}]}}