{"id":22,"date":"2013-10-16T11:24:38","date_gmt":"2013-10-16T09:24:38","guid":{"rendered":"http:\/\/le-gout-des-autres.net\/WordPress3\/?page_id=22"},"modified":"2021-03-01T18:53:46","modified_gmt":"2021-03-01T17:53:46","slug":"producteurs","status":"publish","type":"page","link":"https:\/\/le-gout-des-autres.net\/WordPress3\/espace-ouvert-aux-adherents\/producteurs\/","title":{"rendered":"Nos producteurs"},"content":{"rendered":"<p>Si vous voulez tout savoir sur nos paysans-partenaires, vous \u00eates au bon endroit !<\/p>\n<p>Nous sommes accompagn\u00e9s d&rsquo;\u00e9leveurs de poulets sauvages, d&rsquo;agneaux aux dents pointues, de veaux aux rondeurs d\u00e9licieuses, de poules qui pondent des dents, de porcs ensaucissonn\u00e9s mais aussi&#8230; de boulangers qui s&rsquo;aiment, d&rsquo;un brasseur qui crawle, d&rsquo;une cuisini\u00e8re qui buche, de belles filles de lait&#8230;<\/p>\n<p>Cliquez sur les ic\u00f4nes pour tout savoir sur chaque producteur !<\/p>\n<div align=\"center\"><img decoding=\"async\" src=\"http:\/\/le-gout-des-autres.net\/WordPress3\/wp-content\/uploads\/2017\/09\/producteurs1.jpg\" alt=\"\" usemap=\"#Map\"><\/p>\n<map id=\"Map\" name=\"Map\">\n<area title=\"Pain\" alt=\"\" coords=\"588,610,593,574,593,574,606,566,675,567,687,592,680,614,636,618,636,618\" shape=\"poly\" href=\"http:\/\/le-gout-des-autres.net\/WordPress3\/du-pain-sur-la-planche\/\" target=\"_blank\">\n<area title=\"L\u00e9gumes\" alt=\"\" coords=\"617,118,672,117,693,83,653,57,610,47,591,95\" shape=\"poly\" href=\"http:\/\/le-gout-des-autres.net\/WordPress3\/une-valse-de-legumes-sans-sucre-rajoute\/\" target=\"_blank\">\n<area title=\"Agneau\" alt=\"\" coords=\"973,862,1054,868,1061,945,976,944\" shape=\"poly\" href=\"http:\/\/le-gout-des-autres.net\/WordPress3\/lagneau-de-vincent\/\" target=\"_blank\">\n<area title=\"Veau\" alt=\"\" coords=\"718,810,716,860,652,862,657,809\" shape=\"poly\" href=\"http:\/\/le-gout-des-autres.net\/WordPress3\/rien-ne-veau-le-boeuf\/\" target=\"_blank\">\n<area title=\"Porc\" alt=\"\" coords=\"767,456,821,459,821,497,773,497\" shape=\"poly\" href=\"http:\/\/le-gout-des-autres.net\/WordPress3\/le-porc-est-gascon-noir-et-libre\/\" target=\"_blank\">\n<area title=\"Par\u00e9is Circus\" alt=\"\" coords=\"775,422,753,376,709,374,703,420\" shape=\"poly\" href=\"http:\/\/le-gout-des-autres.net\/WordPress3\/les-pieds-sous-la-table\/\" target=\"_blank\">\n<area title=\"Truites\" alt=\"\" coords=\"184,845,274,848,247,915,185,909\" shape=\"poly\" href=\"http:\/\/le-gout-des-autres.net\/WordPress3\/attention-truites-sauvages\/\" target=\"_blank\">\n<area title=\"Oeufs\" alt=\"\" coords=\"743,499,803,502,802,535,741,538\" shape=\"poly\" href=\"http:\/\/le-gout-des-autres.net\/WordPress3\/tous-les-oeufs-dans-un-meme-panier\/\" target=\"_blank\">\n<area title=\"Triolait\" alt=\"\" coords=\"595,604,544,603,529,666,594,659\" shape=\"poly\" href=\"http:\/\/le-gout-des-autres.net\/WordPress3\/5-produits-laitiers-sinon-rien\/\" target=\"_blank\">\n<area title=\"Fromages Ch\u00e8vres\" alt=\"\" coords=\"646,733,743,740,745,794,647,792\" shape=\"poly\" href=\"http:\/\/le-gout-des-autres.net\/WordPress3\/tomme-qui-roule\/\" target=\"_blank\">\n<area title=\"Terres de Solan\" alt=\"\" coords=\"591,514,685,514,684,564,590,566,578,537\" shape=\"poly\" href=\"http:\/\/le-gout-des-autres.net\/WordPress3\/sur-les-terres-de-solan\/\" target=\"_blank\">\n<area title=\"Vins de Fanny\" alt=\"\" coords=\"1426,467,1488,463,1487,548,1424,538\" shape=\"poly\" href=\"http:\/\/le-gout-des-autres.net\/WordPress3\/le-vin-du-bonheur\/\" target=\"_blank\">\n<area title=\"Pommes\" alt=\"\" coords=\"743,329,814,332,815,382,756,376,746,359\" shape=\"poly\" href=\"http:\/\/le-gout-des-autres.net\/WordPress3\/jamais-de-pepins-au-vernou\/\" target=\"_blank\">\n<area title=\"Miel\" alt=\"\" coords=\"12,466,76,475,77,529,30,544,8,527\" shape=\"poly\" href=\"http:\/\/le-gout-des-autres.net\/WordPress3\/lune-de-miel\/\" target=\"_blank\">\n<area title=\"Poulets\" alt=\"\" coords=\"714,425,770,425,764,472,716,472\" shape=\"poly\" href=\"http:\/\/le-gout-des-autres.net\/WordPress3\/le-poulet-qui-court-plus-vite\/\" target=\"_blank\">\n<area title=\"Biscuits Oie gourmande\" alt=\"\" coords=\"546,569,541,611,497,621,496,574\" shape=\"poly\" href=\"http:\/\/le-gout-des-autres.net\/WordPress3\/des-biscuits-et-mon-coeur-chaud\/\" target=\"_blank\">\n<area title=\"Patates douces\" alt=\"\" coords=\"835,405,919,410,923,459,832,460\" shape=\"poly\" href=\"http:\/\/le-gout-des-autres.net\/WordPress3\/de-douces-patates\/\" target=\"_blank\">\n<area title=\"Beaut\u00e9 et Tisanes\" alt=\"\" coords=\"542,385,543,442,457,444,458,385\" shape=\"poly\" href=\"http:\/\/le-gout-des-autres.net\/WordPress3\/prenez-soin-de-vos-fesses\/\" target=\"_blank\">\n<area title=\"Jus de raisins\" alt=\"\" coords=\"1353,505,1415,510,1426,552,1341,554\" shape=\"poly\" href=\"http:\/\/le-gout-des-autres.net\/WordPress3\/les-raisins-du-bonheur\/\" target=\"_blank\">\n<area title=\"Plants de l\u00e9gumes\" alt=\"\" coords=\"622,120,694,121,712,152,603,159,601,125\" shape=\"poly\" href=\"http:\/\/le-gout-des-autres.net\/WordPress3\/les-bons-plants\/\" target=\"_blank\">\n<area title=\"Biograneta\" alt=\"\" coords=\"798,33,866,35,875,79,831,90,801,80,793,52\" shape=\"poly\" href=\"http:\/\/le-gout-des-autres.net\/WordPress3\/des-pates-oui-mais-des-biograneta\/\" target=\"_blank\">\n<area title=\"Confitures et Fruits rouges\" alt=\"\" coords=\"681,36,794,38,790,60,798,75,802,89,732,94,689,80\" shape=\"poly\" href=\"http:\/\/le-gout-des-autres.net\/WordPress3\/des-petits-fruits-en-pot-ou-en-vrac\/\" target=\"_blank\">\n<area title=\"Chocolat cru\" alt=\"\" coords=\"754,608,828,609,833,680,766,680,745,653\" shape=\"poly\" href=\"http:\/\/le-gout-des-autres.net\/WordPress3\/chocolat-qui-leut-cru\/\" target=\"_blank\">\n<area title=\"Noix\" alt=\"\" coords=\"880,1,974,4,978,70,877,63\" shape=\"poly\" href=\"http:\/\/le-gout-des-autres.net\/WordPress3\/a-la-noix\/\" target=\"_blank\">\n<area title=\"Ch\u00e2taignes\" alt=\"\" coords=\"1351,1,1486,4,1485,86,1359,83\" shape=\"poly\" href=\"http:\/\/le-gout-des-autres.net\/WordPress3\/un-bogue-de-chataignes\/\" target=\"_blank\">\n<area title=\"Ap\u00e9ritif sureau\" alt=\"\" coords=\"841,768,837,705,727,698,722,756,750,766,781,775\" shape=\"poly\" href=\"http:\/\/le-gout-des-autres.net\/WordPress3\/apero-sureau\/\" target=\"_blank\">\n<area title=\"\" alt=\"\" coords=\"\" shape=\"poly\" href=\"#\">\n<area title=\"\" alt=\"\" coords=\"\" shape=\"poly\" href=\"#\"> <\/map>\n<\/div>\n<p><script><br \/>\njQuery(document).ready(function(e) {<br \/>\n    jQuery('img[usemap]').rwdImageMaps();<br \/>\n});<br \/>\n<\/script><\/p>\n","protected":false},"excerpt":{"rendered":"<p>Si vous voulez tout savoir sur nos paysans-partenaires, vous \u00eates au bon endroit ! Nous sommes accompagn\u00e9s d&rsquo;\u00e9leveurs de poulets sauvages, d&rsquo;agneaux aux dents pointues, de veaux aux rondeurs d\u00e9licieuses, de poules qui pondent des dents, de porcs ensaucissonn\u00e9s mais aussi&#8230; de boulangers qui s&rsquo;aiment, d&rsquo;un brasseur qui crawle, d&rsquo;une cuisini\u00e8re qui buche, de belles &#8230;<br \/><a class=\"read-more-link btn btn-outline-secondary\" href=\"https:\/\/le-gout-des-autres.net\/WordPress3\/espace-ouvert-aux-adherents\/producteurs\/\">Lire la suite<\/a><\/p>\n","protected":false},"author":1,"featured_media":0,"parent":2522,"menu_order":0,"comment_status":"closed","ping_status":"open","template":"","meta":{"footnotes":""},"class_list":["post-22","page","type-page","status-publish","hentry"],"post_mailing_queue_ids":[],"_links":{"self":[{"href":"https:\/\/le-gout-des-autres.net\/WordPress3\/wp-json\/wp\/v2\/pages\/22","targetHints":{"allow":["GET"]}}],"collection":[{"href":"https:\/\/le-gout-des-autres.net\/WordPress3\/wp-json\/wp\/v2\/pages"}],"about":[{"href":"https:\/\/le-gout-des-autres.net\/WordPress3\/wp-json\/wp\/v2\/types\/page"}],"author":[{"embeddable":true,"href":"https:\/\/le-gout-des-autres.net\/WordPress3\/wp-json\/wp\/v2\/users\/1"}],"replies":[{"embeddable":true,"href":"https:\/\/le-gout-des-autres.net\/WordPress3\/wp-json\/wp\/v2\/comments?post=22"}],"version-history":[{"count":79,"href":"https:\/\/le-gout-des-autres.net\/WordPress3\/wp-json\/wp\/v2\/pages\/22\/revisions"}],"predecessor-version":[{"id":6620,"href":"https:\/\/le-gout-des-autres.net\/WordPress3\/wp-json\/wp\/v2\/pages\/22\/revisions\/6620"}],"up":[{"embeddable":true,"href":"https:\/\/le-gout-des-autres.net\/WordPress3\/wp-json\/wp\/v2\/pages\/2522"}],"wp:attachment":[{"href":"https:\/\/le-gout-des-autres.net\/WordPress3\/wp-json\/wp\/v2\/media?parent=22"}],"curies":[{"name":"wp","href":"https:\/\/api.w.org\/{rel}","templated":true}]}}