{"id":193,"date":"2013-12-19T17:04:11","date_gmt":"2013-12-19T16:04:11","guid":{"rendered":"http:\/\/le-gout-des-autres.net\/WordPress3\/?page_id=193"},"modified":"2022-03-25T09:10:00","modified_gmt":"2022-03-25T08:10:00","slug":"tomme-qui-roule","status":"publish","type":"page","link":"https:\/\/le-gout-des-autres.net\/WordPress3\/tomme-qui-roule\/","title":{"rendered":"Tomme qui roule"},"content":{"rendered":"<p><img loading=\"lazy\" decoding=\"async\" class=\"alignright size-full wp-image-4844\" src=\"http:\/\/le-gout-des-autres.net\/WordPress3\/wp-content\/uploads\/2018\/06\/logo-AB-europeen.jpg\" alt=\"\" width=\"163\" height=\"72\" \/><b>Eric WYON de La ch\u00e8vrerie de Mondely \u00e0 La Bastide-de-S\u00e9rou(09)<\/b><\/p>\n<p>Dans la ferme, perch\u00e9e sur une colline dominant le lac de Mond\u00e9ly, vous pourrez d\u00e9couvrir des ch\u00e8vres qui se prennent pour des chamois, des crottins qui d\u00e9valent les coteaux et des tommes m\u00e9daill\u00e9es au Concours National des Fromages de Ch\u00e8vre Fermiers.<\/p>\n<p>&nbsp;<\/p>\n<p><a href=\"http:\/\/le-gout-des-autres.net\/WordPress3\/wp-content\/uploads\/2013\/12\/R011951.jpg\"><img loading=\"lazy\" decoding=\"async\" class=\" size-medium wp-image-1210 alignnone\" src=\"http:\/\/le-gout-des-autres.net\/WordPress3\/wp-content\/uploads\/2013\/12\/R011951-300x225.jpg\" alt=\"_R011951\" width=\"300\" height=\"225\" srcset=\"https:\/\/le-gout-des-autres.net\/WordPress3\/wp-content\/uploads\/2013\/12\/R011951-300x225.jpg 300w, https:\/\/le-gout-des-autres.net\/WordPress3\/wp-content\/uploads\/2013\/12\/R011951-1024x768.jpg 1024w, https:\/\/le-gout-des-autres.net\/WordPress3\/wp-content\/uploads\/2013\/12\/R011951-600x450.jpg 600w\" sizes=\"auto, (max-width: 300px) 100vw, 300px\" \/><\/a><\/p>\n<p>D\u00e9couvrez la <strong>tomme de ch\u00e8vre<\/strong> avec ou sans \u00e9corce d&rsquo;\u00e9pic\u00e9a, enti\u00e8re, en demi ou en quart et les <strong>crottins<\/strong>, frais, sec ou demi-sec !<\/p>\n","protected":false},"excerpt":{"rendered":"<p>Eric WYON de La ch\u00e8vrerie de Mondely \u00e0 La Bastide-de-S\u00e9rou(09) Dans la ferme, perch\u00e9e sur une colline dominant le lac de Mond\u00e9ly, vous pourrez d\u00e9couvrir des ch\u00e8vres qui se prennent pour des chamois, des crottins qui d\u00e9valent les coteaux et des tommes m\u00e9daill\u00e9es au Concours National des Fromages de Ch\u00e8vre Fermiers. &nbsp; D\u00e9couvrez la tomme &#8230;<br \/><a class=\"read-more-link btn btn-outline-secondary\" href=\"https:\/\/le-gout-des-autres.net\/WordPress3\/tomme-qui-roule\/\">Lire la suite<\/a><\/p>\n","protected":false},"author":2,"featured_media":0,"parent":0,"menu_order":0,"comment_status":"closed","ping_status":"closed","template":"","meta":{"footnotes":""},"class_list":["post-193","page","type-page","status-publish","hentry"],"post_mailing_queue_ids":[],"_links":{"self":[{"href":"https:\/\/le-gout-des-autres.net\/WordPress3\/wp-json\/wp\/v2\/pages\/193","targetHints":{"allow":["GET"]}}],"collection":[{"href":"https:\/\/le-gout-des-autres.net\/WordPress3\/wp-json\/wp\/v2\/pages"}],"about":[{"href":"https:\/\/le-gout-des-autres.net\/WordPress3\/wp-json\/wp\/v2\/types\/page"}],"author":[{"embeddable":true,"href":"https:\/\/le-gout-des-autres.net\/WordPress3\/wp-json\/wp\/v2\/users\/2"}],"replies":[{"embeddable":true,"href":"https:\/\/le-gout-des-autres.net\/WordPress3\/wp-json\/wp\/v2\/comments?post=193"}],"version-history":[{"count":10,"href":"https:\/\/le-gout-des-autres.net\/WordPress3\/wp-json\/wp\/v2\/pages\/193\/revisions"}],"predecessor-version":[{"id":4913,"href":"https:\/\/le-gout-des-autres.net\/WordPress3\/wp-json\/wp\/v2\/pages\/193\/revisions\/4913"}],"wp:attachment":[{"href":"https:\/\/le-gout-des-autres.net\/WordPress3\/wp-json\/wp\/v2\/media?parent=193"}],"curies":[{"name":"wp","href":"https:\/\/api.w.org\/{rel}","templated":true}]}}