{"id":189,"date":"2013-12-19T17:02:05","date_gmt":"2013-12-19T16:02:05","guid":{"rendered":"http:\/\/le-gout-des-autres.net\/WordPress3\/?page_id=189"},"modified":"2022-03-25T09:10:12","modified_gmt":"2022-03-25T08:10:12","slug":"prenez-soin-de-vos-fesses","status":"publish","type":"page","link":"https:\/\/le-gout-des-autres.net\/WordPress3\/prenez-soin-de-vos-fesses\/","title":{"rendered":"Les secrets de beaut\u00e9 de Wonder&#8230;."},"content":{"rendered":"<p><img loading=\"lazy\" decoding=\"async\" src=\"http:\/\/le-gout-des-autres.net\/WordPress3\/wp-content\/uploads\/2018\/06\/logo-nature-et-progres.gif\" alt=\"\" width=\"99\" height=\"141\" class=\"alignright size-full wp-image-4845\" \/><img loading=\"lazy\" decoding=\"async\" src=\"http:\/\/le-gout-des-autres.net\/WordPress3\/wp-content\/uploads\/2018\/06\/logo-AB-europeen.jpg\" alt=\"\" width=\"163\" height=\"72\" class=\"alignright size-full wp-image-4844\" \/><figure id=\"attachment_1574\" aria-describedby=\"caption-attachment-1574\" style=\"width: 300px\" class=\"wp-caption alignleft\"><a href=\"http:\/\/le-gout-des-autres.net\/WordPress3\/wp-content\/uploads\/2013\/12\/art_167_36042_lariguet-labo-avril-2012.jpg\"><img loading=\"lazy\" decoding=\"async\" class=\"wp-image-1574 size-medium\" src=\"http:\/\/le-gout-des-autres.net\/WordPress3\/wp-content\/uploads\/2013\/12\/art_167_36042_lariguet-labo-avril-2012-300x225.jpg\" alt=\"art_167_36042_lariguet-labo-avril-2012\" width=\"300\" height=\"225\" srcset=\"https:\/\/le-gout-des-autres.net\/WordPress3\/wp-content\/uploads\/2013\/12\/art_167_36042_lariguet-labo-avril-2012-300x225.jpg 300w, https:\/\/le-gout-des-autres.net\/WordPress3\/wp-content\/uploads\/2013\/12\/art_167_36042_lariguet-labo-avril-2012-600x450.jpg 600w, https:\/\/le-gout-des-autres.net\/WordPress3\/wp-content\/uploads\/2013\/12\/art_167_36042_lariguet-labo-avril-2012.jpg 640w\" sizes=\"auto, (max-width: 300px) 100vw, 300px\" \/><\/a><figcaption id=\"caption-attachment-1574\" class=\"wp-caption-text\">Dedans<\/figcaption><\/figure>\n<p>&nbsp;<\/p>\n<p>&nbsp;<\/p>\n<p>&nbsp;<\/p>\n<p>&nbsp;<\/p>\n<p>&nbsp;<\/p>\n<figure id=\"attachment_1579\" aria-describedby=\"caption-attachment-1579\" style=\"width: 288px\" class=\"wp-caption alignleft\"><a href=\"http:\/\/le-gout-des-autres.net\/WordPress3\/wp-content\/uploads\/2013\/12\/imgres4.jpg\"><img loading=\"lazy\" decoding=\"async\" class=\"wp-image-1579\" src=\"http:\/\/le-gout-des-autres.net\/WordPress3\/wp-content\/uploads\/2013\/12\/imgres4.jpg\" alt=\"imgres\" width=\"288\" height=\"216\" \/><\/a><figcaption id=\"caption-attachment-1579\" class=\"wp-caption-text\">Dehors<\/figcaption><\/figure>\n<p>&nbsp;<\/p>\n<p>&nbsp;<\/p>\n<p>&nbsp;<\/p>\n<p>&nbsp;<\/p>\n<p>&nbsp;<\/p>\n<p>&nbsp;<\/p>\n<p><strong>CAMELINE&#8230;<\/strong><\/p>\n<p>Arm\u00e9e de ses fioles, de son vortex\u00a0magique, et forte de son entra\u00eenement en docteur \u00e8s sciences \u00a0en biologie mol\u00e9culaire des plantes pendant 10 ans, Patricia\u00a0est la femme parfaite des laboratoires. Elle est charmante, intelligente, forte, mais a n\u00e9anmoins un c\u00f4t\u00e9 tr\u00e8s nature.<\/p>\n<p>Elle d\u00e9cide de vivre \u00e0 Latrape et devient WonderCameline !\u00a0Elle recycle les mati\u00e8res premi\u00e8res, l\u2019eau de pluie ou la bouse de ses vaches comme engrais. Elle cultive la lavande, le calendula, la mauve, la verveine, dans son petit potager tr\u00e8s fleuri et bien entretenu. Les autres ingr\u00e9dients proviennent des petits producteurs locaux.<\/p>\n<p>Dans son atelier, gr\u00e2ce \u00e0 son alambic en cuivre, elle extrait les hydrolats de ses diverses plantes\u00a0qui\u00a0seront m\u00e9lang\u00e9s avec de l&rsquo;huile dans lesquelles les plantes ont infus\u00e9, ou de la cire d&rsquo;abeille, afin de cr\u00e9er des cr\u00e8mes, des lotions et des huiles.<\/p>\n<h6 style=\"text-align: center;\"><a title=\"Cameline : une productrice de soins et d\u2019infusions arrive sous le hangar\" href=\"http:\/\/le-gout-des-autres.net\/WordPress3\/2015\/03\/une-nouvelle-productrice-sous-le-hangar-le-24-mars\/\"><strong>Tous ces produits garantissent\u00a0<\/strong><strong>la \u00abfleur de l\u2019\u00e2ge\u00bb de vos fesses !<\/strong><\/a>\u00a0cliquez sur les fesses !<\/h6>\n<h6 style=\"text-align: center;\"><\/h6>\n<p>&nbsp;<br \/>\nson site : <a href=\"http:\/\/www.cosmetiques-cameline.fr\" target=\"_blank\" rel=\"noopener\">www.cosmetiques-cameline.fr<\/a><br \/>\n&nbsp;<\/p>\n","protected":false},"excerpt":{"rendered":"<p>&nbsp; &nbsp; &nbsp; &nbsp; &nbsp; &nbsp; &nbsp; &nbsp; &nbsp; &nbsp; &nbsp; CAMELINE&#8230; Arm\u00e9e de ses fioles, de son vortex\u00a0magique, et forte de son entra\u00eenement en docteur \u00e8s sciences \u00a0en biologie mol\u00e9culaire des plantes pendant 10 ans, Patricia\u00a0est la femme parfaite des laboratoires. Elle est charmante, intelligente, forte, mais a n\u00e9anmoins un c\u00f4t\u00e9 tr\u00e8s nature. Elle &#8230;<br \/><a class=\"read-more-link btn btn-outline-secondary\" href=\"https:\/\/le-gout-des-autres.net\/WordPress3\/prenez-soin-de-vos-fesses\/\">Lire la suite<\/a><\/p>\n","protected":false},"author":2,"featured_media":0,"parent":0,"menu_order":0,"comment_status":"closed","ping_status":"closed","template":"","meta":{"footnotes":""},"class_list":["post-189","page","type-page","status-publish","hentry"],"post_mailing_queue_ids":[],"_links":{"self":[{"href":"https:\/\/le-gout-des-autres.net\/WordPress3\/wp-json\/wp\/v2\/pages\/189","targetHints":{"allow":["GET"]}}],"collection":[{"href":"https:\/\/le-gout-des-autres.net\/WordPress3\/wp-json\/wp\/v2\/pages"}],"about":[{"href":"https:\/\/le-gout-des-autres.net\/WordPress3\/wp-json\/wp\/v2\/types\/page"}],"author":[{"embeddable":true,"href":"https:\/\/le-gout-des-autres.net\/WordPress3\/wp-json\/wp\/v2\/users\/2"}],"replies":[{"embeddable":true,"href":"https:\/\/le-gout-des-autres.net\/WordPress3\/wp-json\/wp\/v2\/comments?post=189"}],"version-history":[{"count":24,"href":"https:\/\/le-gout-des-autres.net\/WordPress3\/wp-json\/wp\/v2\/pages\/189\/revisions"}],"predecessor-version":[{"id":6865,"href":"https:\/\/le-gout-des-autres.net\/WordPress3\/wp-json\/wp\/v2\/pages\/189\/revisions\/6865"}],"wp:attachment":[{"href":"https:\/\/le-gout-des-autres.net\/WordPress3\/wp-json\/wp\/v2\/media?parent=189"}],"curies":[{"name":"wp","href":"https:\/\/api.w.org\/{rel}","templated":true}]}}