{"id":181,"date":"2013-12-19T16:41:40","date_gmt":"2013-12-19T15:41:40","guid":{"rendered":"http:\/\/le-gout-des-autres.net\/WordPress3\/?page_id=181"},"modified":"2022-03-25T09:10:09","modified_gmt":"2022-03-25T08:10:09","slug":"les-pieds-sous-la-table","status":"publish","type":"page","link":"https:\/\/le-gout-des-autres.net\/WordPress3\/les-pieds-sous-la-table\/","title":{"rendered":"Les pieds sous la table"},"content":{"rendered":"<p><img loading=\"lazy\" decoding=\"async\" src=\"http:\/\/le-gout-des-autres.net\/WordPress3\/wp-content\/uploads\/2018\/06\/logo-AB-europeen.jpg\" alt=\"\" width=\"163\" height=\"72\" class=\"alignright size-full wp-image-4844\" \/><\/p>\n<p style=\"text-align: left;\" align=\"center\"><b><a href=\"http:\/\/le-gout-des-autres.net\/WordPress3\/wp-content\/uploads\/2013\/12\/DSC00164-Copie-189x300.jpg\"><img loading=\"lazy\" decoding=\"async\" class=\" size-medium wp-image-1234 alignleft\" src=\"http:\/\/le-gout-des-autres.net\/WordPress3\/wp-content\/uploads\/2013\/12\/DSC00164-Copie-189x300-189x300.jpg\" alt=\"DSC00164-Copie-189x300\" width=\"189\" height=\"300\" \/><\/a>&#8230; avec <b>Sandrine Brault et son <em><b>Par\u00e9is Circus <\/b><\/em>\u00e0 Montbrun Bocage (31)<\/b>\u00a0 !<\/b><\/p>\n<p><b><\/b>Si vous courez apr\u00e8s le temps<br \/>\nSi vous surfez sous la vague<br \/>\nSi vous cuisinez entre les devoirs et les bisous<br \/>\nSi vous r\u00eavez d&rsquo;un Mardi sans chichi<br \/>\nSi vous r\u00eavez de madeleines au coeur choco-surprise<br \/>\nSi vous r\u00eavez de nager dans une soupe de pois-cass\u00e9s au cumin<br \/>\nAvec Sandrine, vos r\u00eaves se r\u00e9aliseront&#8230;.<b><\/b><\/p>\n<p><b>\u00a0Vous avez la possibilit\u00e9 de commander des : <\/b><strong>Tarte<\/strong> aux oignons, romarin, olives noires, aux poireaux, au fromage de vache et piment d&rsquo;espelette, <strong>Soupe<\/strong> de pois cass\u00e9s, cumin et huile d&rsquo;olive, <strong>Fondant au chocolat<\/strong> et Bergamote ou sel de gu\u00e9rande ou \u00e0 la menthe (avec ou sans gluten), <strong>Brownies<\/strong> : noisettes, \u00e9corces d&rsquo;oranges confites, noix, gingembre confit, <strong>Madeleines<\/strong> coeur choco-surprise, Moelleux aux \u00e9pices <strong>sans gluten<\/strong>, D\u00e9lice de Sonia aux pommes mais tout cela <strong>change r\u00e9guli\u00e8rement en fonction de la saison<\/strong>.<\/p>\n<p>Le <strong>r\u00e9jouisseur des papilles engag\u00e9es, c&rsquo;est \u201c<a href=\"http:\/\/pareiscircus.fr\/\" target=\"_blank\" rel=\"noopener\">pareiscircus.fr<\/a>\u00ab\u00a0<\/strong><\/p>\n<p>(Cliquez et vous trouverez la liste des produits avec leurs ingr\u00e9dients, les fournisseurs, la d\u00e9marche et les nouveaut\u00e9s de la semaine ou commande sp\u00e9ciale.)<\/p>\n<p><b>Et pour une belle f\u00eate de No\u00ebl \u00a0<\/b>avec le sapin qui d\u00e9gouline de boules, la mamie qui dort dans son assiette, le cousin avec des crottes de nez, le papa qui ouvre les moules, le maman sur des patins \u00e0 roulettes pour servir la dinde chaude et le tonton en tenu de P\u00e8re No\u00ebl d\u00e9mod\u00e9 &#8230;<br \/>\nil vous faut une belle B\u00dbCHE de NO\u00cbL :<br \/>\n&#8211; une b\u00fbche \u00e0 la cr\u00e8me de marrons et une chantilly maison bien s\u00fbr<\/p>\n<p>&#8211; une b\u00fbche au citron et miel, nappage au chocolat noir et chantilly.<\/p>\n<p>Les b\u00fbches sont des recettes de la grand-m\u00e8re de Sandrine qui ne dormait jamais dans son assiette !<br \/>\nSans beurre (ni dans la g\u00e9noise, ni dans la garniture) elles sont donc tr\u00e8s l\u00e9g\u00e8res.<br \/>\n2 formats : la 6 parts, 18 cm, 16,50\u20ac et la 10 parts, 30cm, 27\u20ac.<\/p>\n<p>&nbsp;<\/p>\n","protected":false},"excerpt":{"rendered":"<p>&#8230; avec Sandrine Brault et son Par\u00e9is Circus \u00e0 Montbrun Bocage (31)\u00a0 ! Si vous courez apr\u00e8s le temps Si vous surfez sous la vague Si vous cuisinez entre les devoirs et les bisous Si vous r\u00eavez d&rsquo;un Mardi sans chichi Si vous r\u00eavez de madeleines au coeur choco-surprise Si vous r\u00eavez de nager dans &#8230;<br \/><a class=\"read-more-link btn btn-outline-secondary\" href=\"https:\/\/le-gout-des-autres.net\/WordPress3\/les-pieds-sous-la-table\/\">Lire la suite<\/a><\/p>\n","protected":false},"author":2,"featured_media":0,"parent":0,"menu_order":0,"comment_status":"closed","ping_status":"closed","template":"","meta":{"footnotes":""},"class_list":["post-181","page","type-page","status-publish","hentry"],"post_mailing_queue_ids":[],"_links":{"self":[{"href":"https:\/\/le-gout-des-autres.net\/WordPress3\/wp-json\/wp\/v2\/pages\/181","targetHints":{"allow":["GET"]}}],"collection":[{"href":"https:\/\/le-gout-des-autres.net\/WordPress3\/wp-json\/wp\/v2\/pages"}],"about":[{"href":"https:\/\/le-gout-des-autres.net\/WordPress3\/wp-json\/wp\/v2\/types\/page"}],"author":[{"embeddable":true,"href":"https:\/\/le-gout-des-autres.net\/WordPress3\/wp-json\/wp\/v2\/users\/2"}],"replies":[{"embeddable":true,"href":"https:\/\/le-gout-des-autres.net\/WordPress3\/wp-json\/wp\/v2\/comments?post=181"}],"version-history":[{"count":12,"href":"https:\/\/le-gout-des-autres.net\/WordPress3\/wp-json\/wp\/v2\/pages\/181\/revisions"}],"predecessor-version":[{"id":6864,"href":"https:\/\/le-gout-des-autres.net\/WordPress3\/wp-json\/wp\/v2\/pages\/181\/revisions\/6864"}],"wp:attachment":[{"href":"https:\/\/le-gout-des-autres.net\/WordPress3\/wp-json\/wp\/v2\/media?parent=181"}],"curies":[{"name":"wp","href":"https:\/\/api.w.org\/{rel}","templated":true}]}}