{"id":178,"date":"2013-12-19T16:37:58","date_gmt":"2013-12-19T15:37:58","guid":{"rendered":"http:\/\/le-gout-des-autres.net\/WordPress3\/?page_id=178"},"modified":"2022-03-25T09:09:09","modified_gmt":"2022-03-25T08:09:09","slug":"des-biscuits-et-mon-coeur-chaud","status":"publish","type":"page","link":"https:\/\/le-gout-des-autres.net\/WordPress3\/des-biscuits-et-mon-coeur-chaud\/","title":{"rendered":"Des biscuits et un c\u0153ur chaud"},"content":{"rendered":"<p><img loading=\"lazy\" decoding=\"async\" class=\"alignright size-full wp-image-4845\" src=\"http:\/\/le-gout-des-autres.net\/WordPress3\/wp-content\/uploads\/2018\/06\/logo-nature-et-progres.gif\" alt=\"\" width=\"99\" height=\"141\"><\/p>\n<p style=\"text-align: left;\" align=\"center\"><a href=\"http:\/\/le-gout-des-autres.net\/WordPress3\/wp-content\/uploads\/2014\/01\/blog-photo-oie-gourmande-recadree.jpg\"><img loading=\"lazy\" decoding=\"async\" class=\" size-medium wp-image-482 alignleft\" src=\"http:\/\/le-gout-des-autres.net\/WordPress3\/wp-content\/uploads\/2014\/01\/blog-photo-oie-gourmande-recadree-224x300.jpg\" alt=\"blog-photo-oie gourmande-recadree\" width=\"224\" height=\"300\" srcset=\"https:\/\/le-gout-des-autres.net\/WordPress3\/wp-content\/uploads\/2014\/01\/blog-photo-oie-gourmande-recadree-224x300.jpg 224w, https:\/\/le-gout-des-autres.net\/WordPress3\/wp-content\/uploads\/2014\/01\/blog-photo-oie-gourmande-recadree.jpg 540w\" sizes=\"auto, (max-width: 224px) 100vw, 224px\" \/><\/a><\/p>\n<p style=\"text-align: left;\" align=\"center\"><em><b>&#8230; Voulez-vous, mon p&rsquo;tit coco ?&nbsp; <\/b><\/em><\/p>\n<p style=\"text-align: left;\" align=\"center\"><em>Ils vendaient des petits g\u00e2teaux,<\/em><br>\n<em> Qu&rsquo;ils pliaient bien comme il faut,<\/em><br>\n<em> Dans un joli papier blanc,<\/em><br>\n<em> Entour\u00e9 d&rsquo;un petit ruban,<\/em><br>\n<em> Il lui dit, d&rsquo;un petit air doux,<\/em><br>\n<em> \u00ab\u00a0Ben, mon cher monsieur, si vous<\/em><br>\n<em> n&rsquo;aimez pas les g\u00e2teaux secs,<\/em><br>\n<em> Mangez donc de la confiture avec\u00a0\u00bb !<\/em><\/p>\n<p style=\"text-align: left;\" align=\"right\">(Chanson cr\u00e9\u00e9e par Mayol en 1919 ET modifi\u00e9e par le <em>Go\u00fbt des autres<\/em> en 2014 !)<\/p>\n<p>Am\u00e9lie et Martin c&rsquo;est une histoire \u00e0 4 mains plong\u00e9es dans la farine de bl\u00e9, de petit \u00e9peautre et de sarrasin. Les amandes, les \u0153ufs, les p\u00e9pites de chocolat, le sucre, le beurre, les figues et les noisettes se battent pour plonger dans cette histoire d&rsquo;amour.<em><a href=\"http:\/\/le-gout-des-autres.net\/WordPress3\/wp-content\/uploads\/2013\/12\/P1030761.jpg\"><img loading=\"lazy\" decoding=\"async\" class=\" size-medium wp-image-1566 alignright\" src=\"http:\/\/le-gout-des-autres.net\/WordPress3\/wp-content\/uploads\/2013\/12\/P1030761-300x225.jpg\" alt=\"P1030761\" width=\"300\" height=\"225\" srcset=\"https:\/\/le-gout-des-autres.net\/WordPress3\/wp-content\/uploads\/2013\/12\/P1030761-300x225.jpg 300w, https:\/\/le-gout-des-autres.net\/WordPress3\/wp-content\/uploads\/2013\/12\/P1030761-1024x768.jpg 1024w, https:\/\/le-gout-des-autres.net\/WordPress3\/wp-content\/uploads\/2013\/12\/P1030761-600x450.jpg 600w, https:\/\/le-gout-des-autres.net\/WordPress3\/wp-content\/uploads\/2013\/12\/P1030761.jpg 2048w\" sizes=\"auto, (max-width: 300px) 100vw, 300px\" \/><\/a><\/em><\/p>\n<p>Martin et Am\u00e9lie de L&rsquo;OIE GOURMANDE \u00e0 St Girons (09) vous concoctent des <strong>biscuits<\/strong>&nbsp;vendus par deux \u00e0 19 euros\/kg.<\/p>\n<p>Ils vendent \u00e9galement des g\u00e2teaux ap\u00e9ritifs, du d\u00e9licieux caramel \u00e0 tartiner et maintenant de tendres pains burger !<\/p>\n<p><b> \u00c0 vous de faire vos m\u00e9langes <\/b><\/p>\n<p>Allez faire un tour sur leur nouveau site : <strong><a href=\"http:\/\/www.biscuiterieloiegourmande.fr\" target=\"_blank\" rel=\"noopener noreferrer\">biscuiterieloiegourmande.fr<\/a><\/strong><\/p>\n\n\n<figure class=\"wp-block-image size-large\"><img loading=\"lazy\" decoding=\"async\" width=\"540\" height=\"281\" src=\"http:\/\/le-gout-des-autres.net\/WordPress3\/wp-content\/uploads\/2020\/01\/oie_gourmande.jpg\" alt=\"\" class=\"wp-image-6102\" srcset=\"https:\/\/le-gout-des-autres.net\/WordPress3\/wp-content\/uploads\/2020\/01\/oie_gourmande.jpg 540w, https:\/\/le-gout-des-autres.net\/WordPress3\/wp-content\/uploads\/2020\/01\/oie_gourmande-300x156.jpg 300w\" sizes=\"auto, (max-width: 540px) 100vw, 540px\" \/><\/figure>\n\n\n\n<p>A lire et \u00e9couter un reportage de France Bleu du 10 janvier 2020 : <a rel=\"noreferrer noopener\" aria-label=\"https:\/\/www.francebleu.fr\/vie-quotidienne\/cuisine\/biscuiterie-l-oie-gourmande-en-ariege-a-saint-girons-1578311005 (s\u2019ouvre dans un nouvel onglet)\" href=\"https:\/\/www.francebleu.fr\/vie-quotidienne\/cuisine\/biscuiterie-l-oie-gourmande-en-ariege-a-saint-girons-1578311005\" target=\"_blank\">https:\/\/www.francebleu.fr\/vie-quotidienne\/cuisine\/biscuiterie-l-oie-gourmande-en-ariege-a-saint-girons-1578311005<\/a><\/p>\n","protected":false},"excerpt":{"rendered":"<p>&#8230; Voulez-vous, mon p&rsquo;tit coco ?&nbsp; Ils vendaient des petits g\u00e2teaux, Qu&rsquo;ils pliaient bien comme il faut, Dans un joli papier blanc, Entour\u00e9 d&rsquo;un petit ruban, Il lui dit, d&rsquo;un petit air doux, \u00ab\u00a0Ben, mon cher monsieur, si vous n&rsquo;aimez pas les g\u00e2teaux secs, Mangez donc de la confiture avec\u00a0\u00bb ! (Chanson cr\u00e9\u00e9e par Mayol &#8230;<br \/><a class=\"read-more-link btn btn-outline-secondary\" href=\"https:\/\/le-gout-des-autres.net\/WordPress3\/des-biscuits-et-mon-coeur-chaud\/\">Lire la suite<\/a><\/p>\n","protected":false},"author":2,"featured_media":0,"parent":0,"menu_order":0,"comment_status":"closed","ping_status":"closed","template":"","meta":{"footnotes":""},"class_list":["post-178","page","type-page","status-publish","hentry"],"post_mailing_queue_ids":[],"_links":{"self":[{"href":"https:\/\/le-gout-des-autres.net\/WordPress3\/wp-json\/wp\/v2\/pages\/178","targetHints":{"allow":["GET"]}}],"collection":[{"href":"https:\/\/le-gout-des-autres.net\/WordPress3\/wp-json\/wp\/v2\/pages"}],"about":[{"href":"https:\/\/le-gout-des-autres.net\/WordPress3\/wp-json\/wp\/v2\/types\/page"}],"author":[{"embeddable":true,"href":"https:\/\/le-gout-des-autres.net\/WordPress3\/wp-json\/wp\/v2\/users\/2"}],"replies":[{"embeddable":true,"href":"https:\/\/le-gout-des-autres.net\/WordPress3\/wp-json\/wp\/v2\/comments?post=178"}],"version-history":[{"count":24,"href":"https:\/\/le-gout-des-autres.net\/WordPress3\/wp-json\/wp\/v2\/pages\/178\/revisions"}],"predecessor-version":[{"id":6103,"href":"https:\/\/le-gout-des-autres.net\/WordPress3\/wp-json\/wp\/v2\/pages\/178\/revisions\/6103"}],"wp:attachment":[{"href":"https:\/\/le-gout-des-autres.net\/WordPress3\/wp-json\/wp\/v2\/media?parent=178"}],"curies":[{"name":"wp","href":"https:\/\/api.w.org\/{rel}","templated":true}]}}