{"id":174,"date":"2013-12-19T16:30:59","date_gmt":"2013-12-19T15:30:59","guid":{"rendered":"http:\/\/le-gout-des-autres.net\/WordPress3\/?page_id=174"},"modified":"2022-03-25T09:07:42","modified_gmt":"2022-03-25T08:07:42","slug":"5-produits-laitiers-sinon-rien","status":"publish","type":"page","link":"https:\/\/le-gout-des-autres.net\/WordPress3\/5-produits-laitiers-sinon-rien\/","title":{"rendered":"5 produits laitiers sinon rien"},"content":{"rendered":"<p><img loading=\"lazy\" decoding=\"async\" class=\"alignleft size-medium wp-image-4935\" src=\"http:\/\/le-gout-des-autres.net\/WordPress3\/wp-content\/uploads\/2018\/06\/chevres-300x225.jpg\" alt=\"\" width=\"300\" height=\"225\" srcset=\"https:\/\/le-gout-des-autres.net\/WordPress3\/wp-content\/uploads\/2018\/06\/chevres-300x225.jpg 300w, https:\/\/le-gout-des-autres.net\/WordPress3\/wp-content\/uploads\/2018\/06\/chevres-768x576.jpg 768w, https:\/\/le-gout-des-autres.net\/WordPress3\/wp-content\/uploads\/2018\/06\/chevres-1024x768.jpg 1024w, https:\/\/le-gout-des-autres.net\/WordPress3\/wp-content\/uploads\/2018\/06\/chevres.jpg 1500w\" sizes=\"auto, (max-width: 300px) 100vw, 300px\" \/><img loading=\"lazy\" decoding=\"async\" class=\"alignright size-full wp-image-4844\" src=\"http:\/\/le-gout-des-autres.net\/WordPress3\/wp-content\/uploads\/2018\/06\/logo-AB-europeen.jpg\" alt=\"\" width=\"163\" height=\"72\" \/><img loading=\"lazy\" decoding=\"async\" class=\"alignright size-full wp-image-4929\" src=\"http:\/\/le-gout-des-autres.net\/WordPress3\/wp-content\/uploads\/2018\/06\/demeter_logo.png\" alt=\"\" width=\"186\" height=\"108\" \/><\/p>\n<p style=\"text-align: left;\" align=\"center\"><b>&#8230; <a href=\"http:\/\/www.terredeliens.org\/portecluse\" target=\"_blank\" rel=\"noopener noreferrer\"> de <b>la ferme de <\/b>Portecluse <b>\u00e0 Campagne-sur-Arize (09)<\/b> !<\/a><\/b>\u00a0(cliquez dessus pour en savoir un peu plus!)<\/p>\n<p>Tous leurs animaux paissent comme des bienheureux dans les champs et les collines de la ferme. Lorsqu&rsquo;ils sont malades, ils sont soign\u00e9s par hom\u00e9opathie et naturopathie \u00e0 chaque fois que cela est possible.<\/p>\n<p>Lait cru, tommes, yaourts, fromages blancs, fromages de ch\u00e8vre frais nature, au cumin, \u00e0 la ciboulette, faisselle, genre camembert ou perail&#8230; Tout y est pour r\u00e9galer vos papilles !<\/p>\n<p>Le <a href=\"http:\/\/le-gout-des-autres.net\/WordPress3\/category\/contrats-amap\/\" target=\"_blank\" rel=\"noopener noreferrer\"><strong>contrat AMAP<\/strong><\/a> est annuel mais le choix des produits est trimestriel.<br \/>\n<em>Un minimum de 4\u20ac par panier est demand\u00e9.<\/em><\/p>\n<p><strong>2 types de contrat<\/strong> sont propos\u00e9s:<br \/>\n&#8211; 1 contrat <strong>vache-ch\u00e8vre-brebis<\/strong> sur 4 trimestres<br \/>\n&#8211; 1 contrat <strong>ch\u00e8vre-brebis<\/strong> sur 3 trimestres<\/p>\n<p>L&rsquo;adh\u00e9sion est possible en cours d&rsquo;ann\u00e9e, avant chaque nouveau trimestre.<\/p>\n","protected":false},"excerpt":{"rendered":"<p>&#8230; de la ferme de Portecluse \u00e0 Campagne-sur-Arize (09) !\u00a0(cliquez dessus pour en savoir un peu plus!) Tous leurs animaux paissent comme des bienheureux dans les champs et les collines de la ferme. Lorsqu&rsquo;ils sont malades, ils sont soign\u00e9s par hom\u00e9opathie et naturopathie \u00e0 chaque fois que cela est possible. Lait cru, tommes, yaourts, fromages &#8230;<br \/><a class=\"read-more-link btn btn-outline-secondary\" href=\"https:\/\/le-gout-des-autres.net\/WordPress3\/5-produits-laitiers-sinon-rien\/\">Lire la suite<\/a><\/p>\n","protected":false},"author":2,"featured_media":0,"parent":0,"menu_order":0,"comment_status":"closed","ping_status":"closed","template":"","meta":{"footnotes":""},"class_list":["post-174","page","type-page","status-publish","hentry"],"post_mailing_queue_ids":[],"_links":{"self":[{"href":"https:\/\/le-gout-des-autres.net\/WordPress3\/wp-json\/wp\/v2\/pages\/174","targetHints":{"allow":["GET"]}}],"collection":[{"href":"https:\/\/le-gout-des-autres.net\/WordPress3\/wp-json\/wp\/v2\/pages"}],"about":[{"href":"https:\/\/le-gout-des-autres.net\/WordPress3\/wp-json\/wp\/v2\/types\/page"}],"author":[{"embeddable":true,"href":"https:\/\/le-gout-des-autres.net\/WordPress3\/wp-json\/wp\/v2\/users\/2"}],"replies":[{"embeddable":true,"href":"https:\/\/le-gout-des-autres.net\/WordPress3\/wp-json\/wp\/v2\/comments?post=174"}],"version-history":[{"count":26,"href":"https:\/\/le-gout-des-autres.net\/WordPress3\/wp-json\/wp\/v2\/pages\/174\/revisions"}],"predecessor-version":[{"id":6079,"href":"https:\/\/le-gout-des-autres.net\/WordPress3\/wp-json\/wp\/v2\/pages\/174\/revisions\/6079"}],"wp:attachment":[{"href":"https:\/\/le-gout-des-autres.net\/WordPress3\/wp-json\/wp\/v2\/media?parent=174"}],"curies":[{"name":"wp","href":"https:\/\/api.w.org\/{rel}","templated":true}]}}