{"id":166,"date":"2013-12-19T16:23:31","date_gmt":"2013-12-19T15:23:31","guid":{"rendered":"http:\/\/le-gout-des-autres.net\/WordPress3\/?page_id=166"},"modified":"2022-11-21T17:03:44","modified_gmt":"2022-11-21T16:03:44","slug":"rien-ne-veau-le-boeuf","status":"publish","type":"page","link":"https:\/\/le-gout-des-autres.net\/WordPress3\/rien-ne-veau-le-boeuf\/","title":{"rendered":"Rien ne veau le b\u0153uf"},"content":{"rendered":"<p><img loading=\"lazy\" decoding=\"async\" class=\"alignright size-full wp-image-4844\" src=\"http:\/\/le-gout-des-autres.net\/WordPress3\/wp-content\/uploads\/2018\/06\/logo-AB-europeen.jpg\" alt=\"\" width=\"163\" height=\"72\"><\/p>\n<p style=\"text-align: left;\" align=\"center\"><strong><a href=\"https:\/\/le-gout-des-autres.net\/WordPress3\/wp-content\/uploads\/2022\/11\/aron2.jpg\"><img loading=\"lazy\" decoding=\"async\" class=\"alignleft wp-image-7045 size-medium\" src=\"https:\/\/le-gout-des-autres.net\/WordPress3\/wp-content\/uploads\/2022\/11\/aron2-298x300.jpg\" alt=\"\" width=\"298\" height=\"300\" srcset=\"https:\/\/le-gout-des-autres.net\/WordPress3\/wp-content\/uploads\/2022\/11\/aron2-298x300.jpg 298w, https:\/\/le-gout-des-autres.net\/WordPress3\/wp-content\/uploads\/2022\/11\/aron2-150x150.jpg 150w, https:\/\/le-gout-des-autres.net\/WordPress3\/wp-content\/uploads\/2022\/11\/aron2-768x774.jpg 768w, https:\/\/le-gout-des-autres.net\/WordPress3\/wp-content\/uploads\/2022\/11\/aron2.jpg 952w\" sizes=\"auto, (max-width: 298px) 100vw, 298px\" \/><\/a>&#8230; de <\/strong><strong>Lory et Ludo, le Gaec du Chemin d&rsquo;ARON, \u00e0 la Bastide de S\u00e9rou (09) !<\/strong><\/p>\n<p>Lory et Ludo \u00e9l\u00e8vent des poules pondeuses et des veaux sous la m\u00e8re en agriculture biologique, en libert\u00e9 sur de vastes prairies avec vue sur les montagnes.<\/p>\n<p><b>Carton de VEAU ou de BOEUF en colis de 3 ou 5 kg ou au d\u00e9tail :&nbsp; <\/b>saucisses, steaks hach\u00e9s, escalope, r\u00f4ti, blanquette, osso bucco, c\u00f4tes&#8230; etc etc&#8230;<\/p>\n\n\n<figure class=\"wp-block-image size-large is-resized\"><a href=\"https:\/\/le-gout-des-autres.net\/WordPress3\/wp-content\/uploads\/2022\/11\/gros-plan-aron.jpg\"><img loading=\"lazy\" decoding=\"async\" src=\"https:\/\/le-gout-des-autres.net\/WordPress3\/wp-content\/uploads\/2022\/11\/gros-plan-aron-1024x768.jpg\" alt=\"\" class=\"wp-image-7049\" width=\"256\" height=\"192\" srcset=\"https:\/\/le-gout-des-autres.net\/WordPress3\/wp-content\/uploads\/2022\/11\/gros-plan-aron-1024x768.jpg 1024w, https:\/\/le-gout-des-autres.net\/WordPress3\/wp-content\/uploads\/2022\/11\/gros-plan-aron-300x225.jpg 300w, https:\/\/le-gout-des-autres.net\/WordPress3\/wp-content\/uploads\/2022\/11\/gros-plan-aron-768x576.jpg 768w, https:\/\/le-gout-des-autres.net\/WordPress3\/wp-content\/uploads\/2022\/11\/gros-plan-aron-1536x1152.jpg 1536w, https:\/\/le-gout-des-autres.net\/WordPress3\/wp-content\/uploads\/2022\/11\/gros-plan-aron.jpg 2048w\" sizes=\"auto, (max-width: 256px) 100vw, 256px\" \/><\/a><\/figure>\n","protected":false},"excerpt":{"rendered":"<p>&#8230; de Lory et Ludo, le Gaec du Chemin d&rsquo;ARON, \u00e0 la Bastide de S\u00e9rou (09) ! Lory et Ludo \u00e9l\u00e8vent des poules pondeuses et des veaux sous la m\u00e8re en agriculture biologique, en libert\u00e9 sur de vastes prairies avec vue sur les montagnes. Carton de VEAU ou de BOEUF en colis de 3 ou &#8230;<br \/><a class=\"read-more-link btn btn-outline-secondary\" href=\"https:\/\/le-gout-des-autres.net\/WordPress3\/rien-ne-veau-le-boeuf\/\">Lire la suite<\/a><\/p>\n","protected":false},"author":2,"featured_media":0,"parent":0,"menu_order":0,"comment_status":"closed","ping_status":"closed","template":"","meta":{"footnotes":""},"class_list":["post-166","page","type-page","status-publish","hentry"],"post_mailing_queue_ids":[],"_links":{"self":[{"href":"https:\/\/le-gout-des-autres.net\/WordPress3\/wp-json\/wp\/v2\/pages\/166","targetHints":{"allow":["GET"]}}],"collection":[{"href":"https:\/\/le-gout-des-autres.net\/WordPress3\/wp-json\/wp\/v2\/pages"}],"about":[{"href":"https:\/\/le-gout-des-autres.net\/WordPress3\/wp-json\/wp\/v2\/types\/page"}],"author":[{"embeddable":true,"href":"https:\/\/le-gout-des-autres.net\/WordPress3\/wp-json\/wp\/v2\/users\/2"}],"replies":[{"embeddable":true,"href":"https:\/\/le-gout-des-autres.net\/WordPress3\/wp-json\/wp\/v2\/comments?post=166"}],"version-history":[{"count":13,"href":"https:\/\/le-gout-des-autres.net\/WordPress3\/wp-json\/wp\/v2\/pages\/166\/revisions"}],"predecessor-version":[{"id":7051,"href":"https:\/\/le-gout-des-autres.net\/WordPress3\/wp-json\/wp\/v2\/pages\/166\/revisions\/7051"}],"wp:attachment":[{"href":"https:\/\/le-gout-des-autres.net\/WordPress3\/wp-json\/wp\/v2\/media?parent=166"}],"curies":[{"name":"wp","href":"https:\/\/api.w.org\/{rel}","templated":true}]}}