{"id":163,"date":"2013-12-19T16:16:40","date_gmt":"2013-12-19T15:16:40","guid":{"rendered":"http:\/\/le-gout-des-autres.net\/WordPress3\/?page_id=163"},"modified":"2022-03-25T09:09:19","modified_gmt":"2022-03-25T08:09:19","slug":"le-poulet-qui-court-plus-vite","status":"publish","type":"page","link":"https:\/\/le-gout-des-autres.net\/WordPress3\/le-poulet-qui-court-plus-vite\/","title":{"rendered":"Le poulet qui court plus vite"},"content":{"rendered":"<p style=\"text-align: left;\" align=\"center\"><b><a href=\"http:\/\/le-gout-des-autres.net\/WordPress3\/wp-content\/uploads\/2013\/12\/Sent-151639.jpg\"><img loading=\"lazy\" decoding=\"async\" class=\" size-medium wp-image-1218 alignleft\" src=\"http:\/\/le-gout-des-autres.net\/WordPress3\/wp-content\/uploads\/2013\/12\/Sent-151639-300x223.jpg\" alt=\"Sent-151639\" width=\"300\" height=\"223\" srcset=\"https:\/\/le-gout-des-autres.net\/WordPress3\/wp-content\/uploads\/2013\/12\/Sent-151639-300x223.jpg 300w, https:\/\/le-gout-des-autres.net\/WordPress3\/wp-content\/uploads\/2013\/12\/Sent-151639-600x446.jpg 600w, https:\/\/le-gout-des-autres.net\/WordPress3\/wp-content\/uploads\/2013\/12\/Sent-151639.jpg 935w\" sizes=\"auto, (max-width: 300px) 100vw, 300px\" \/><\/a>Le poulet qui court plus vite\u00a0que son ombre !<\/b><\/p>\n<p style=\"text-align: left;\" align=\"center\"><strong>Nicolas et Anna Mysline de la <a href=\"http:\/\/www.ferme-de-fontvieille.com\/\" target=\"_blank\" rel=\"noopener\">Ferme de Fontvieille<\/a> (09)<\/strong><\/p>\n<p><strong>Nicolas et Anna<\/strong> \u00e9l\u00e8vent leurs enfants, des poulets, des pintades, des dindes dans de grands espaces sans aliments du commerce, sans antibiotique et sans OGM&#8230;Des moutons charmois p\u00e2turent toute l\u2019ann\u00e9e dans les parcs \u00e0 volailles trop grand pour ceux ci&#8230;.Vous pouvez y laisser vos enfants pour une cure de sant\u00e9 ! Ils vous reviendront avec des ailes et des cuisses bien tendres !<\/p>\n<p>La ferme est sur les c\u00f4teaux de 60 hectares en agriculture biologique, entre Auterive et Saverdun.<\/p>\n<p><strong>La commande est tous les 15 jours.<\/strong><\/p>\n<p><strong>Voici les produits que vous pouvez trouver chez Nicolas:<\/strong><\/p>\n<p>Des <strong>poulets entiers<\/strong>:<br \/>\n&#8211; Petit (1,5 kg &lt;-&gt; 1,8 kg)<br \/>\n&#8211; Moyen (1,8 kg &lt;-&gt; 2 kg)<br \/>\n&#8211; Gros (&gt; 2 Kg)<\/p>\n<p>Ou en <strong>morceaux <\/strong>sous vide : escalopes, cuisses, ailes, paupiettes&#8230; Le nombre par paquet \u00e0 pr\u00e9ciser \u00e0 la commande<\/p>\n<p>Et \u00e9galement du saut\u00e9 de poulet, du r\u00f4ti de <strong>pintade <\/strong>aux c\u00e8pes&#8230;<\/p>\n<p>Et pour les f\u00eates de No\u00ebl des <strong>volailles <\/strong>en folie : poulet, chapon, poularde, pintadou, canard, y&rsquo;en a pour tous les go\u00fbts !<\/p>\n","protected":false},"excerpt":{"rendered":"<p>Le poulet qui court plus vite\u00a0que son ombre ! Nicolas et Anna Mysline de la Ferme de Fontvieille (09) Nicolas et Anna \u00e9l\u00e8vent leurs enfants, des poulets, des pintades, des dindes dans de grands espaces sans aliments du commerce, sans antibiotique et sans OGM&#8230;Des moutons charmois p\u00e2turent toute l\u2019ann\u00e9e dans les parcs \u00e0 volailles trop &#8230;<br \/><a class=\"read-more-link btn btn-outline-secondary\" href=\"https:\/\/le-gout-des-autres.net\/WordPress3\/le-poulet-qui-court-plus-vite\/\">Lire la suite<\/a><\/p>\n","protected":false},"author":2,"featured_media":0,"parent":0,"menu_order":0,"comment_status":"closed","ping_status":"closed","template":"","meta":{"footnotes":""},"class_list":["post-163","page","type-page","status-publish","hentry"],"post_mailing_queue_ids":[],"_links":{"self":[{"href":"https:\/\/le-gout-des-autres.net\/WordPress3\/wp-json\/wp\/v2\/pages\/163","targetHints":{"allow":["GET"]}}],"collection":[{"href":"https:\/\/le-gout-des-autres.net\/WordPress3\/wp-json\/wp\/v2\/pages"}],"about":[{"href":"https:\/\/le-gout-des-autres.net\/WordPress3\/wp-json\/wp\/v2\/types\/page"}],"author":[{"embeddable":true,"href":"https:\/\/le-gout-des-autres.net\/WordPress3\/wp-json\/wp\/v2\/users\/2"}],"replies":[{"embeddable":true,"href":"https:\/\/le-gout-des-autres.net\/WordPress3\/wp-json\/wp\/v2\/comments?post=163"}],"version-history":[{"count":8,"href":"https:\/\/le-gout-des-autres.net\/WordPress3\/wp-json\/wp\/v2\/pages\/163\/revisions"}],"predecessor-version":[{"id":4875,"href":"https:\/\/le-gout-des-autres.net\/WordPress3\/wp-json\/wp\/v2\/pages\/163\/revisions\/4875"}],"wp:attachment":[{"href":"https:\/\/le-gout-des-autres.net\/WordPress3\/wp-json\/wp\/v2\/media?parent=163"}],"curies":[{"name":"wp","href":"https:\/\/api.w.org\/{rel}","templated":true}]}}