{"id":160,"date":"2013-12-19T15:42:33","date_gmt":"2013-12-19T14:42:33","guid":{"rendered":"http:\/\/le-gout-des-autres.net\/WordPress3\/?page_id=160"},"modified":"2022-03-29T10:27:16","modified_gmt":"2022-03-29T08:27:16","slug":"lagneau-de-vincent","status":"publish","type":"page","link":"https:\/\/le-gout-des-autres.net\/WordPress3\/lagneau-de-vincent\/","title":{"rendered":"L&rsquo;agneau de Vincent"},"content":{"rendered":"<p><img loading=\"lazy\" decoding=\"async\" class=\"alignright size-full wp-image-4844\" src=\"http:\/\/le-gout-des-autres.net\/WordPress3\/wp-content\/uploads\/2018\/06\/logo-AB-europeen.jpg\" alt=\"\" width=\"163\" height=\"72\" \/><\/p>\n<p style=\"text-align: left;\" align=\"center\"><b>&#8230; ne se fait pas croquer par le LOUP, mais par nous !<\/b><\/p>\n<p style=\"text-align: left;\" align=\"center\"><a href=\"http:\/\/le-gout-des-autres.net\/WordPress3\/wp-content\/uploads\/2014\/01\/blog-portrait-Vincent-agneau.jpg\"><img loading=\"lazy\" decoding=\"async\" class=\"alignnone size-medium wp-image-450\" src=\"http:\/\/le-gout-des-autres.net\/WordPress3\/wp-content\/uploads\/2014\/01\/blog-portrait-Vincent-agneau-300x248.jpg\" alt=\"blog-portrait-Vincent-agneau\" width=\"300\" height=\"248\" srcset=\"https:\/\/le-gout-des-autres.net\/WordPress3\/wp-content\/uploads\/2014\/01\/blog-portrait-Vincent-agneau-300x248.jpg 300w, https:\/\/le-gout-des-autres.net\/WordPress3\/wp-content\/uploads\/2014\/01\/blog-portrait-Vincent-agneau.jpg 882w\" sizes=\"auto, (max-width: 300px) 100vw, 300px\" \/><\/a><\/p>\n<p><strong>Vincent Mervoyer de L&rsquo;Herm (09)<\/strong> est le papa de charmants petits\u00a0agneaux&#8230;tr\u00e8s bien \u00e9lev\u00e9s dans de grandes prairies herbeuses.<\/p>\n<p>Les brebis p\u00e2turent sur l\u2019herbe en plein air toute l\u2019ann\u00e9e, elles ne sont jamais en bergerie et on peut les compter la nuit pour s&rsquo;endormir.<br \/>\nDe mani\u00e8re naturelle les brebis agnellent en plein air, une fois par an au printemps. Vincent respecte ce cycle des amours.<br \/>\nLa pouss\u00e9e d\u2019herbe fraiche au printemps permet aux mamans d\u2019avoir une bonne production laiti\u00e8re pour nourrir leurs b\u00e9b\u00e9s.<br \/>\nLes agneaux sont sevr\u00e9s quand ils ont environ 3 \u00e0 4 mois, ils mangent alors d\u00e9j\u00e0 de l\u2019herbe et de l\u2019orge bio achet\u00e9 aux producteurs locaux.<br \/>\nL\u2019eau et des pierres \u00e0 l\u00e9cher de sel et d\u2019oligo-\u00e9l\u00e9ments sont \u00e9galement en libre acc\u00e8s pour les brebis et les agneaux.<br \/>\nLes jeunes agneaux m\u00e2les de 6 mois et les jeunes agnelles de 9 mois sont fin pr\u00eats pour un beau voyage du champ \u00e0 votre assiette.<\/p>\n<p>Tout est illustr\u00e9 dans le <a href=\"http:\/\/le-gout-des-autres.net\/WordPress3\/wp-content\/uploads\/2022\/03\/ELEVAGE-Ovin-de-Vincent-Mervoyer-PYRENEES-ARIEGEOISES1.pdf\">document \u00e9crit par Vincent ici<\/a><\/p>\n<p>Vous pouvez commander <strong>des colis d&rsquo;un demi-agneau<\/strong> (7 \u00e0 10 kg, 1 \u00e9paule et 1 gigot), <strong>ou d&rsquo;un agneau entier<\/strong> (14 \u00e0 20 kg, 2 \u00e9paules et 2 gigots).<br \/>\nLes \u00e9paules et gigots peuvent \u00eatre choisis entiers ou tranch\u00e9s, au choix !<br \/>\nLa viande est d\u00e9coup\u00e9e et emball\u00e9e sous vide.<\/p>\n<p>Les colis contiennent tous les morceaux de l&rsquo;agneau : c\u00f4telettes, gigot, \u00e9paule, foie, navarin, collier etc etc<\/p>\n","protected":false},"excerpt":{"rendered":"<p>&#8230; ne se fait pas croquer par le LOUP, mais par nous ! Vincent Mervoyer de L&rsquo;Herm (09) est le papa de charmants petits\u00a0agneaux&#8230;tr\u00e8s bien \u00e9lev\u00e9s dans de grandes prairies herbeuses. Les brebis p\u00e2turent sur l\u2019herbe en plein air toute l\u2019ann\u00e9e, elles ne sont jamais en bergerie et on peut les compter la nuit pour &#8230;<br \/><a class=\"read-more-link btn btn-outline-secondary\" href=\"https:\/\/le-gout-des-autres.net\/WordPress3\/lagneau-de-vincent\/\">Lire la suite<\/a><\/p>\n","protected":false},"author":2,"featured_media":0,"parent":0,"menu_order":0,"comment_status":"closed","ping_status":"closed","template":"","meta":{"footnotes":""},"class_list":["post-160","page","type-page","status-publish","hentry"],"post_mailing_queue_ids":[],"_links":{"self":[{"href":"https:\/\/le-gout-des-autres.net\/WordPress3\/wp-json\/wp\/v2\/pages\/160","targetHints":{"allow":["GET"]}}],"collection":[{"href":"https:\/\/le-gout-des-autres.net\/WordPress3\/wp-json\/wp\/v2\/pages"}],"about":[{"href":"https:\/\/le-gout-des-autres.net\/WordPress3\/wp-json\/wp\/v2\/types\/page"}],"author":[{"embeddable":true,"href":"https:\/\/le-gout-des-autres.net\/WordPress3\/wp-json\/wp\/v2\/users\/2"}],"replies":[{"embeddable":true,"href":"https:\/\/le-gout-des-autres.net\/WordPress3\/wp-json\/wp\/v2\/comments?post=160"}],"version-history":[{"count":12,"href":"https:\/\/le-gout-des-autres.net\/WordPress3\/wp-json\/wp\/v2\/pages\/160\/revisions"}],"predecessor-version":[{"id":6869,"href":"https:\/\/le-gout-des-autres.net\/WordPress3\/wp-json\/wp\/v2\/pages\/160\/revisions\/6869"}],"wp:attachment":[{"href":"https:\/\/le-gout-des-autres.net\/WordPress3\/wp-json\/wp\/v2\/media?parent=160"}],"curies":[{"name":"wp","href":"https:\/\/api.w.org\/{rel}","templated":true}]}}