{"id":152,"date":"2013-12-19T15:26:29","date_gmt":"2013-12-19T14:26:29","guid":{"rendered":"http:\/\/le-gout-des-autres.net\/WordPress3\/?page_id=152"},"modified":"2022-03-25T09:09:01","modified_gmt":"2022-03-25T08:09:01","slug":"jamais-de-pepins-au-vernou","status":"publish","type":"page","link":"https:\/\/le-gout-des-autres.net\/WordPress3\/jamais-de-pepins-au-vernou\/","title":{"rendered":"Jamais de p\u00e9pins au Vernou"},"content":{"rendered":"<p><img loading=\"lazy\" decoding=\"async\" class=\"alignright size-full wp-image-4845\" src=\"http:\/\/le-gout-des-autres.net\/WordPress3\/wp-content\/uploads\/2018\/06\/logo-nature-et-progres.gif\" alt=\"\" width=\"99\" height=\"141\" \/><img loading=\"lazy\" decoding=\"async\" class=\"alignright size-full wp-image-4844\" src=\"http:\/\/le-gout-des-autres.net\/WordPress3\/wp-content\/uploads\/2018\/06\/logo-AB-europeen.jpg\" alt=\"\" width=\"163\" height=\"72\" \/><strong>&#8230; et cerise sur le g\u00e2teau, on y va jamais pour des prunes !<\/strong><\/p>\n<p><a href=\"http:\/\/le-gout-des-autres.net\/WordPress3\/wp-content\/uploads\/2013\/12\/imgres1.jpg\"><img loading=\"lazy\" decoding=\"async\" class=\" size-full wp-image-1230 alignleft\" src=\"http:\/\/le-gout-des-autres.net\/WordPress3\/wp-content\/uploads\/2013\/12\/imgres1.jpg\" alt=\"imgres\" width=\"259\" height=\"194\" \/><\/a><\/p>\n<p><strong>Alex Franck producteur de pommes et autres gourmandises de fruits \u00e0 la <a href=\"http:\/\/www.ferme-vernou.fr\/\" target=\"_blank\" rel=\"noopener noreferrer\">ferme du Vernou<\/a> \u00e0 St Quirc (09)<\/strong><\/p>\n<p><b>Alex a 8 copines-pommes dans son verger<\/b> : les demoiselles Royal Gala, Granny-smith, Chanteclerc, Deltana, Braeburn, Gold-Rush et une grande Dame, un peu plus rustique, la Balzac.<\/p>\n<p>Alex a plant\u00e9 en 2013 des anciennes vari\u00e9t\u00e9s, rustiques donc moins sensibles aux microbes, aux virus, aux champignons, au coups de vent, avec une peau r\u00e9sistante aux gr\u00ealons qui donneront des pommes en&#8230; 2017 ! Eh oui, la p\u00e9riode de gestation d&rsquo;un pommier est de 4 ans ! <i>(Pinova Corail (c&rsquo;est la moins ancienne, elle a 40 ans..c&rsquo;est a dire, tr\u00e8s tr\u00e8s jeune), Calville blanche, Carabille (tr\u00e8s locale : vari\u00e9t\u00e9 s&rsquo;\u00e9panouissant entre Miremont et Saverdun), Reinette de Brive, Reinette clochard, Belle Fille du Salin.)<\/i><\/p>\n<p><b>Alex a aussi une femme, 3 enfants et des poires : <\/b>des vari\u00e9t\u00e9s anciennes et locales : Conf\u00e9rences, Comice, Soldat Laboureur, Beurr\u00e9e mais pas bourr\u00e9e d&rsquo;Aremberg.<br \/>\n<b>des prunes <\/b>reines-claudes<br \/>\n<b>des cerises <\/b>Burlat, Badascony (noires du pays basque), Coralise, Duroni &amp; Summit.<br \/>\n<b>des produits d\u00e9riv\u00e9s :<\/b><\/p>\n<p>Vous trouverez des porte-cl\u00e9s en peau de pommes s\u00e9ch\u00e9es, des posters de toutes les vari\u00e9t\u00e9s, la pomme-pendentif en or, la pomme-boule \u00e0 th\u00e9&#8230;.<\/p>\n<p><strong>Mais surtout :<\/strong><br \/>\n&#8211; des jus de pomme press\u00e9s \u00e0 la ferme,<br \/>\n&#8211; des p\u00e9tillants de jus de pomme<br \/>\n&#8211; de la pur\u00e9e de pomme sans sucre<br \/>\n&#8211; des compotes de pommes avec sucre<br \/>\n&#8211; du vinaigre de cidre<\/p>\n<p><b>Comment croquer la pomme ?<\/b><\/p>\n<p><strong>Pour adh\u00e9rer \u00e0 l\u2019AMAP \u00ab\u00a0POMMES\u00a0\u00bb<\/strong>, allez dans la rubrique Les AMAPs : <a href=\"http:\/\/le-gout-des-autres.net\/WordPress3\/2019\/07\/contrat-amapommes-2019-20\/\" target=\"_blank\" rel=\"noopener noreferrer\">http:\/\/le-gout-des-autres.net\/WordPress3\/2019\/07\/contrat-amapommes-2019-20\/<\/a><\/p>\n<p>La livraison est mensuelle : 7 livraisons entre septembre et mars.<br \/>\n&#8211; une caisse de 5 ou 14 kg de pommes<br \/>\n&#8211; des cubis de 3l de jus de pommes<br \/>\n&#8211; des <span class=\"il\">kiwis<\/span> propos\u00e9s sur 4 livraisons<\/p>\n<p>Les coordinateurs de ce groupe sont Marianne Planche, Yolaine Bessi\u00e8re, Luc Sanchez et Jean-Claude H\u00e9brard.<\/p>\n","protected":false},"excerpt":{"rendered":"<p>&#8230; et cerise sur le g\u00e2teau, on y va jamais pour des prunes ! Alex Franck producteur de pommes et autres gourmandises de fruits \u00e0 la ferme du Vernou \u00e0 St Quirc (09) Alex a 8 copines-pommes dans son verger : les demoiselles Royal Gala, Granny-smith, Chanteclerc, Deltana, Braeburn, Gold-Rush et une grande Dame, un &#8230;<br \/><a class=\"read-more-link btn btn-outline-secondary\" href=\"https:\/\/le-gout-des-autres.net\/WordPress3\/jamais-de-pepins-au-vernou\/\">Lire la suite<\/a><\/p>\n","protected":false},"author":2,"featured_media":0,"parent":0,"menu_order":0,"comment_status":"closed","ping_status":"closed","template":"","meta":{"footnotes":""},"class_list":["post-152","page","type-page","status-publish","hentry"],"post_mailing_queue_ids":[],"_links":{"self":[{"href":"https:\/\/le-gout-des-autres.net\/WordPress3\/wp-json\/wp\/v2\/pages\/152","targetHints":{"allow":["GET"]}}],"collection":[{"href":"https:\/\/le-gout-des-autres.net\/WordPress3\/wp-json\/wp\/v2\/pages"}],"about":[{"href":"https:\/\/le-gout-des-autres.net\/WordPress3\/wp-json\/wp\/v2\/types\/page"}],"author":[{"embeddable":true,"href":"https:\/\/le-gout-des-autres.net\/WordPress3\/wp-json\/wp\/v2\/users\/2"}],"replies":[{"embeddable":true,"href":"https:\/\/le-gout-des-autres.net\/WordPress3\/wp-json\/wp\/v2\/comments?post=152"}],"version-history":[{"count":19,"href":"https:\/\/le-gout-des-autres.net\/WordPress3\/wp-json\/wp\/v2\/pages\/152\/revisions"}],"predecessor-version":[{"id":6017,"href":"https:\/\/le-gout-des-autres.net\/WordPress3\/wp-json\/wp\/v2\/pages\/152\/revisions\/6017"}],"wp:attachment":[{"href":"https:\/\/le-gout-des-autres.net\/WordPress3\/wp-json\/wp\/v2\/media?parent=152"}],"curies":[{"name":"wp","href":"https:\/\/api.w.org\/{rel}","templated":true}]}}