{"id":141,"date":"2013-12-19T15:14:17","date_gmt":"2013-12-19T14:14:17","guid":{"rendered":"http:\/\/le-gout-des-autres.net\/WordPress3\/?page_id=141"},"modified":"2022-03-25T09:08:53","modified_gmt":"2022-03-25T08:08:53","slug":"du-pain-sur-la-planche","status":"publish","type":"page","link":"https:\/\/le-gout-des-autres.net\/WordPress3\/du-pain-sur-la-planche\/","title":{"rendered":"Du pain sur la planche"},"content":{"rendered":"<p><img loading=\"lazy\" decoding=\"async\" class=\"alignright size-full wp-image-4844\" src=\"http:\/\/le-gout-des-autres.net\/WordPress3\/wp-content\/uploads\/2018\/06\/logo-AB-europeen.jpg\" alt=\"\" width=\"163\" height=\"72\" \/><\/p>\n<p style=\"text-align: left;\" align=\"center\"><b>&#8230; pour nos Biquets !<\/b><\/p>\n<p style=\"text-align: left;\" align=\"center\"><strong>Jeanne et Simon Barr\u00e8s du Fournil des Biquets<\/strong><strong> \u00e0 Carla Bayle (09)<\/strong><\/p>\n<p><a href=\"http:\/\/le-gout-des-autres.net\/WordPress3\/wp-content\/uploads\/2014\/01\/Photo-simon.jpg\"><img loading=\"lazy\" decoding=\"async\" class=\"alignnone size-medium wp-image-351\" src=\"http:\/\/le-gout-des-autres.net\/WordPress3\/wp-content\/uploads\/2014\/01\/Photo-simon-201x300.jpg\" alt=\"Photo simon\" width=\"201\" height=\"300\" srcset=\"https:\/\/le-gout-des-autres.net\/WordPress3\/wp-content\/uploads\/2014\/01\/Photo-simon-201x300.jpg 201w, https:\/\/le-gout-des-autres.net\/WordPress3\/wp-content\/uploads\/2014\/01\/Photo-simon.jpg 322w\" sizes=\"auto, (max-width: 201px) 100vw, 201px\" \/><\/a><a href=\"http:\/\/le-gout-des-autres.net\/WordPress3\/wp-content\/uploads\/2014\/01\/Photo-Jeanne.jpg\"><img loading=\"lazy\" decoding=\"async\" class=\"alignnone size-medium wp-image-352\" src=\"http:\/\/le-gout-des-autres.net\/WordPress3\/wp-content\/uploads\/2014\/01\/Photo-Jeanne-300x201.jpg\" alt=\"Photo Jeanne\" width=\"300\" height=\"201\" srcset=\"https:\/\/le-gout-des-autres.net\/WordPress3\/wp-content\/uploads\/2014\/01\/Photo-Jeanne-300x201.jpg 300w, https:\/\/le-gout-des-autres.net\/WordPress3\/wp-content\/uploads\/2014\/01\/Photo-Jeanne.jpg 480w\" sizes=\"auto, (max-width: 300px) 100vw, 300px\" \/><\/a><\/p>\n<p>Le fournil des biquets est install\u00e9 au Carla-Bayle sur la ferme de <a href=\"http:\/\/www.biogis.fr\/bieres-jus-de-pommes-bio-ariege-terres-de-solan\" target=\"_blank\" rel=\"noopener noreferrer\">Terres de Solan<\/a>. Jeanne et Simon sont des paysans-boulangers :<\/p>\n<p>ils s\u00e8ment, bichonnent, moissonnent, p\u00e9trissent, fa\u00e7onnent, cuisent, construisent leur maison en terre-paille et font des b\u00e9b\u00e9s&#8230;<br \/>\nCe sont nos SUPERMANS de la boulange !<\/p>\n<p><strong>Pour adh\u00e9rer \u00e0 l\u2019AMAP<\/strong> \u00ab pain des biquets \u00bb 2020, et d\u00e9guster leur pain aux vari\u00e9t\u00e9s anciennes de bl\u00e9, allez dans la rubrique les AMAPs : <a href=\"http:\/\/le-gout-des-autres.net\/WordPress3\/2019\/11\/nouveau-contrat-de-lamap-pain\/\" target=\"_blank\" rel=\"noopener noreferrer\">http:\/\/le-gout-des-autres.net\/WordPress3\/2019\/11\/nouveau-contrat-de-lamap-pain\/<\/a><\/p>\n<p>La livraison est <strong>hebdomadaire<\/strong> de janvier \u00e0 d\u00e9cembre 2020, avec quelques cong\u00e9s !<\/p>\n<p><b>QUOI commander ?<\/b><\/p>\n<ul>\n<li>Pain des Biquets<\/li>\n<li>Pain aux graines<\/li>\n<li>Pain petit \u00e9peautre<\/li>\n<li>Pain \u00ab\u00a0surprise\u00a0\u00bb<\/li>\n<li>De la farine de bl\u00e9<\/li>\n<\/ul>\n<p><strong>O\u00d9 ?<\/strong><\/p>\n<p>Votre pain sera d\u00e9pos\u00e9 dans un tiroir \u00e0 votre nom de l&rsquo;une des 3 armoires m\u00e9talliques.<\/p>\n<p>Les coordinatrices de ce groupe sont <strong>Ginette, Marine et Sandrine<\/strong>.<\/p>\n","protected":false},"excerpt":{"rendered":"<p>&#8230; pour nos Biquets ! Jeanne et Simon Barr\u00e8s du Fournil des Biquets \u00e0 Carla Bayle (09) Le fournil des biquets est install\u00e9 au Carla-Bayle sur la ferme de Terres de Solan. Jeanne et Simon sont des paysans-boulangers : ils s\u00e8ment, bichonnent, moissonnent, p\u00e9trissent, fa\u00e7onnent, cuisent, construisent leur maison en terre-paille et font des b\u00e9b\u00e9s&#8230; &#8230;<br \/><a class=\"read-more-link btn btn-outline-secondary\" href=\"https:\/\/le-gout-des-autres.net\/WordPress3\/du-pain-sur-la-planche\/\">Lire la suite<\/a><\/p>\n","protected":false},"author":2,"featured_media":0,"parent":0,"menu_order":0,"comment_status":"closed","ping_status":"closed","template":"","meta":{"footnotes":""},"class_list":["post-141","page","type-page","status-publish","hentry"],"post_mailing_queue_ids":[],"_links":{"self":[{"href":"https:\/\/le-gout-des-autres.net\/WordPress3\/wp-json\/wp\/v2\/pages\/141","targetHints":{"allow":["GET"]}}],"collection":[{"href":"https:\/\/le-gout-des-autres.net\/WordPress3\/wp-json\/wp\/v2\/pages"}],"about":[{"href":"https:\/\/le-gout-des-autres.net\/WordPress3\/wp-json\/wp\/v2\/types\/page"}],"author":[{"embeddable":true,"href":"https:\/\/le-gout-des-autres.net\/WordPress3\/wp-json\/wp\/v2\/users\/2"}],"replies":[{"embeddable":true,"href":"https:\/\/le-gout-des-autres.net\/WordPress3\/wp-json\/wp\/v2\/comments?post=141"}],"version-history":[{"count":20,"href":"https:\/\/le-gout-des-autres.net\/WordPress3\/wp-json\/wp\/v2\/pages\/141\/revisions"}],"predecessor-version":[{"id":6015,"href":"https:\/\/le-gout-des-autres.net\/WordPress3\/wp-json\/wp\/v2\/pages\/141\/revisions\/6015"}],"wp:attachment":[{"href":"https:\/\/le-gout-des-autres.net\/WordPress3\/wp-json\/wp\/v2\/media?parent=141"}],"curies":[{"name":"wp","href":"https:\/\/api.w.org\/{rel}","templated":true}]}}