{"id":137,"date":"2013-12-19T15:08:34","date_gmt":"2013-12-19T14:08:34","guid":{"rendered":"http:\/\/le-gout-des-autres.net\/WordPress3\/?page_id=137"},"modified":"2022-03-25T09:08:49","modified_gmt":"2022-03-25T08:08:49","slug":"une-valse-de-legumes-sans-sucre-rajoute","status":"publish","type":"page","link":"https:\/\/le-gout-des-autres.net\/WordPress3\/une-valse-de-legumes-sans-sucre-rajoute\/","title":{"rendered":"Une valse de l\u00e9gumes"},"content":{"rendered":"<p><img loading=\"lazy\" decoding=\"async\" src=\"http:\/\/le-gout-des-autres.net\/WordPress3\/wp-content\/uploads\/2018\/06\/logo-AB-europeen.jpg\" alt=\"\" width=\"163\" height=\"72\" class=\"alignright size-full wp-image-4844\" \/><\/p>\n<p style=\"text-align: left;\" align=\"center\"><b><a href=\"http:\/\/le-gout-des-autres.net\/WordPress3\/wp-content\/uploads\/2013\/12\/pierre-besse-300x225-f2b16.jpg\"><img loading=\"lazy\" decoding=\"async\" class=\" size-medium wp-image-1227 alignleft\" src=\"http:\/\/le-gout-des-autres.net\/WordPress3\/wp-content\/uploads\/2013\/12\/pierre-besse-300x225-f2b16-300x225.jpg\" alt=\"pierre-besse-300x225-f2b16\" width=\"300\" height=\"225\" \/><\/a>&#8230; sans sucre rajout\u00e9 !<br \/>\n<\/b><\/p>\n<p style=\"text-align: left;\" align=\"center\"><b>Nicole et Pierre Besse \u00e0 Lagardelle sur L\u00e8ze (31), l&rsquo;AMAP de la digue<\/b><\/p>\n<p>Si vous venez sous le hangar, vous avez d\u00e9j\u00e0 rencontr\u00e9 nos beaux paysans !<\/p>\n<p>C&rsquo;est facile de les reconna\u00eetre :<\/p>\n<p>Nicole cherche souvent des cartons, parle \u00e0 ses l\u00e9gumes et aime toujours vous faire plaisir et Pierre vous accueille les pieds nus.<\/p>\n<p>Et il s&rsquo;en passe des choses sous le hangar :<\/p>\n<p>&#8211;\u00a0\u00a0\u00a0\u00a0 des carottes toutes propres vous font de l&rsquo;\u0153il !<\/p>\n<p>&#8211;\u00a0\u00a0\u00a0\u00a0 les choux font la roue !<\/p>\n<p>&#8211;\u00a0\u00a0\u00a0\u00a0 les adh\u00e9rents arrivent les mains vides et repartent toujours les mains pleines et quelque fois aussi la bouche pleine !<\/p>\n<p>&#8211;\u00a0\u00a0\u00a0\u00a0 les producteurs d\u00e9filent sur les podiums !<\/p>\n<p>&#8211;\u00a0\u00a0\u00a0\u00a0 les brebis apprennent \u00e0 nager en p\u00e9riode de crues !<\/p>\n<p>Le contrat AMAP de la Digue s&rsquo;\u00e9tend de la p\u00e9riode de d\u00e9but juin \u00e0 d\u00e9but janvier mais il vous faut vous inscrire sur la liste d&rsquo;attente car on ne les quitte pas si facilement !<\/p>\n<p>Vous pouvez peut-\u00eatre commettre un p&rsquo;tit crime en assommant un amapien avec un chou romanesco pour avoir une place plus vite ! Mais soyez discret, \u00e7a ne se fait pas trop ce genre de choses !<\/p>\n<p><b>Pour tout savoir : <\/b>allez dans la rubrique Contrat AMAP : <a href=\"http:\/\/le-gout-des-autres.net\/WordPress3\/2014\/06\/amap-legumes\/\">http:\/\/le-gout-des-autres.net\/WordPress3\/2014\/06\/amap-legumes\/<\/a><b><br \/>\n<\/b><\/p>\n<p>&nbsp;<\/p>\n","protected":false},"excerpt":{"rendered":"<p>&#8230; sans sucre rajout\u00e9 ! Nicole et Pierre Besse \u00e0 Lagardelle sur L\u00e8ze (31), l&rsquo;AMAP de la digue Si vous venez sous le hangar, vous avez d\u00e9j\u00e0 rencontr\u00e9 nos beaux paysans ! C&rsquo;est facile de les reconna\u00eetre : Nicole cherche souvent des cartons, parle \u00e0 ses l\u00e9gumes et aime toujours vous faire plaisir et Pierre &#8230;<br \/><a class=\"read-more-link btn btn-outline-secondary\" href=\"https:\/\/le-gout-des-autres.net\/WordPress3\/une-valse-de-legumes-sans-sucre-rajoute\/\">Lire la suite<\/a><\/p>\n","protected":false},"author":2,"featured_media":0,"parent":0,"menu_order":0,"comment_status":"closed","ping_status":"closed","template":"","meta":{"footnotes":""},"class_list":["post-137","page","type-page","status-publish","hentry"],"post_mailing_queue_ids":[],"_links":{"self":[{"href":"https:\/\/le-gout-des-autres.net\/WordPress3\/wp-json\/wp\/v2\/pages\/137","targetHints":{"allow":["GET"]}}],"collection":[{"href":"https:\/\/le-gout-des-autres.net\/WordPress3\/wp-json\/wp\/v2\/pages"}],"about":[{"href":"https:\/\/le-gout-des-autres.net\/WordPress3\/wp-json\/wp\/v2\/types\/page"}],"author":[{"embeddable":true,"href":"https:\/\/le-gout-des-autres.net\/WordPress3\/wp-json\/wp\/v2\/users\/2"}],"replies":[{"embeddable":true,"href":"https:\/\/le-gout-des-autres.net\/WordPress3\/wp-json\/wp\/v2\/comments?post=137"}],"version-history":[{"count":14,"href":"https:\/\/le-gout-des-autres.net\/WordPress3\/wp-json\/wp\/v2\/pages\/137\/revisions"}],"predecessor-version":[{"id":4846,"href":"https:\/\/le-gout-des-autres.net\/WordPress3\/wp-json\/wp\/v2\/pages\/137\/revisions\/4846"}],"wp:attachment":[{"href":"https:\/\/le-gout-des-autres.net\/WordPress3\/wp-json\/wp\/v2\/media?parent=137"}],"curies":[{"name":"wp","href":"https:\/\/api.w.org\/{rel}","templated":true}]}}