{"id":1181,"date":"2015-03-05T11:49:56","date_gmt":"2015-03-05T10:49:56","guid":{"rendered":"http:\/\/le-gout-des-autres.net\/WordPress3\/?page_id=1181"},"modified":"2022-03-25T09:10:04","modified_gmt":"2022-03-25T08:10:04","slug":"lune-de-miel","status":"publish","type":"page","link":"https:\/\/le-gout-des-autres.net\/WordPress3\/lune-de-miel\/","title":{"rendered":"Lune de MIEL"},"content":{"rendered":"<p><img loading=\"lazy\" decoding=\"async\" class=\"alignright size-medium wp-image-4922\" src=\"http:\/\/le-gout-des-autres.net\/WordPress3\/wp-content\/uploads\/2018\/06\/label-produit-de-montagne-300x279.jpg\" alt=\"\" width=\"300\" height=\"279\" srcset=\"https:\/\/le-gout-des-autres.net\/WordPress3\/wp-content\/uploads\/2018\/06\/label-produit-de-montagne-300x279.jpg 300w, https:\/\/le-gout-des-autres.net\/WordPress3\/wp-content\/uploads\/2018\/06\/label-produit-de-montagne.jpg 645w\" sizes=\"auto, (max-width: 300px) 100vw, 300px\" \/><img loading=\"lazy\" decoding=\"async\" class=\" size-medium wp-image-1220 alignleft\" src=\"http:\/\/le-gout-des-autres.net\/WordPress3\/wp-content\/uploads\/2015\/03\/miel-300x252.jpg\" alt=\"miel\" width=\"300\" height=\"252\" srcset=\"https:\/\/le-gout-des-autres.net\/WordPress3\/wp-content\/uploads\/2015\/03\/miel-300x252.jpg 300w, https:\/\/le-gout-des-autres.net\/WordPress3\/wp-content\/uploads\/2015\/03\/miel.jpg 419w\" sizes=\"auto, (max-width: 300px) 100vw, 300px\" \/>Olivier Galache habite avec sa famille et ses abeilles dans les Hautes-Pyr\u00e9n\u00e9es \u00e0 Poumarous.<\/p>\n<p><strong><span style=\"text-decoration: underline;\">Il \u00e9tait une fois&#8230;.<\/span><\/strong><\/p>\n<p>Tout est de la faute \u00e0 Papi! ou alors de celui, ou celle, qui, un jour, m&rsquo;a emmen\u00e9 assister \u00e0 l&rsquo;extraction du pr\u00e9cieux butin dans la miellerie de mon grand-p\u00e8re. C&rsquo;\u00e9tait bon, \u00e7a sentait bon, et des ann\u00e9es apr\u00e8s, lorsque \u00ab\u00a0Papito\u00a0\u00bb d\u00e9cr\u00e9ta que ses ruches \u00e9taient devenues trop lourdes, une effluve rest\u00e9e coinc\u00e9e par l\u00e0, dans mon cerveau de jeunot de 17 ans, fit que je me proposais de poursuivre l&rsquo;aventure.<\/p>\n<p>Aujourd&rsquo;hui, et plus d&rsquo;une d\u00e9cennie apr\u00e8s, je n&rsquo;ai toujours pas fini le tour de l&rsquo;abeille, de sa colonie, de la flore qui la fait vivre (et vive-versa), de la qualit\u00e9 de ses produits, de la meilleure mani\u00e8re de l&rsquo;accompagner. Finalement, le tout agr\u00e9ment\u00e9 d&rsquo;un zeste de grand air a fait que je me suis investi dans l&rsquo;apiculture \u00e0 un niveau l\u00e9g\u00e8rement plus haut que pr\u00e9vu. M&rsquo;\u00e9loignant de plus d&rsquo;un battement d&rsquo;aile des sentiers trac\u00e9s par ma formation universitaire et de la logique qui aurait d\u00fb lui succ\u00e9der.<\/p>\n<p>Et il eurent beaucoup d&rsquo;enfants :<\/p>\n<ul>\n<li><a href=\"http:\/\/labeilleraie.free.fr\/index.php\/le-miel\/lien-miel-de-pissenlit\" target=\"_blank\" rel=\"noopener noreferrer\">miel de pissenlit<\/a><\/li>\n<li><a href=\"http:\/\/labeilleraie.free.fr\/index.php\/le-miel\/8\" target=\"_blank\" rel=\"noopener noreferrer\">miel d&rsquo;acacia<\/a><\/li>\n<li><a href=\"http:\/\/labeilleraie.free.fr\/index.php\/le-miel\/9\" target=\"_blank\" rel=\"noopener noreferrer\">miel de tilleul<\/a><\/li>\n<li><a href=\"http:\/\/labeilleraie.free.fr\/index.php\/le-miel\/miel-de-rhododendron\" target=\"_blank\" rel=\"noopener noreferrer\">miel de rhododendron<\/a><\/li>\n<li><a href=\"http:\/\/labeilleraie.free.fr\/index.php\/le-miel\/le-miel-de-bruyere-callune\" target=\"_blank\" rel=\"noopener noreferrer\">miel de bruy\u00e8re callune<\/a><\/li>\n<li><a href=\"http:\/\/labeilleraie.free.fr\/index.php\/le-miel\/le-miel-mille-fleurs\" target=\"_blank\" rel=\"noopener noreferrer\">miel \u00ab\u00a0mille fleurs\u00a0\u00bb<\/a><\/li>\n<li><a href=\"http:\/\/labeilleraie.free.fr\/index.php\/le-miel\/le-miel-des-bois\" target=\"_blank\" rel=\"noopener noreferrer\">miel \u00ab\u00a0des bois\u00a0\u00bb<\/a> que j&rsquo;aurais aussi pu nommer miel \u00ab\u00a0de for\u00eat\u00a0\u00bb<\/li>\n<\/ul>\n<p>Tous les d\u00e9tails sur le site <a href=\"http:\/\/labeilleraie.free.fr\/\" target=\"_blank\" rel=\"noopener noreferrer\">labeilleraie.free.fr<\/a><\/p>\n","protected":false},"excerpt":{"rendered":"<p>Olivier Galache habite avec sa famille et ses abeilles dans les Hautes-Pyr\u00e9n\u00e9es \u00e0 Poumarous. Il \u00e9tait une fois&#8230;. Tout est de la faute \u00e0 Papi! ou alors de celui, ou celle, qui, un jour, m&rsquo;a emmen\u00e9 assister \u00e0 l&rsquo;extraction du pr\u00e9cieux butin dans la miellerie de mon grand-p\u00e8re. C&rsquo;\u00e9tait bon, \u00e7a sentait bon, et des &#8230;<br \/><a class=\"read-more-link btn btn-outline-secondary\" href=\"https:\/\/le-gout-des-autres.net\/WordPress3\/lune-de-miel\/\">Lire la suite<\/a><\/p>\n","protected":false},"author":4,"featured_media":0,"parent":0,"menu_order":0,"comment_status":"closed","ping_status":"closed","template":"","meta":{"footnotes":""},"class_list":["post-1181","page","type-page","status-publish","hentry"],"post_mailing_queue_ids":[],"_links":{"self":[{"href":"https:\/\/le-gout-des-autres.net\/WordPress3\/wp-json\/wp\/v2\/pages\/1181","targetHints":{"allow":["GET"]}}],"collection":[{"href":"https:\/\/le-gout-des-autres.net\/WordPress3\/wp-json\/wp\/v2\/pages"}],"about":[{"href":"https:\/\/le-gout-des-autres.net\/WordPress3\/wp-json\/wp\/v2\/types\/page"}],"author":[{"embeddable":true,"href":"https:\/\/le-gout-des-autres.net\/WordPress3\/wp-json\/wp\/v2\/users\/4"}],"replies":[{"embeddable":true,"href":"https:\/\/le-gout-des-autres.net\/WordPress3\/wp-json\/wp\/v2\/comments?post=1181"}],"version-history":[{"count":7,"href":"https:\/\/le-gout-des-autres.net\/WordPress3\/wp-json\/wp\/v2\/pages\/1181\/revisions"}],"predecessor-version":[{"id":6087,"href":"https:\/\/le-gout-des-autres.net\/WordPress3\/wp-json\/wp\/v2\/pages\/1181\/revisions\/6087"}],"wp:attachment":[{"href":"https:\/\/le-gout-des-autres.net\/WordPress3\/wp-json\/wp\/v2\/media?parent=1181"}],"curies":[{"name":"wp","href":"https:\/\/api.w.org\/{rel}","templated":true}]}}