{"id":1176,"date":"2015-03-05T11:41:22","date_gmt":"2015-03-05T10:41:22","guid":{"rendered":"http:\/\/le-gout-des-autres.net\/WordPress3\/?page_id=1176"},"modified":"2024-10-28T16:10:36","modified_gmt":"2024-10-28T15:10:36","slug":"de-douces-patates","status":"publish","type":"page","link":"https:\/\/le-gout-des-autres.net\/WordPress3\/de-douces-patates\/","title":{"rendered":"De douces Patates"},"content":{"rendered":"<p>Anne-Marie et Dominique ont un BON PLANT de Patates douces de la famille des <a title=\"Convolvulaceae\" href=\"https:\/\/fr.wikipedia.org\/wiki\/Convolvulaceae\">convolvulac\u00e9es<\/a> !<\/p>\n<p>Depuis plusieurs ann\u00e9es, ils cultivent\u00a0des patates douces en plein champ : 1\/2 hectare avec plus de 3000 plants. Ils sont ainsi les premiers producteurs Ari\u00e9geois de ce tubercule, \u00a0et sans intrants chimiques. Ils produisent leurs boutures \u00e0 partir de patates r\u00e9colt\u00e9es les ann\u00e9es pr\u00e9c\u00e9dentes.<\/p>\n<p>Il existe des patates douces jaunes, oranges, blanches<a href=\"http:\/\/le-gout-des-autres.net\/WordPress3\/wp-content\/uploads\/2015\/03\/patate-doucemini.jpg\"><img loading=\"lazy\" decoding=\"async\" class=\" size-full wp-image-2127 alignleft\" src=\"http:\/\/le-gout-des-autres.net\/WordPress3\/wp-content\/uploads\/2015\/03\/patate-doucemini.jpg\" alt=\"patate-doucemini\" width=\"200\" height=\"246\" \/><\/a>\u00a0qui ont germ\u00e9s et grandit \u00e0 Saverdun.<\/p>\n<p>C&rsquo;est plus qu&rsquo;un jardin, c&rsquo;est un centre d&rsquo;exp\u00e9rimentation !<\/p>\n<p>Les reines du jardins sont :\u00a0Beauregarde \/\u00a0Bonita \/\u00a0Cobra<a class=\"info\" href=\"http:\/\/www.bonplant.fr\/patate%20douce.html#\">\u00a0<\/a>( chair blanche tr\u00e8s tendre) \/ Murasaki (gout chataigne) \/ Evengelina\u00a0( la chair la plus orang\u00e9e)<\/p>\n<p>Crystal White\u00a0(ancienne vari\u00e9t\u00e9 am\u00e9ricaine) \/ \u00a0Envy \/\u00a0Ivis white cream<\/p>\n<p><span style=\"line-height: 1.5;\">Anne-Marie et\/ou Dominique seront\u00a0sous le hangar tous les mois\u00a0quand c&rsquo;est la saison \u00ab\u00a0patates\u00a0\u00bb ! d&rsquo;octobre \u00e0 mars.<\/span><\/p>\n<p>Il faut savoir que la patate douce se conserve 6 mois au sec \u00e0 une temp\u00e9rature comprise entre 15 et 20\u00b0C.<\/p>\n<p><span style=\"line-height: 1.5;\">Pour en savoir plus, <\/span><a style=\"line-height: 1.5;\" href=\"http:\/\/www.bonplant.fr\/patate%20douce.html\" target=\"_blank\" rel=\"noopener noreferrer\">cliquez ici<\/a><\/p>\n<p>Les feuilles se mangent aussi (article de Dominique Per)<\/p>\n\n\n<figure class=\"wp-block-image size-large\"><a href=\"https:\/\/le-gout-des-autres.net\/WordPress3\/wp-content\/uploads\/2024\/10\/Feuille-patate-douce.jpg\"><img loading=\"lazy\" decoding=\"async\" width=\"1024\" height=\"1018\" src=\"https:\/\/le-gout-des-autres.net\/WordPress3\/wp-content\/uploads\/2024\/10\/Feuille-patate-douce-1024x1018.jpg\" alt=\"\" class=\"wp-image-8449\" srcset=\"https:\/\/le-gout-des-autres.net\/WordPress3\/wp-content\/uploads\/2024\/10\/Feuille-patate-douce-1024x1018.jpg 1024w, https:\/\/le-gout-des-autres.net\/WordPress3\/wp-content\/uploads\/2024\/10\/Feuille-patate-douce-300x298.jpg 300w, https:\/\/le-gout-des-autres.net\/WordPress3\/wp-content\/uploads\/2024\/10\/Feuille-patate-douce-150x150.jpg 150w, https:\/\/le-gout-des-autres.net\/WordPress3\/wp-content\/uploads\/2024\/10\/Feuille-patate-douce-768x763.jpg 768w, https:\/\/le-gout-des-autres.net\/WordPress3\/wp-content\/uploads\/2024\/10\/Feuille-patate-douce-1536x1526.jpg 1536w, https:\/\/le-gout-des-autres.net\/WordPress3\/wp-content\/uploads\/2024\/10\/Feuille-patate-douce.jpg 1610w\" sizes=\"auto, (max-width: 1024px) 100vw, 1024px\" \/><\/a><\/figure>\n","protected":false},"excerpt":{"rendered":"<p>Anne-Marie et Dominique ont un BON PLANT de Patates douces de la famille des convolvulac\u00e9es ! Depuis plusieurs ann\u00e9es, ils cultivent\u00a0des patates douces en plein champ : 1\/2 hectare avec plus de 3000 plants. Ils sont ainsi les premiers producteurs Ari\u00e9geois de ce tubercule, \u00a0et sans intrants chimiques. Ils produisent leurs boutures \u00e0 partir de &#8230;<br \/><a class=\"read-more-link btn btn-outline-secondary\" href=\"https:\/\/le-gout-des-autres.net\/WordPress3\/de-douces-patates\/\">Lire la suite<\/a><\/p>\n","protected":false},"author":4,"featured_media":0,"parent":0,"menu_order":0,"comment_status":"closed","ping_status":"closed","template":"","meta":{"footnotes":""},"class_list":["post-1176","page","type-page","status-publish","hentry"],"post_mailing_queue_ids":[],"_links":{"self":[{"href":"https:\/\/le-gout-des-autres.net\/WordPress3\/wp-json\/wp\/v2\/pages\/1176","targetHints":{"allow":["GET"]}}],"collection":[{"href":"https:\/\/le-gout-des-autres.net\/WordPress3\/wp-json\/wp\/v2\/pages"}],"about":[{"href":"https:\/\/le-gout-des-autres.net\/WordPress3\/wp-json\/wp\/v2\/types\/page"}],"author":[{"embeddable":true,"href":"https:\/\/le-gout-des-autres.net\/WordPress3\/wp-json\/wp\/v2\/users\/4"}],"replies":[{"embeddable":true,"href":"https:\/\/le-gout-des-autres.net\/WordPress3\/wp-json\/wp\/v2\/comments?post=1176"}],"version-history":[{"count":11,"href":"https:\/\/le-gout-des-autres.net\/WordPress3\/wp-json\/wp\/v2\/pages\/1176\/revisions"}],"predecessor-version":[{"id":8450,"href":"https:\/\/le-gout-des-autres.net\/WordPress3\/wp-json\/wp\/v2\/pages\/1176\/revisions\/8450"}],"wp:attachment":[{"href":"https:\/\/le-gout-des-autres.net\/WordPress3\/wp-json\/wp\/v2\/media?parent=1176"}],"curies":[{"name":"wp","href":"https:\/\/api.w.org\/{rel}","templated":true}]}}